{"id":4046,"date":"2022-03-08T09:29:40","date_gmt":"2022-03-08T09:29:40","guid":{"rendered":"https:\/\/burckhardtlaw.com\/?page_id=4046"},"modified":"2023-01-17T11:05:10","modified_gmt":"2023-01-17T11:05:10","slug":"impressum","status":"publish","type":"page","link":"https:\/\/www.burckhardtlaw.com\/fr\/impressum\/","title":{"rendered":"5.0 Mentions l\u00e9gales"},"content":{"rendered":"<div class=\"wpb-content-wrapper\"><p>[vc_row][vc_column width=\u00a0\u00bb1\/1&Prime;][vc_column_text uncode_shortcode_id=\u00a0\u00bb287407&Prime;]<\/p>\n<h1>Mentions l\u00e9gales<\/h1>\n<h2>Op\u00e9rateur du site<\/h2>\n<p>burckhardt AG<br \/>\nSteinentorstrasse 23,<br \/>\nC.P. 258, CH-4010 B\u00e2le<br \/>\n+41 58 881 01 01<br \/>\n<a class=\"regular\" href=\"mailto:info@burckhardtlaw.com\">info@burckhardtlaw.com<\/a><\/p>\n<h2>Contact<\/h2>\n<p>burckhardt AG<br \/>\nSteinentorstrasse 23,<br \/>\nC.P. 258, CH-4010 B\u00e2le<br \/>\n+41 58 881 01 01<br \/>\n<a class=\"regular\" href=\"mailto:info@burckhardtlaw.com\">info@burckhardtlaw.com<\/a><\/p>\n<h2>Contenu<\/h2>\n<p>burckhardt SA ne prend en charge aucune garantie sur les sujets, la validit\u00e9, l\u2019int\u00e9gralit\u00e9 ou la qualit\u00e9 des informations fournies. Toute action en responsabilit\u00e9 civile concernant des dommages caus\u00e9s par l\u2019usage d\u2019information fournie ou l\u2019usage d\u2019information incompl\u00e8te ou incorrecte sera rejet\u00e9e. Toute offre est sans obligation et n\u2019entraine aucun engagement. burckhardt SA se r\u00e9serve le droit de modifier, compl\u00e9ter ou supprimer partiellement ou int\u00e9gralement toutes publications, offres ou informations faites sur ce site, sans notification pr\u00e9alable.<\/p>\n<h2>Renvois et liens<\/h2>\n<p>burckhardt SA n\u2019est pas responsable du contenu auquel ces pages se r\u00e9f\u00e8rent ou renvoient, ceci inclus les liens aupr\u00e8s d\u2019autres soci\u00e9t\u00e9s sauf dans les cas o\u00f9 burckhardt SA aurait pleine connaissance du contenu ill\u00e9gal et serait capable d\u2019emp\u00eacher les visiteurs d\u2019y acc\u00e9der. Seul burckhardt SA en tant qu\u2019auteur des pages correspondantes et non celui qui n\u2019a pr\u00e9vu que le lien peut \u00eatre tenu pour responsable du dommage caus\u00e9 par l\u2019usage de ces informations. En outre, burckhardt SA n\u2019est pas responsable des inscriptions et messages publi\u00e9s par les utilisateurs de forums de discussion, de livres d\u2019h\u00f4tes ou de listes d\u2019adresses fournies sur ces pages.<\/p>\n<h2>Droit d&rsquo;auteur<\/h2>\n<p>burckhardt SA n\u2019avait pas l\u2019intention d\u2019utiliser des informations prot\u00e9g\u00e9es par des droits d\u2019auteur pour cette publication. Si tel est le cas, burckhardt a indiqu\u00e9 le droit de publication de l\u2019information correspondante. Tout droit d\u2019auteur cr\u00e9e par cette publication est r\u00e9serv\u00e9. Toute duplication ou tout usage de ces graphiques ou textes dans d\u2019autres publications \u00e9lectroniques ou imprim\u00e9es sont interdits sans le consentement \u00e9crit pr\u00e9alable de burckhardt SA.<\/p>\n<h2>Validit\u00e9 de cette exclusion de responsabilit\u00e9<\/h2>\n<p>Cette exclusion de responsabilit\u00e9 fait partie int\u00e9grante de la pr\u00e9sente publication sur internet. Si des parties et termes sp\u00e9cifiques de cette d\u00e9claration sont contraires \u00e0 la Loi applicable ou incorrectes, cela ne porte pas sur le contenu ou la validit\u00e9 des autres parties.[\/vc_column_text][\/vc_column][\/vc_row]<\/p>\n<\/div>","protected":false},"excerpt":{"rendered":"<p>[vc_row][vc_column width=\u00a0\u00bb1\/1&Prime;][vc_column_text uncode_shortcode_id=\u00a0\u00bb287407&Prime;] Mentions l\u00e9gales Op\u00e9rateur du site burckhardt AG Steinentorstrasse 23, C.P. 258, CH-4010 B\u00e2le +41 58 881 01 [&hellip;]<\/p>\n","protected":false},"author":25,"featured_media":0,"parent":0,"menu_order":800,"comment_status":"closed","ping_status":"closed","template":"","meta":{"_acf_changed":false,"footnotes":""},"class_list":["post-4046","page","type-page","status-publish","hentry"],"acf":[],"yoast_head":"<!-- This site is optimized with the Yoast SEO plugin v27.4 - https:\/\/yoast.com\/product\/yoast-seo-wordpress\/ -->\n<title>burckhardt AG AG - Mentions l\u00e9gales<\/title>\n<meta name=\"robots\" content=\"noindex, nofollow\" \/>\n<meta property=\"og:locale\" content=\"fr_FR\" \/>\n<meta property=\"og:type\" content=\"article\" \/>\n<meta property=\"og:title\" content=\"burckhardt AG AG - Mentions l\u00e9gales\" \/>\n<meta property=\"og:description\" content=\"[vc_row][vc_column width=\u00a0\u00bb1\/1&Prime;][vc_column_text uncode_shortcode_id=\u00a0\u00bb287407&Prime;] Mentions l\u00e9gales Op\u00e9rateur du site burckhardt AG Steinentorstrasse 23, C.P. 258, CH-4010 B\u00e2le +41 58 881 01 [&hellip;]\" \/>\n<meta property=\"og:url\" content=\"https:\/\/www.burckhardtlaw.com\/fr\/impressum\/\" \/>\n<meta property=\"og:site_name\" content=\"burckhardt AG\" \/>\n<meta property=\"article:modified_time\" content=\"2023-01-17T11:05:10+00:00\" \/>\n<meta name=\"twitter:card\" content=\"summary_large_image\" \/>\n<meta name=\"twitter:label1\" content=\"Dur\u00e9e de lecture estim\u00e9e\" \/>\n\t<meta name=\"twitter:data1\" content=\"2 minutes\" \/>\n<script type=\"application\/ld+json\" class=\"yoast-schema-graph\">{\"@context\":\"https:\\\/\\\/schema.org\",\"@graph\":[{\"@type\":\"WebPage\",\"@id\":\"https:\\\/\\\/www.burckhardtlaw.com\\\/fr\\\/impressum\\\/\",\"url\":\"https:\\\/\\\/www.burckhardtlaw.com\\\/fr\\\/impressum\\\/\",\"name\":\"burckhardt AG AG - Mentions l\u00e9gales\",\"isPartOf\":{\"@id\":\"https:\\\/\\\/burckhardtlaw.com\\\/#website\"},\"datePublished\":\"2022-03-08T09:29:40+00:00\",\"dateModified\":\"2023-01-17T11:05:10+00:00\",\"breadcrumb\":{\"@id\":\"https:\\\/\\\/www.burckhardtlaw.com\\\/fr\\\/impressum\\\/#breadcrumb\"},\"inLanguage\":\"fr-FR\",\"potentialAction\":[{\"@type\":\"ReadAction\",\"target\":[\"https:\\\/\\\/www.burckhardtlaw.com\\\/fr\\\/impressum\\\/\"]}]},{\"@type\":\"BreadcrumbList\",\"@id\":\"https:\\\/\\\/www.burckhardtlaw.com\\\/fr\\\/impressum\\\/#breadcrumb\",\"itemListElement\":[{\"@type\":\"ListItem\",\"position\":1,\"name\":\"Startseite\",\"item\":\"https:\\\/\\\/www.burckhardtlaw.com\\\/fr\\\/\"},{\"@type\":\"ListItem\",\"position\":2,\"name\":\"5.0 Mentions l\u00e9gales\"}]},{\"@type\":\"WebSite\",\"@id\":\"https:\\\/\\\/burckhardtlaw.com\\\/#website\",\"url\":\"https:\\\/\\\/burckhardtlaw.com\\\/\",\"name\":\"burckhardt AG\",\"description\":\"Notare. Anw\u00e4lte. Steuerexperten.\",\"publisher\":{\"@id\":\"https:\\\/\\\/burckhardtlaw.com\\\/#organization\"},\"potentialAction\":[{\"@type\":\"SearchAction\",\"target\":{\"@type\":\"EntryPoint\",\"urlTemplate\":\"https:\\\/\\\/burckhardtlaw.com\\\/?s={search_term_string}\"},\"query-input\":{\"@type\":\"PropertyValueSpecification\",\"valueRequired\":true,\"valueName\":\"search_term_string\"}}],\"inLanguage\":\"fr-FR\"},{\"@type\":\"Organization\",\"@id\":\"https:\\\/\\\/burckhardtlaw.com\\\/#organization\",\"name\":\"burckhardt AG\",\"url\":\"https:\\\/\\\/burckhardtlaw.com\\\/\",\"logo\":{\"@type\":\"ImageObject\",\"inLanguage\":\"fr-FR\",\"@id\":\"https:\\\/\\\/burckhardtlaw.com\\\/#\\\/schema\\\/logo\\\/image\\\/\",\"url\":\"https:\\\/\\\/www.burckhardtlaw.com\\\/wp-content\\\/uploads\\\/2022\\\/05\\\/burckhardt-Logo_blue_rgb-no-padding.png\",\"contentUrl\":\"https:\\\/\\\/www.burckhardtlaw.com\\\/wp-content\\\/uploads\\\/2022\\\/05\\\/burckhardt-Logo_blue_rgb-no-padding.png\",\"width\":800,\"height\":185,\"caption\":\"burckhardt AG\"},\"image\":{\"@id\":\"https:\\\/\\\/burckhardtlaw.com\\\/#\\\/schema\\\/logo\\\/image\\\/\"}}]}<\/script>\n<!-- \/ Yoast SEO plugin. -->","yoast_head_json":{"title":"burckhardt AG AG - Mentions l\u00e9gales","robots":{"index":"noindex","follow":"nofollow"},"og_locale":"fr_FR","og_type":"article","og_title":"burckhardt AG AG - Mentions l\u00e9gales","og_description":"[vc_row][vc_column width=\u00a0\u00bb1\/1&Prime;][vc_column_text uncode_shortcode_id=\u00a0\u00bb287407&Prime;] Mentions l\u00e9gales Op\u00e9rateur du site burckhardt AG Steinentorstrasse 23, C.P. 258, CH-4010 B\u00e2le +41 58 881 01 [&hellip;]","og_url":"https:\/\/www.burckhardtlaw.com\/fr\/impressum\/","og_site_name":"burckhardt AG","article_modified_time":"2023-01-17T11:05:10+00:00","twitter_card":"summary_large_image","twitter_misc":{"Dur\u00e9e de lecture estim\u00e9e":"2 minutes"},"schema":{"@context":"https:\/\/schema.org","@graph":[{"@type":"WebPage","@id":"https:\/\/www.burckhardtlaw.com\/fr\/impressum\/","url":"https:\/\/www.burckhardtlaw.com\/fr\/impressum\/","name":"burckhardt AG AG - Mentions l\u00e9gales","isPartOf":{"@id":"https:\/\/burckhardtlaw.com\/#website"},"datePublished":"2022-03-08T09:29:40+00:00","dateModified":"2023-01-17T11:05:10+00:00","breadcrumb":{"@id":"https:\/\/www.burckhardtlaw.com\/fr\/impressum\/#breadcrumb"},"inLanguage":"fr-FR","potentialAction":[{"@type":"ReadAction","target":["https:\/\/www.burckhardtlaw.com\/fr\/impressum\/"]}]},{"@type":"BreadcrumbList","@id":"https:\/\/www.burckhardtlaw.com\/fr\/impressum\/#breadcrumb","itemListElement":[{"@type":"ListItem","position":1,"name":"Startseite","item":"https:\/\/www.burckhardtlaw.com\/fr\/"},{"@type":"ListItem","position":2,"name":"5.0 Mentions l\u00e9gales"}]},{"@type":"WebSite","@id":"https:\/\/burckhardtlaw.com\/#website","url":"https:\/\/burckhardtlaw.com\/","name":"burckhardt AG","description":"Notare. Anw\u00e4lte. Steuerexperten.","publisher":{"@id":"https:\/\/burckhardtlaw.com\/#organization"},"potentialAction":[{"@type":"SearchAction","target":{"@type":"EntryPoint","urlTemplate":"https:\/\/burckhardtlaw.com\/?s={search_term_string}"},"query-input":{"@type":"PropertyValueSpecification","valueRequired":true,"valueName":"search_term_string"}}],"inLanguage":"fr-FR"},{"@type":"Organization","@id":"https:\/\/burckhardtlaw.com\/#organization","name":"burckhardt AG","url":"https:\/\/burckhardtlaw.com\/","logo":{"@type":"ImageObject","inLanguage":"fr-FR","@id":"https:\/\/burckhardtlaw.com\/#\/schema\/logo\/image\/","url":"https:\/\/www.burckhardtlaw.com\/wp-content\/uploads\/2022\/05\/burckhardt-Logo_blue_rgb-no-padding.png","contentUrl":"https:\/\/www.burckhardtlaw.com\/wp-content\/uploads\/2022\/05\/burckhardt-Logo_blue_rgb-no-padding.png","width":800,"height":185,"caption":"burckhardt AG"},"image":{"@id":"https:\/\/burckhardtlaw.com\/#\/schema\/logo\/image\/"}}]}},"_links":{"self":[{"href":"https:\/\/www.burckhardtlaw.com\/fr\/wp-json\/wp\/v2\/pages\/4046","targetHints":{"allow":["GET"]}}],"collection":[{"href":"https:\/\/www.burckhardtlaw.com\/fr\/wp-json\/wp\/v2\/pages"}],"about":[{"href":"https:\/\/www.burckhardtlaw.com\/fr\/wp-json\/wp\/v2\/types\/page"}],"author":[{"embeddable":true,"href":"https:\/\/www.burckhardtlaw.com\/fr\/wp-json\/wp\/v2\/users\/25"}],"replies":[{"embeddable":true,"href":"https:\/\/www.burckhardtlaw.com\/fr\/wp-json\/wp\/v2\/comments?post=4046"}],"version-history":[{"count":0,"href":"https:\/\/www.burckhardtlaw.com\/fr\/wp-json\/wp\/v2\/pages\/4046\/revisions"}],"wp:attachment":[{"href":"https:\/\/www.burckhardtlaw.com\/fr\/wp-json\/wp\/v2\/media?parent=4046"}],"curies":[{"name":"wp","href":"https:\/\/api.w.org\/{rel}","templated":true}]}}