{"id":3905,"date":"2022-05-04T11:41:07","date_gmt":"2022-05-04T09:41:07","guid":{"rendered":"https:\/\/burckhardtlaw.com\/?page_id=3905"},"modified":"2024-12-19T10:00:36","modified_gmt":"2024-12-19T09:00:36","slug":"peter-von-burg","status":"publish","type":"page","link":"https:\/\/www.burckhardtlaw.com\/fr\/team\/peter-von-burg\/","title":{"rendered":"Peter von Burg"},"content":{"rendered":"<div class=\"wpb-content-wrapper\"><p>[vc_row row_height_percent=\u00a0\u00bb80&Prime; override_padding=\u00a0\u00bbyes\u00a0\u00bb h_padding=\u00a0\u00bb2&Prime; top_padding=\u00a0\u00bb1&Prime; bottom_padding=\u00a0\u00bb1&Prime; back_image=\u00a0\u00bb165&Prime; overlay_alpha=\u00a0\u00bb50&Prime; gutter_size=\u00a0\u00bb3&Prime; column_width_percent=\u00a0\u00bb100&Prime; shift_y=\u00a0\u00bb0&Prime; z_index=\u00a0\u00bb0&Prime; uncode_shortcode_id=\u00a0\u00bb309672&Prime; row_height_pixel=\u00a0\u00bb300&Prime;][vc_column column_width_percent=\u00a0\u00bb100&Prime; position_horizontal=\u00a0\u00bbleft\u00a0\u00bb position_vertical=\u00a0\u00bbbottom\u00a0\u00bb gutter_size=\u00a0\u00bb3&Prime; overlay_alpha=\u00a0\u00bb50&Prime; shift_x=\u00a0\u00bb0&Prime; shift_y=\u00a0\u00bb0&Prime; shift_y_down=\u00a0\u00bb0&Prime; z_index=\u00a0\u00bb0&Prime; medium_width=\u00a0\u00bb0&Prime; mobile_width=\u00a0\u00bb0&Prime; width=\u00a0\u00bb1\/1&Prime; uncode_shortcode_id=\u00a0\u00bb242395&Prime;][\/vc_column][\/vc_row][vc_row][vc_column column_width_percent=\u00a0\u00bb100&Prime; gutter_size=\u00a0\u00bb1&Prime; overlay_alpha=\u00a0\u00bb50&Prime; shift_x=\u00a0\u00bb0&Prime; shift_y=\u00a0\u00bb0&Prime; shift_y_down=\u00a0\u00bb0&Prime; z_index=\u00a0\u00bb0&Prime; medium_width=\u00a0\u00bb0&Prime; mobile_width=\u00a0\u00bb0&Prime; width=\u00a0\u00bb1\/3&Prime; uncode_shortcode_id=\u00a0\u00bb113605&Prime;][vc_custom_heading heading_semantic=\u00a0\u00bbh1&Prime; text_size=\u00a0\u00bbh1&Prime; sub_reduced=\u00a0\u00bbyes\u00a0\u00bb uncode_shortcode_id=\u00a0\u00bb940620&Prime;]Peter von Burg[\/vc_custom_heading][vc_column_text uncode_shortcode_id=\u00a0\u00bb202615&Prime;]Avocat, Expert Fiscal Dipl\u00f4m\u00e9[\/vc_column_text][\/vc_column][vc_column column_width_percent=\u00a0\u00bb100&Prime; position_horizontal=\u00a0\u00bbright\u00a0\u00bb align_horizontal=\u00a0\u00bbalign_right\u00a0\u00bb gutter_size=\u00a0\u00bb1&Prime; overlay_alpha=\u00a0\u00bb50&Prime; shift_x=\u00a0\u00bb0&Prime; shift_y=\u00a0\u00bb0&Prime; shift_y_down=\u00a0\u00bb0&Prime; z_index=\u00a0\u00bb0&Prime; medium_width=\u00a0\u00bb0&Prime; mobile_width=\u00a0\u00bb0&Prime; width=\u00a0\u00bb2\/3&Prime; uncode_shortcode_id=\u00a0\u00bb260943&Prime;][uncode_list icon=\u00a0\u00bbfa fa-map-pin\u00a0\u00bb icon_color=\u00a0\u00bbcolor-135397&Prime; uncode_shortcode_id=\u00a0\u00bb195586&Prime; icon_color_type=\u00a0\u00bbuncode-palette\u00a0\u00bb]<\/p>\n<ul>\n<li><a class=\"regular\" href=\"https:\/\/www.google.com\/maps\/place\/Usteristrasse+12,+8001+Z\u00fcrich\/@47.3759778,8.5344505,17z\/data=!3m1!4b1!4m5!3m4!1s0x47900a05e43bf299:0x74965dfd4bfb0d9f!8m2!3d47.3759778!4d8.5366392\">Usteristrasse 12, Case postale 1172, CH-8021 Zurich<\/a><\/li>\n<\/ul>\n<p>[\/uncode_list][uncode_list icon=\u00a0\u00bbfa fa-phone-handset\u00a0\u00bb icon_color=\u00a0\u00bbcolor-135397&Prime; uncode_shortcode_id=\u00a0\u00bb130524&Prime; icon_color_type=\u00a0\u00bbuncode-palette\u00a0\u00bb]<\/p>\n<ul>\n<li>+41 58 881 02 20<\/li>\n<\/ul>\n<p>[\/uncode_list][uncode_list icon=\u00a0\u00bbfa fa-envelope3&Prime; icon_color=\u00a0\u00bbcolor-135397&Prime; uncode_shortcode_id=\u00a0\u00bb177461&Prime; icon_color_type=\u00a0\u00bbuncode-palette\u00a0\u00bb]<\/p>\n<ul>\n<li><a class=\"regular\" href=\"mailto:vonburg@burckhardtlaw.com\">vonburg@burckhardtlaw.com<\/a><\/li>\n<\/ul>\n<p>[\/uncode_list][\/vc_column][\/vc_row][vc_row row_height_percent=\u00a0\u00bb0&Prime; overlay_alpha=\u00a0\u00bb50&Prime; gutter_size=\u00a0\u00bb4&Prime; column_width_percent=\u00a0\u00bb100&Prime; shift_y=\u00a0\u00bb0&Prime; z_index=\u00a0\u00bb0&Prime; uncode_shortcode_id=\u00a0\u00bb161157&Prime;][vc_column column_width_percent=\u00a0\u00bb94&Prime; position_horizontal=\u00a0\u00bbleft\u00a0\u00bb gutter_size=\u00a0\u00bb2&Prime; overlay_alpha=\u00a0\u00bb50&Prime; shift_x=\u00a0\u00bb0&Prime; shift_y=\u00a0\u00bb0&Prime; shift_y_down=\u00a0\u00bb0&Prime; z_index=\u00a0\u00bb0&Prime; medium_width=\u00a0\u00bb0&Prime; mobile_width=\u00a0\u00bb0&Prime; width=\u00a0\u00bb1\/2&Prime; uncode_shortcode_id=\u00a0\u00bb575887&Prime;][vc_button button_color=\u00a0\u00bbcolor-137653&Prime; size=\u00a0\u00bbbtn-sm\u00a0\u00bb wide=\u00a0\u00bbyes\u00a0\u00bb hover_fx=\u00a0\u00bbfull-colored\u00a0\u00bb border_width=\u00a0\u00bb0&Prime; icon=\u00a0\u00bbfa fa-download5&Prime; uncode_shortcode_id=\u00a0\u00bb101801&Prime; button_color_type=\u00a0\u00bbuncode-palette\u00a0\u00bb link=\u00a0\u00bburl:https%3A%2F%2Fwww.burckhardtlaw.com%2Fwp-content%2Fuploads%2F2023%2F04%2FPeter-von-Burg-F.pdf|target:_blank\u00a0\u00bb]t\u00e9l\u00e9chargement profil[\/vc_button][vc_button button_color=\u00a0\u00bbcolor-137653&Prime; size=\u00a0\u00bbbtn-sm\u00a0\u00bb wide=\u00a0\u00bbyes\u00a0\u00bb border_width=\u00a0\u00bb0&Prime; icon=\u00a0\u00bbfa fa-download5&Prime; uncode_shortcode_id=\u00a0\u00bb194314&Prime; button_color_type=\u00a0\u00bbuncode-palette\u00a0\u00bb link=\u00a0\u00bburl:https%3A%2F%2Fwww.burckhardtlaw.com%2Fwp-content%2Fuploads%2F2023%2F04%2FPeter-von-Burg-f.vcf\u00a0\u00bb]t\u00e9l\u00e9chargement contact (vCard)[\/vc_button][vc_accordion sign=\u00a0\u00bbplus\u00a0\u00bb active_tab=\u00a0\u00bb0&Prime;][vc_accordion_tab gutter_size=\u00a0\u00bb2&Prime; column_padding=\u00a0\u00bb2&Prime; title=\u00a0\u00bbLangues\u00a0\u00bb tab_id=\u00a0\u00bb1651591693-1-52&Prime;][uncode_list uncode_shortcode_id=\u00a0\u00bb528539&Prime;]<\/p>\n<ul>\n<li>Allemand<\/li>\n<li>Anglais<\/li>\n<li>Fran\u00e7ais<\/li>\n<\/ul>\n<p>[\/uncode_list][\/vc_accordion_tab][vc_accordion_tab gutter_size=\u00a0\u00bb2&Prime; column_padding=\u00a0\u00bb2&Prime; title=\u00a0\u00bbExpertises &amp; industries\u00a0\u00bb tab_id=\u00a0\u00bb1651591693-2-90&Prime;][vc_empty_space empty_h=\u00a0\u00bb2&Prime;][vc_empty_space empty_h=\u00a0\u00bb1&Prime;][uncode_index el_id=\u00a0\u00bbindex-959738&Prime; index_type=\u00a0\u00bbtitles\u00a0\u00bb loop=\u00a0\u00bbsize:All|order_by:date|post_type:post|by_id:884,860,864,882|taxonomy_count:All|taxonomy_show_empty:yes\u00a0\u00bb gutter_size=\u00a0\u00bb0&Prime; drop_image_position=\u00a0\u00bbhide\u00a0\u00bb drop_image_time=\u00a0\u00bb0&Prime; single_title_semantic=\u00a0\u00bbh6&Prime; single_title_family=\u00a0\u00bbfont-131852&Prime; single_title_dimension=\u00a0\u00bbfontsize-207156&Prime; single_title_height=\u00a0\u00bbfontheight-990954&Prime; custom_order=\u00a0\u00bbyes\u00a0\u00bb uncode_shortcode_id=\u00a0\u00bb165999&Prime; order_ids=\u00a0\u00bb884,860,864,882&Prime; back_size=\u00a0\u00bb0&Prime; el_class=\u00a0\u00bbteamlist\u00a0\u00bb][vc_empty_space empty_h=\u00a0\u00bb2&Prime;][\/vc_accordion_tab][vc_accordion_tab gutter_size=\u00a0\u00bb2&Prime; column_padding=\u00a0\u00bb2&Prime; title=\u00a0\u00bbPublications\u00a0\u00bb tab_id=\u00a0\u00bb1653457323375-2-5&Prime;][uncode_list uncode_shortcode_id=\u00a0\u00bb179911&Prime;]<\/p>\n<ul>\n<li><a href=\"https:\/\/www.burckhardtlaw.com\/wp-content\/uploads\/2023\/04\/Swiss-administrative-assistance-in-tax-matters-increasingly-affecting-companies.pdf\" target=\"_blank\" rel=\"noopener\">Swiss administrative assistance in tax matters increasingly affecting companies<\/a><\/li>\n<li><a href=\"https:\/\/burckhardtlaw.com\/wp-content\/uploads\/2022\/06\/Applying-Swiss-interest-rates-to-advances-or-loans-in-2022.pdf\">Applying Swiss interest rates to advances or loans in 2022<\/a><\/li>\n<li><a href=\"https:\/\/burckhardtlaw.com\/wp-content\/uploads\/2022\/05\/Zuercher-Wirtschaft-3.2016-Lohn-oder-Dividende.pdf\">Lohn oder Dividende<\/a><\/li>\n<li><a href=\"https:\/\/burckhardtlaw.com\/wp-content\/uploads\/2022\/05\/DRSK-Bussen-mit-Strafcharakter-stellen-keinen-geschaeftsmaessig-begruendeten-Aufwand-dar.pdf\">Bussen mit Strafcharakter stellen keinen gesch\u00e4ftsm\u00e4ssig begr\u00fcndeten Aufwand bei juristischen Personen dar<\/a><\/li>\n<li><a href=\"https:\/\/burckhardtlaw.com\/wp-content\/uploads\/2022\/05\/DRSK-Steuerpflicht-einer-liechtensteinischen-Gesellschaft-aufgrund-tatsaechlicher-Verwaltung.pdf\">Steuerpflicht einer liechtensteinischen Gesellschaft aufgrund tats\u00e4chlicher Verwaltung<\/a><\/li>\n<li><a href=\"https:\/\/burckhardtlaw.com\/wp-content\/uploads\/2022\/05\/Insights-Volume-4-Number-2-Swiss-Corporate-Tax-Reform-Postponed.pdf\">Swiss Corporate Tax Reform Postponed<\/a><\/li>\n<li><a href=\"https:\/\/burckhardtlaw.com\/wp-content\/uploads\/2022\/05\/Insights-Volume-4-Number-6-New-Proposal-for-Swiss-Corporate-Tax-Reform.pdf\">New Proposal for Swiss Corporate Tax Reform<\/a><\/li>\n<li><a href=\"https:\/\/burckhardtlaw.com\/wp-content\/uploads\/2022\/05\/WEKA-Mehrwertsteuer-Newsletter-06-Steuerpflicht-von-internationalen-Holdinggesellschaften.pdf\">Steuerpflicht von internationalen Holdinggesellschaften<\/a><\/li>\n<li><a href=\"https:\/\/burckhardtlaw.com\/wp-content\/uploads\/2022\/05\/Jusletter_die-straflose-selbstanzeige.pdf\">Die straflose Selbstanzeige von nat\u00fcrlichen Personen<\/a><\/li>\n<li><a href=\"https:\/\/burckhardtlaw.com\/wp-content\/uploads\/2022\/06\/Vernehmlassung-burckhardt-AG-zur-Einfuhrung-des-Trust-DEF-1013299.pdf\">Vernehmlassung zur Einf\u00fchrung des Trusts<\/a><\/li>\n<li><a href=\"&quot;https:\/\/www.burckhardtlaw.com\/wp-content\/uploads\/2023\/06\/Unternehmensnachfolge-wie-geht-das.pdf\">Unternehmensnachfolge \u2013 wie geht das?<\/a><\/li>\n<li><a href=\"https:\/\/www.burckhardtlaw.com\/wp-content\/uploads\/2024\/12\/Steuerbefreiung-von-gemeinnuetzigen-Institutionen-PVB-BTH-ROW.pdf\">Steuerbefreiung von<br \/>\ngemeinn\u00fctzigen Institutionen<\/a><\/li>\n<\/ul>\n<p>[\/uncode_list][\/vc_accordion_tab][\/vc_accordion][\/vc_column][vc_column width=\u00a0\u00bb1\/2&Prime;][vc_column_text uncode_shortcode_id=\u00a0\u00bb110983&Prime;]Peter von Burg conseille principalement les PME et les particuliers dans les domaines du droit fiscal (planification et conformit\u00e9 fiscales nationales et internationales, rulings, d\u00e9clarations, proc\u00e9dures, etc.), du droit des soci\u00e9t\u00e9s (constitutions, start-ups, restructurations, etc.) et de la planification successorale, y compris les trusts et les fondations, ainsi que le droit des successions (testaments, mandat pour cause d\u2019inaptitude, etc.).<\/p>\n<p>Gr\u00e2ce \u00e0 son travail en tant que co-\u00e9diteur de www.taxlawblog.ch, il est continuellement \u00e0 jour et peut fournir \u00e0 ses clients des conseils ax\u00e9s sur la pratique. Il est membre de l\u2019Ordre des avocats de Zurich, de la F\u00e9d\u00e9ration suisse des avocats, de l\u2019International Fiscal Association (IFA) et d\u2019ExpertSuisse. Il est en outre un auteur et un conf\u00e9rencier actif.<\/p>\n<p>Apr\u00e8s sa formation commerciale, il a \u00e9tudi\u00e9 le droit des affaires \u00e0 la Haute \u00e9cole des sciences appliqu\u00e9es de Zurich (ZHAW) et a obtenu son master en droit \u00e0 l\u2019Universit\u00e9 de Lucerne en 2012. Il a effectu\u00e9 des stages dans un grand cabinet d\u2019expertise comptable, dans un cabinet d\u2019avocats d\u2019affaires renomm\u00e9 et au tribunal civil. Il a \u00e9t\u00e9 admis au barreau en 2014. De 2015 \u00e0 2021, il a travaill\u00e9 dans des cabinets d\u2019avocats d\u2019affaires de taille moyenne \u00e0 Zurich et a obtenu son dipl\u00f4me d\u2019expert fiscal dipl\u00f4m\u00e9 suisse en 2018.[\/vc_column_text][\/vc_column][\/vc_row]<\/p>\n<\/div>","protected":false},"excerpt":{"rendered":"<p>[vc_row row_height_percent=\u00a0\u00bb80&Prime; override_padding=\u00a0\u00bbyes\u00a0\u00bb h_padding=\u00a0\u00bb2&Prime; top_padding=\u00a0\u00bb1&Prime; bottom_padding=\u00a0\u00bb1&Prime; back_image=\u00a0\u00bb165&Prime; overlay_alpha=\u00a0\u00bb50&Prime; gutter_size=\u00a0\u00bb3&Prime; column_width_percent=\u00a0\u00bb100&Prime; shift_y=\u00a0\u00bb0&Prime; z_index=\u00a0\u00bb0&Prime; uncode_shortcode_id=\u00a0\u00bb309672&Prime; row_height_pixel=\u00a0\u00bb300&Prime;][vc_column column_width_percent=\u00a0\u00bb100&Prime; position_horizontal=\u00a0\u00bbleft\u00a0\u00bb position_vertical=\u00a0\u00bbbottom\u00a0\u00bb gutter_size=\u00a0\u00bb3&Prime; overlay_alpha=\u00a0\u00bb50&Prime; shift_x=\u00a0\u00bb0&Prime; [&hellip;]<\/p>\n","protected":false},"author":25,"featured_media":2932,"parent":3427,"menu_order":490,"comment_status":"closed","ping_status":"closed","template":"","meta":{"_acf_changed":false,"footnotes":""},"class_list":["post-3905","page","type-page","status-publish","has-post-thumbnail","hentry","page_category-droit-successoral","page_category-organisations-a-but-non-lucratif","page_category-start-ups-fr","page_category-fiscalite"],"acf":[],"yoast_head":"<!-- This site is optimized with the Yoast SEO plugin v27.5 - https:\/\/yoast.com\/product\/yoast-seo-wordpress\/ -->\n<title>Peter von Burg &#8226; burckhardt AG<\/title>\n<meta name=\"robots\" content=\"index, follow, max-snippet:-1, max-image-preview:large, max-video-preview:-1\" \/>\n<link rel=\"canonical\" href=\"https:\/\/www.burckhardtlaw.com\/fr\/team\/peter-von-burg\/\" \/>\n<meta property=\"og:locale\" content=\"fr_FR\" \/>\n<meta property=\"og:type\" content=\"article\" \/>\n<meta property=\"og:title\" content=\"Peter von Burg &#8226; burckhardt AG\" \/>\n<meta property=\"og:description\" content=\"[vc_row row_height_percent=\u00a0\u00bb80&Prime; override_padding=\u00a0\u00bbyes\u00a0\u00bb h_padding=\u00a0\u00bb2&Prime; top_padding=\u00a0\u00bb1&Prime; bottom_padding=\u00a0\u00bb1&Prime; back_image=\u00a0\u00bb165&Prime; overlay_alpha=\u00a0\u00bb50&Prime; gutter_size=\u00a0\u00bb3&Prime; column_width_percent=\u00a0\u00bb100&Prime; shift_y=\u00a0\u00bb0&Prime; z_index=\u00a0\u00bb0&Prime; uncode_shortcode_id=\u00a0\u00bb309672&Prime; row_height_pixel=\u00a0\u00bb300&Prime;][vc_column column_width_percent=\u00a0\u00bb100&Prime; position_horizontal=\u00a0\u00bbleft\u00a0\u00bb position_vertical=\u00a0\u00bbbottom\u00a0\u00bb gutter_size=\u00a0\u00bb3&Prime; overlay_alpha=\u00a0\u00bb50&Prime; shift_x=\u00a0\u00bb0&Prime; [&hellip;]\" \/>\n<meta property=\"og:url\" content=\"https:\/\/www.burckhardtlaw.com\/fr\/team\/peter-von-burg\/\" \/>\n<meta property=\"og:site_name\" content=\"burckhardt AG\" \/>\n<meta property=\"article:modified_time\" content=\"2024-12-19T09:00:36+00:00\" \/>\n<meta property=\"og:image\" content=\"https:\/\/www.burckhardtlaw.com\/wp-content\/uploads\/2022\/04\/Peter-von-Burg-scaled.jpeg\" \/>\n\t<meta property=\"og:image:width\" content=\"2560\" \/>\n\t<meta property=\"og:image:height\" content=\"1707\" \/>\n\t<meta property=\"og:image:type\" content=\"image\/jpeg\" \/>\n<meta name=\"twitter:card\" content=\"summary_large_image\" \/>\n<meta name=\"twitter:label1\" content=\"Dur\u00e9e de lecture estim\u00e9e\" \/>\n\t<meta name=\"twitter:data1\" content=\"3 minutes\" \/>\n<script type=\"application\/ld+json\" class=\"yoast-schema-graph\">{\"@context\":\"https:\\\/\\\/schema.org\",\"@graph\":[{\"@type\":\"WebPage\",\"@id\":\"https:\\\/\\\/www.burckhardtlaw.com\\\/fr\\\/team\\\/peter-von-burg\\\/\",\"url\":\"https:\\\/\\\/www.burckhardtlaw.com\\\/fr\\\/team\\\/peter-von-burg\\\/\",\"name\":\"Peter von Burg &#8226; burckhardt AG\",\"isPartOf\":{\"@id\":\"https:\\\/\\\/burckhardtlaw.com\\\/#website\"},\"primaryImageOfPage\":{\"@id\":\"https:\\\/\\\/www.burckhardtlaw.com\\\/fr\\\/team\\\/peter-von-burg\\\/#primaryimage\"},\"image\":{\"@id\":\"https:\\\/\\\/www.burckhardtlaw.com\\\/fr\\\/team\\\/peter-von-burg\\\/#primaryimage\"},\"thumbnailUrl\":\"https:\\\/\\\/www.burckhardtlaw.com\\\/wp-content\\\/uploads\\\/2022\\\/04\\\/Peter-von-Burg-scaled.jpeg\",\"datePublished\":\"2022-05-04T09:41:07+00:00\",\"dateModified\":\"2024-12-19T09:00:36+00:00\",\"breadcrumb\":{\"@id\":\"https:\\\/\\\/www.burckhardtlaw.com\\\/fr\\\/team\\\/peter-von-burg\\\/#breadcrumb\"},\"inLanguage\":\"fr-FR\",\"potentialAction\":[{\"@type\":\"ReadAction\",\"target\":[\"https:\\\/\\\/www.burckhardtlaw.com\\\/fr\\\/team\\\/peter-von-burg\\\/\"]}]},{\"@type\":\"ImageObject\",\"inLanguage\":\"fr-FR\",\"@id\":\"https:\\\/\\\/www.burckhardtlaw.com\\\/fr\\\/team\\\/peter-von-burg\\\/#primaryimage\",\"url\":\"https:\\\/\\\/www.burckhardtlaw.com\\\/wp-content\\\/uploads\\\/2022\\\/04\\\/Peter-von-Burg-scaled.jpeg\",\"contentUrl\":\"https:\\\/\\\/www.burckhardtlaw.com\\\/wp-content\\\/uploads\\\/2022\\\/04\\\/Peter-von-Burg-scaled.jpeg\",\"width\":2560,\"height\":1707},{\"@type\":\"BreadcrumbList\",\"@id\":\"https:\\\/\\\/www.burckhardtlaw.com\\\/fr\\\/team\\\/peter-von-burg\\\/#breadcrumb\",\"itemListElement\":[{\"@type\":\"ListItem\",\"position\":1,\"name\":\"Startseite\",\"item\":\"https:\\\/\\\/www.burckhardtlaw.com\\\/fr\\\/\"},{\"@type\":\"ListItem\",\"position\":2,\"name\":\"2.0 Team\",\"item\":\"https:\\\/\\\/www.burckhardtlaw.com\\\/fr\\\/team\\\/\"},{\"@type\":\"ListItem\",\"position\":3,\"name\":\"Peter von Burg\"}]},{\"@type\":\"WebSite\",\"@id\":\"https:\\\/\\\/burckhardtlaw.com\\\/#website\",\"url\":\"https:\\\/\\\/burckhardtlaw.com\\\/\",\"name\":\"burckhardt AG\",\"description\":\"Notare. Anw\u00e4lte. Steuerexperten.\",\"publisher\":{\"@id\":\"https:\\\/\\\/burckhardtlaw.com\\\/#organization\"},\"potentialAction\":[{\"@type\":\"SearchAction\",\"target\":{\"@type\":\"EntryPoint\",\"urlTemplate\":\"https:\\\/\\\/burckhardtlaw.com\\\/?s={search_term_string}\"},\"query-input\":{\"@type\":\"PropertyValueSpecification\",\"valueRequired\":true,\"valueName\":\"search_term_string\"}}],\"inLanguage\":\"fr-FR\"},{\"@type\":\"Organization\",\"@id\":\"https:\\\/\\\/burckhardtlaw.com\\\/#organization\",\"name\":\"burckhardt AG\",\"url\":\"https:\\\/\\\/burckhardtlaw.com\\\/\",\"logo\":{\"@type\":\"ImageObject\",\"inLanguage\":\"fr-FR\",\"@id\":\"https:\\\/\\\/burckhardtlaw.com\\\/#\\\/schema\\\/logo\\\/image\\\/\",\"url\":\"https:\\\/\\\/www.burckhardtlaw.com\\\/wp-content\\\/uploads\\\/2022\\\/05\\\/burckhardt-Logo_blue_rgb-no-padding.png\",\"contentUrl\":\"https:\\\/\\\/www.burckhardtlaw.com\\\/wp-content\\\/uploads\\\/2022\\\/05\\\/burckhardt-Logo_blue_rgb-no-padding.png\",\"width\":800,\"height\":185,\"caption\":\"burckhardt AG\"},\"image\":{\"@id\":\"https:\\\/\\\/burckhardtlaw.com\\\/#\\\/schema\\\/logo\\\/image\\\/\"}}]}<\/script>\n<!-- \/ Yoast SEO plugin. -->","yoast_head_json":{"title":"Peter von Burg &#8226; burckhardt AG","robots":{"index":"index","follow":"follow","max-snippet":"max-snippet:-1","max-image-preview":"max-image-preview:large","max-video-preview":"max-video-preview:-1"},"canonical":"https:\/\/www.burckhardtlaw.com\/fr\/team\/peter-von-burg\/","og_locale":"fr_FR","og_type":"article","og_title":"Peter von Burg &#8226; burckhardt AG","og_description":"[vc_row row_height_percent=\u00a0\u00bb80&Prime; override_padding=\u00a0\u00bbyes\u00a0\u00bb h_padding=\u00a0\u00bb2&Prime; top_padding=\u00a0\u00bb1&Prime; bottom_padding=\u00a0\u00bb1&Prime; back_image=\u00a0\u00bb165&Prime; overlay_alpha=\u00a0\u00bb50&Prime; gutter_size=\u00a0\u00bb3&Prime; column_width_percent=\u00a0\u00bb100&Prime; shift_y=\u00a0\u00bb0&Prime; z_index=\u00a0\u00bb0&Prime; uncode_shortcode_id=\u00a0\u00bb309672&Prime; row_height_pixel=\u00a0\u00bb300&Prime;][vc_column column_width_percent=\u00a0\u00bb100&Prime; position_horizontal=\u00a0\u00bbleft\u00a0\u00bb position_vertical=\u00a0\u00bbbottom\u00a0\u00bb gutter_size=\u00a0\u00bb3&Prime; overlay_alpha=\u00a0\u00bb50&Prime; shift_x=\u00a0\u00bb0&Prime; [&hellip;]","og_url":"https:\/\/www.burckhardtlaw.com\/fr\/team\/peter-von-burg\/","og_site_name":"burckhardt AG","article_modified_time":"2024-12-19T09:00:36+00:00","og_image":[{"width":2560,"height":1707,"url":"https:\/\/www.burckhardtlaw.com\/wp-content\/uploads\/2022\/04\/Peter-von-Burg-scaled.jpeg","type":"image\/jpeg"}],"twitter_card":"summary_large_image","twitter_misc":{"Dur\u00e9e de lecture estim\u00e9e":"3 minutes"},"schema":{"@context":"https:\/\/schema.org","@graph":[{"@type":"WebPage","@id":"https:\/\/www.burckhardtlaw.com\/fr\/team\/peter-von-burg\/","url":"https:\/\/www.burckhardtlaw.com\/fr\/team\/peter-von-burg\/","name":"Peter von Burg &#8226; burckhardt AG","isPartOf":{"@id":"https:\/\/burckhardtlaw.com\/#website"},"primaryImageOfPage":{"@id":"https:\/\/www.burckhardtlaw.com\/fr\/team\/peter-von-burg\/#primaryimage"},"image":{"@id":"https:\/\/www.burckhardtlaw.com\/fr\/team\/peter-von-burg\/#primaryimage"},"thumbnailUrl":"https:\/\/www.burckhardtlaw.com\/wp-content\/uploads\/2022\/04\/Peter-von-Burg-scaled.jpeg","datePublished":"2022-05-04T09:41:07+00:00","dateModified":"2024-12-19T09:00:36+00:00","breadcrumb":{"@id":"https:\/\/www.burckhardtlaw.com\/fr\/team\/peter-von-burg\/#breadcrumb"},"inLanguage":"fr-FR","potentialAction":[{"@type":"ReadAction","target":["https:\/\/www.burckhardtlaw.com\/fr\/team\/peter-von-burg\/"]}]},{"@type":"ImageObject","inLanguage":"fr-FR","@id":"https:\/\/www.burckhardtlaw.com\/fr\/team\/peter-von-burg\/#primaryimage","url":"https:\/\/www.burckhardtlaw.com\/wp-content\/uploads\/2022\/04\/Peter-von-Burg-scaled.jpeg","contentUrl":"https:\/\/www.burckhardtlaw.com\/wp-content\/uploads\/2022\/04\/Peter-von-Burg-scaled.jpeg","width":2560,"height":1707},{"@type":"BreadcrumbList","@id":"https:\/\/www.burckhardtlaw.com\/fr\/team\/peter-von-burg\/#breadcrumb","itemListElement":[{"@type":"ListItem","position":1,"name":"Startseite","item":"https:\/\/www.burckhardtlaw.com\/fr\/"},{"@type":"ListItem","position":2,"name":"2.0 Team","item":"https:\/\/www.burckhardtlaw.com\/fr\/team\/"},{"@type":"ListItem","position":3,"name":"Peter von Burg"}]},{"@type":"WebSite","@id":"https:\/\/burckhardtlaw.com\/#website","url":"https:\/\/burckhardtlaw.com\/","name":"burckhardt AG","description":"Notare. Anw\u00e4lte. Steuerexperten.","publisher":{"@id":"https:\/\/burckhardtlaw.com\/#organization"},"potentialAction":[{"@type":"SearchAction","target":{"@type":"EntryPoint","urlTemplate":"https:\/\/burckhardtlaw.com\/?s={search_term_string}"},"query-input":{"@type":"PropertyValueSpecification","valueRequired":true,"valueName":"search_term_string"}}],"inLanguage":"fr-FR"},{"@type":"Organization","@id":"https:\/\/burckhardtlaw.com\/#organization","name":"burckhardt AG","url":"https:\/\/burckhardtlaw.com\/","logo":{"@type":"ImageObject","inLanguage":"fr-FR","@id":"https:\/\/burckhardtlaw.com\/#\/schema\/logo\/image\/","url":"https:\/\/www.burckhardtlaw.com\/wp-content\/uploads\/2022\/05\/burckhardt-Logo_blue_rgb-no-padding.png","contentUrl":"https:\/\/www.burckhardtlaw.com\/wp-content\/uploads\/2022\/05\/burckhardt-Logo_blue_rgb-no-padding.png","width":800,"height":185,"caption":"burckhardt AG"},"image":{"@id":"https:\/\/burckhardtlaw.com\/#\/schema\/logo\/image\/"}}]}},"_links":{"self":[{"href":"https:\/\/www.burckhardtlaw.com\/fr\/wp-json\/wp\/v2\/pages\/3905","targetHints":{"allow":["GET"]}}],"collection":[{"href":"https:\/\/www.burckhardtlaw.com\/fr\/wp-json\/wp\/v2\/pages"}],"about":[{"href":"https:\/\/www.burckhardtlaw.com\/fr\/wp-json\/wp\/v2\/types\/page"}],"author":[{"embeddable":true,"href":"https:\/\/www.burckhardtlaw.com\/fr\/wp-json\/wp\/v2\/users\/25"}],"replies":[{"embeddable":true,"href":"https:\/\/www.burckhardtlaw.com\/fr\/wp-json\/wp\/v2\/comments?post=3905"}],"version-history":[{"count":0,"href":"https:\/\/www.burckhardtlaw.com\/fr\/wp-json\/wp\/v2\/pages\/3905\/revisions"}],"up":[{"embeddable":true,"href":"https:\/\/www.burckhardtlaw.com\/fr\/wp-json\/wp\/v2\/pages\/3427"}],"wp:featuredmedia":[{"embeddable":true,"href":"https:\/\/www.burckhardtlaw.com\/fr\/wp-json\/wp\/v2\/media\/2932"}],"wp:attachment":[{"href":"https:\/\/www.burckhardtlaw.com\/fr\/wp-json\/wp\/v2\/media?parent=3905"}],"curies":[{"name":"wp","href":"https:\/\/api.w.org\/{rel}","templated":true}]}}