{"id":3880,"date":"2022-05-04T11:36:13","date_gmt":"2022-05-04T09:36:13","guid":{"rendered":"https:\/\/burckhardtlaw.com\/?page_id=3880"},"modified":"2025-05-09T11:48:22","modified_gmt":"2025-05-09T09:48:22","slug":"yvonne-pieles","status":"publish","type":"page","link":"https:\/\/www.burckhardtlaw.com\/fr\/team\/yvonne-pieles\/","title":{"rendered":"Yvonne Pieles"},"content":{"rendered":"<div class=\"wpb-content-wrapper\"><p>[vc_row row_height_percent=\u00a0\u00bb80&Prime; override_padding=\u00a0\u00bbyes\u00a0\u00bb h_padding=\u00a0\u00bb2&Prime; top_padding=\u00a0\u00bb1&Prime; bottom_padding=\u00a0\u00bb1&Prime; back_image=\u00a0\u00bb163&Prime; overlay_alpha=\u00a0\u00bb50&Prime; gutter_size=\u00a0\u00bb3&Prime; column_width_percent=\u00a0\u00bb100&Prime; shift_y=\u00a0\u00bb0&Prime; z_index=\u00a0\u00bb0&Prime; uncode_shortcode_id=\u00a0\u00bb140692&Prime; row_height_pixel=\u00a0\u00bb300&Prime;][vc_column column_width_percent=\u00a0\u00bb100&Prime; position_horizontal=\u00a0\u00bbleft\u00a0\u00bb position_vertical=\u00a0\u00bbbottom\u00a0\u00bb gutter_size=\u00a0\u00bb3&Prime; overlay_alpha=\u00a0\u00bb50&Prime; shift_x=\u00a0\u00bb0&Prime; shift_y=\u00a0\u00bb0&Prime; shift_y_down=\u00a0\u00bb0&Prime; z_index=\u00a0\u00bb0&Prime; medium_width=\u00a0\u00bb0&Prime; mobile_width=\u00a0\u00bb0&Prime; width=\u00a0\u00bb1\/1&Prime; uncode_shortcode_id=\u00a0\u00bb196575&Prime;][\/vc_column][\/vc_row][vc_row][vc_column column_width_percent=\u00a0\u00bb100&Prime; gutter_size=\u00a0\u00bb1&Prime; overlay_alpha=\u00a0\u00bb50&Prime; shift_x=\u00a0\u00bb0&Prime; shift_y=\u00a0\u00bb0&Prime; shift_y_down=\u00a0\u00bb0&Prime; z_index=\u00a0\u00bb0&Prime; medium_width=\u00a0\u00bb0&Prime; mobile_width=\u00a0\u00bb0&Prime; width=\u00a0\u00bb1\/3&Prime; uncode_shortcode_id=\u00a0\u00bb113605&Prime;][vc_custom_heading heading_semantic=\u00a0\u00bbh1&Prime; text_size=\u00a0\u00bbh1&Prime; sub_reduced=\u00a0\u00bbyes\u00a0\u00bb uncode_shortcode_id=\u00a0\u00bb186566&Prime;]Yvonne Pieles[\/vc_custom_heading][vc_column_text uncode_shortcode_id=\u00a0\u00bb458150&Prime;]lic. iur., Avocate, CAS MedLaw-UZH, CAS finance et comptabilit\u00e9-FHNW[\/vc_column_text][\/vc_column][vc_column column_width_percent=\u00a0\u00bb100&Prime; position_horizontal=\u00a0\u00bbright\u00a0\u00bb align_horizontal=\u00a0\u00bbalign_right\u00a0\u00bb gutter_size=\u00a0\u00bb1&Prime; overlay_alpha=\u00a0\u00bb50&Prime; shift_x=\u00a0\u00bb0&Prime; shift_y=\u00a0\u00bb0&Prime; shift_y_down=\u00a0\u00bb0&Prime; z_index=\u00a0\u00bb0&Prime; medium_width=\u00a0\u00bb0&Prime; mobile_width=\u00a0\u00bb0&Prime; width=\u00a0\u00bb2\/3&Prime; uncode_shortcode_id=\u00a0\u00bb260943&Prime;][uncode_list icon=\u00a0\u00bbfa fa-map-pin\u00a0\u00bb icon_color=\u00a0\u00bbcolor-135397&Prime; uncode_shortcode_id=\u00a0\u00bb108279&Prime; icon_color_type=\u00a0\u00bbuncode-palette\u00a0\u00bb]<\/p>\n<ul>\n<li><a class=\"regular\" href=\"https:\/\/www.google.com\/maps\/place\/burckhardt+AG\/@47.5514752,7.5889642,15z\/data=!4m5!3m4!1s0x0:0x85b5da8c96b40062!8m2!3d47.5514752!4d7.5889642\">Steinentorstrasse 23, Case postale 258, CH-4010 B\u00e2le<\/a><\/li>\n<\/ul>\n<p>[\/uncode_list][uncode_list icon=\u00a0\u00bbfa fa-phone-handset\u00a0\u00bb icon_color=\u00a0\u00bbcolor-135397&Prime; uncode_shortcode_id=\u00a0\u00bb967529&Prime; icon_color_type=\u00a0\u00bbuncode-palette\u00a0\u00bb]<\/p>\n<ul>\n<li>+41 58 881 00 30<\/li>\n<\/ul>\n<p>[\/uncode_list][uncode_list icon=\u00a0\u00bbfa fa-envelope3&Prime; icon_color=\u00a0\u00bbcolor-135397&Prime; uncode_shortcode_id=\u00a0\u00bb112192&Prime; icon_color_type=\u00a0\u00bbuncode-palette\u00a0\u00bb]<\/p>\n<ul>\n<li><a class=\"regular\" href=\"mailto:pieles@burckhardtlaw.com\">pieles@burckhardtlaw.com<\/a><\/li>\n<\/ul>\n<p>[\/uncode_list][\/vc_column][\/vc_row][vc_row row_height_percent=\u00a0\u00bb0&Prime; overlay_alpha=\u00a0\u00bb50&Prime; gutter_size=\u00a0\u00bb4&Prime; column_width_percent=\u00a0\u00bb100&Prime; shift_y=\u00a0\u00bb0&Prime; z_index=\u00a0\u00bb0&Prime; uncode_shortcode_id=\u00a0\u00bb161157&Prime;][vc_column column_width_percent=\u00a0\u00bb94&Prime; position_horizontal=\u00a0\u00bbleft\u00a0\u00bb gutter_size=\u00a0\u00bb2&Prime; overlay_alpha=\u00a0\u00bb50&Prime; shift_x=\u00a0\u00bb0&Prime; shift_y=\u00a0\u00bb0&Prime; shift_y_down=\u00a0\u00bb0&Prime; z_index=\u00a0\u00bb0&Prime; medium_width=\u00a0\u00bb0&Prime; mobile_width=\u00a0\u00bb0&Prime; width=\u00a0\u00bb1\/2&Prime; uncode_shortcode_id=\u00a0\u00bb575887&Prime;][vc_button button_color=\u00a0\u00bbcolor-137653&Prime; size=\u00a0\u00bbbtn-sm\u00a0\u00bb wide=\u00a0\u00bbyes\u00a0\u00bb hover_fx=\u00a0\u00bbfull-colored\u00a0\u00bb border_width=\u00a0\u00bb0&Prime; icon=\u00a0\u00bbfa fa-download5&Prime; uncode_shortcode_id=\u00a0\u00bb616451&Prime; button_color_type=\u00a0\u00bbuncode-palette\u00a0\u00bb link=\u00a0\u00bburl:https%3A%2F%2Fwww.burckhardtlaw.com%2Fwp-content%2Fuploads%2F2023%2F04%2FYvonne-Pieles-F.pdf|target:_blank\u00a0\u00bb]t\u00e9l\u00e9chargement profil[\/vc_button][vc_button button_color=\u00a0\u00bbcolor-137653&Prime; size=\u00a0\u00bbbtn-sm\u00a0\u00bb wide=\u00a0\u00bbyes\u00a0\u00bb border_width=\u00a0\u00bb0&Prime; icon=\u00a0\u00bbfa fa-download5&Prime; uncode_shortcode_id=\u00a0\u00bb118114&Prime; button_color_type=\u00a0\u00bbuncode-palette\u00a0\u00bb link=\u00a0\u00bburl:https%3A%2F%2Fwww.burckhardtlaw.com%2Fwp-content%2Fuploads%2F2023%2F04%2FYvonne-Pieles-f.vcf\u00a0\u00bb]t\u00e9l\u00e9chargement contact (vCard)[\/vc_button][vc_accordion sign=\u00a0\u00bbplus\u00a0\u00bb active_tab=\u00a0\u00bb0&Prime;][vc_accordion_tab gutter_size=\u00a0\u00bb2&Prime; column_padding=\u00a0\u00bb2&Prime; title=\u00a0\u00bbLangues\u00a0\u00bb tab_id=\u00a0\u00bb1651591693-1-52&Prime;][uncode_list uncode_shortcode_id=\u00a0\u00bb195389&Prime;]<\/p>\n<ul>\n<li>Allemand<\/li>\n<li>Anglais<\/li>\n<\/ul>\n<p>[\/uncode_list][\/vc_accordion_tab][vc_accordion_tab gutter_size=\u00a0\u00bb2&Prime; column_padding=\u00a0\u00bb2&Prime; title=\u00a0\u00bbExpertises &amp; industries\u00a0\u00bb tab_id=\u00a0\u00bb1651591693-2-90&Prime;][vc_empty_space empty_h=\u00a0\u00bb2&Prime;][vc_empty_space empty_h=\u00a0\u00bb1&Prime;][uncode_index el_id=\u00a0\u00bbindex-959738&Prime; index_type=\u00a0\u00bbtitles\u00a0\u00bb loop=\u00a0\u00bbsize:All|order_by:date|post_type:post|by_id:4137,880,868|taxonomy_count:All|taxonomy_show_empty:yes\u00a0\u00bb gutter_size=\u00a0\u00bb0&Prime; drop_image_position=\u00a0\u00bbhide\u00a0\u00bb drop_image_time=\u00a0\u00bb0&Prime; single_title_semantic=\u00a0\u00bbh6&Prime; single_title_family=\u00a0\u00bbfont-131852&Prime; single_title_dimension=\u00a0\u00bbfontsize-207156&Prime; single_title_height=\u00a0\u00bbfontheight-990954&Prime; custom_order=\u00a0\u00bbyes\u00a0\u00bb uncode_shortcode_id=\u00a0\u00bb151567&Prime; order_ids=\u00a0\u00bb860,870,866,864,882&Prime; back_size=\u00a0\u00bb0&Prime; el_class=\u00a0\u00bbteamlist\u00a0\u00bb][vc_empty_space empty_h=\u00a0\u00bb2&Prime;][\/vc_accordion_tab][\/vc_accordion][\/vc_column][vc_column width=\u00a0\u00bb1\/2&Prime;][vc_column_text uncode_shortcode_id=\u00a0\u00bb263354&Prime;]Yvonne Pieles s\u2019est sp\u00e9cialis\u00e9e dans le domaine du contentieux et de la r\u00e9solution des litiges. Ses principaux domaines d\u2019activit\u00e9s sont les litiges commerciaux complexes, le droit p\u00e9nal \u00e9conomique, la faute professionnelle m\u00e9dicale, les proc\u00e8s en mati\u00e8re de droit des contrats, de successions et du travail, ainsi que l\u2019assistance judiciaire internationale en mati\u00e8re civile et p\u00e9nale.<\/p>\n<p>Outre ses activit\u00e9s en mati\u00e8re de contentieux, elle conseille \u00e9galement des entreprises et des entrepreneurs dans toutes les questions relatives au droit du travail (r\u00e9daction de contrats, clause de non-concurrence, fin des rapports de travail\/licenciements).<\/p>\n<p>Elle a acquis des connaissances approfondies en droit civil et p\u00e9nal (en particulier dans le domaine des violations du devoir de diligence) dans un cabinet d\u2019avocats d\u2019affaires renomm\u00e9 \u00e0 Zurich et \u00e0 B\u00e2le en tant que membre de l\u2019\u00e9quipe du contentieux et cheffe du d\u00e9partement de droit p\u00e9nal \u00e9conomique. Elle dispose d&rsquo;une longue exp\u00e9rience dans le conseil et la repr\u00e9sentation d&rsquo;entreprises et de particuliers dans des proc\u00e9dures nationales et transfrontali\u00e8res.<\/p>\n<p>Elle est membre du comit\u00e9 de l&rsquo;Ordre des avocats de B\u00e2le et de l&rsquo;association d&rsquo;utilit\u00e9 publique familea. Par ailleurs, elle publie et donne r\u00e9guli\u00e8rement des conf\u00e9rences sur des questions juridiques dans ses domaines de pr\u00e9dilection.<\/p>\n<p>Elle a fait ses \u00e9tudes aux universit\u00e9s de B\u00e2le et de Freiburg im Breisgau (lic. iur. 2004). Quatre ans plus tard, elle a \u00e9t\u00e9 admise au barreau. Outre des d\u00e9tachements chez Peters &amp; Peters Solicitors LLP et Mishcon de Reya LLP \u00e0 Londres, elle a suivi des \u00e9tudes postgrades dans les domaines de la finance et de la comptabilit\u00e9 (CAS Finance et comptabilit\u00e9 2015) et du droit m\u00e9dical (CAS MedLaw 2020.[\/vc_column_text][\/vc_column][\/vc_row]<\/p>\n<\/div>","protected":false},"excerpt":{"rendered":"<p>[vc_row row_height_percent=\u00a0\u00bb80&Prime; override_padding=\u00a0\u00bbyes\u00a0\u00bb h_padding=\u00a0\u00bb2&Prime; top_padding=\u00a0\u00bb1&Prime; bottom_padding=\u00a0\u00bb1&Prime; back_image=\u00a0\u00bb163&Prime; overlay_alpha=\u00a0\u00bb50&Prime; gutter_size=\u00a0\u00bb3&Prime; column_width_percent=\u00a0\u00bb100&Prime; shift_y=\u00a0\u00bb0&Prime; z_index=\u00a0\u00bb0&Prime; uncode_shortcode_id=\u00a0\u00bb140692&Prime; row_height_pixel=\u00a0\u00bb300&Prime;][vc_column column_width_percent=\u00a0\u00bb100&Prime; position_horizontal=\u00a0\u00bbleft\u00a0\u00bb position_vertical=\u00a0\u00bbbottom\u00a0\u00bb gutter_size=\u00a0\u00bb3&Prime; overlay_alpha=\u00a0\u00bb50&Prime; shift_x=\u00a0\u00bb0&Prime; [&hellip;]<\/p>\n","protected":false},"author":25,"featured_media":2928,"parent":3427,"menu_order":420,"comment_status":"closed","ping_status":"closed","template":"","meta":{"_acf_changed":false,"footnotes":""},"class_list":["post-3880","page","type-page","status-publish","has-post-thumbnail","hentry","page_category-responsabilite-civile","page_category-action-en-justice-juridiction-arbitrale","page_category-droit-penal-economique"],"acf":[],"yoast_head":"<!-- This site is optimized with the Yoast SEO plugin v27.4 - https:\/\/yoast.com\/product\/yoast-seo-wordpress\/ -->\n<title>Yvonne Pieles &#8226; burckhardt AG<\/title>\n<meta name=\"robots\" content=\"index, follow, max-snippet:-1, max-image-preview:large, max-video-preview:-1\" \/>\n<link rel=\"canonical\" href=\"https:\/\/www.burckhardtlaw.com\/fr\/team\/yvonne-pieles\/\" \/>\n<meta property=\"og:locale\" content=\"fr_FR\" \/>\n<meta property=\"og:type\" content=\"article\" \/>\n<meta property=\"og:title\" content=\"Yvonne Pieles &#8226; burckhardt AG\" \/>\n<meta property=\"og:description\" content=\"[vc_row row_height_percent=\u00a0\u00bb80&Prime; override_padding=\u00a0\u00bbyes\u00a0\u00bb h_padding=\u00a0\u00bb2&Prime; top_padding=\u00a0\u00bb1&Prime; bottom_padding=\u00a0\u00bb1&Prime; back_image=\u00a0\u00bb163&Prime; overlay_alpha=\u00a0\u00bb50&Prime; gutter_size=\u00a0\u00bb3&Prime; column_width_percent=\u00a0\u00bb100&Prime; shift_y=\u00a0\u00bb0&Prime; z_index=\u00a0\u00bb0&Prime; uncode_shortcode_id=\u00a0\u00bb140692&Prime; row_height_pixel=\u00a0\u00bb300&Prime;][vc_column column_width_percent=\u00a0\u00bb100&Prime; position_horizontal=\u00a0\u00bbleft\u00a0\u00bb position_vertical=\u00a0\u00bbbottom\u00a0\u00bb gutter_size=\u00a0\u00bb3&Prime; overlay_alpha=\u00a0\u00bb50&Prime; shift_x=\u00a0\u00bb0&Prime; [&hellip;]\" \/>\n<meta property=\"og:url\" content=\"https:\/\/www.burckhardtlaw.com\/fr\/team\/yvonne-pieles\/\" \/>\n<meta property=\"og:site_name\" content=\"burckhardt AG\" \/>\n<meta property=\"article:modified_time\" content=\"2025-05-09T09:48:22+00:00\" \/>\n<meta property=\"og:image\" content=\"https:\/\/www.burckhardtlaw.com\/wp-content\/uploads\/2022\/04\/Yves-Pieles.jpg\" \/>\n\t<meta property=\"og:image:width\" content=\"2000\" \/>\n\t<meta property=\"og:image:height\" content=\"1334\" \/>\n\t<meta property=\"og:image:type\" content=\"image\/jpeg\" \/>\n<meta name=\"twitter:card\" content=\"summary_large_image\" \/>\n<meta name=\"twitter:label1\" content=\"Dur\u00e9e de lecture estim\u00e9e\" \/>\n\t<meta name=\"twitter:data1\" content=\"3 minutes\" \/>\n<script type=\"application\/ld+json\" class=\"yoast-schema-graph\">{\"@context\":\"https:\\\/\\\/schema.org\",\"@graph\":[{\"@type\":\"WebPage\",\"@id\":\"https:\\\/\\\/www.burckhardtlaw.com\\\/fr\\\/team\\\/yvonne-pieles\\\/\",\"url\":\"https:\\\/\\\/www.burckhardtlaw.com\\\/fr\\\/team\\\/yvonne-pieles\\\/\",\"name\":\"Yvonne Pieles &#8226; burckhardt AG\",\"isPartOf\":{\"@id\":\"https:\\\/\\\/burckhardtlaw.com\\\/#website\"},\"primaryImageOfPage\":{\"@id\":\"https:\\\/\\\/www.burckhardtlaw.com\\\/fr\\\/team\\\/yvonne-pieles\\\/#primaryimage\"},\"image\":{\"@id\":\"https:\\\/\\\/www.burckhardtlaw.com\\\/fr\\\/team\\\/yvonne-pieles\\\/#primaryimage\"},\"thumbnailUrl\":\"https:\\\/\\\/www.burckhardtlaw.com\\\/wp-content\\\/uploads\\\/2022\\\/04\\\/Yves-Pieles.jpg\",\"datePublished\":\"2022-05-04T09:36:13+00:00\",\"dateModified\":\"2025-05-09T09:48:22+00:00\",\"breadcrumb\":{\"@id\":\"https:\\\/\\\/www.burckhardtlaw.com\\\/fr\\\/team\\\/yvonne-pieles\\\/#breadcrumb\"},\"inLanguage\":\"fr-FR\",\"potentialAction\":[{\"@type\":\"ReadAction\",\"target\":[\"https:\\\/\\\/www.burckhardtlaw.com\\\/fr\\\/team\\\/yvonne-pieles\\\/\"]}]},{\"@type\":\"ImageObject\",\"inLanguage\":\"fr-FR\",\"@id\":\"https:\\\/\\\/www.burckhardtlaw.com\\\/fr\\\/team\\\/yvonne-pieles\\\/#primaryimage\",\"url\":\"https:\\\/\\\/www.burckhardtlaw.com\\\/wp-content\\\/uploads\\\/2022\\\/04\\\/Yves-Pieles.jpg\",\"contentUrl\":\"https:\\\/\\\/www.burckhardtlaw.com\\\/wp-content\\\/uploads\\\/2022\\\/04\\\/Yves-Pieles.jpg\",\"width\":2000,\"height\":1334},{\"@type\":\"BreadcrumbList\",\"@id\":\"https:\\\/\\\/www.burckhardtlaw.com\\\/fr\\\/team\\\/yvonne-pieles\\\/#breadcrumb\",\"itemListElement\":[{\"@type\":\"ListItem\",\"position\":1,\"name\":\"Startseite\",\"item\":\"https:\\\/\\\/www.burckhardtlaw.com\\\/fr\\\/\"},{\"@type\":\"ListItem\",\"position\":2,\"name\":\"2.0 Team\",\"item\":\"https:\\\/\\\/www.burckhardtlaw.com\\\/fr\\\/team\\\/\"},{\"@type\":\"ListItem\",\"position\":3,\"name\":\"Yvonne Pieles\"}]},{\"@type\":\"WebSite\",\"@id\":\"https:\\\/\\\/burckhardtlaw.com\\\/#website\",\"url\":\"https:\\\/\\\/burckhardtlaw.com\\\/\",\"name\":\"burckhardt AG\",\"description\":\"Notare. Anw\u00e4lte. Steuerexperten.\",\"publisher\":{\"@id\":\"https:\\\/\\\/burckhardtlaw.com\\\/#organization\"},\"potentialAction\":[{\"@type\":\"SearchAction\",\"target\":{\"@type\":\"EntryPoint\",\"urlTemplate\":\"https:\\\/\\\/burckhardtlaw.com\\\/?s={search_term_string}\"},\"query-input\":{\"@type\":\"PropertyValueSpecification\",\"valueRequired\":true,\"valueName\":\"search_term_string\"}}],\"inLanguage\":\"fr-FR\"},{\"@type\":\"Organization\",\"@id\":\"https:\\\/\\\/burckhardtlaw.com\\\/#organization\",\"name\":\"burckhardt AG\",\"url\":\"https:\\\/\\\/burckhardtlaw.com\\\/\",\"logo\":{\"@type\":\"ImageObject\",\"inLanguage\":\"fr-FR\",\"@id\":\"https:\\\/\\\/burckhardtlaw.com\\\/#\\\/schema\\\/logo\\\/image\\\/\",\"url\":\"https:\\\/\\\/www.burckhardtlaw.com\\\/wp-content\\\/uploads\\\/2022\\\/05\\\/burckhardt-Logo_blue_rgb-no-padding.png\",\"contentUrl\":\"https:\\\/\\\/www.burckhardtlaw.com\\\/wp-content\\\/uploads\\\/2022\\\/05\\\/burckhardt-Logo_blue_rgb-no-padding.png\",\"width\":800,\"height\":185,\"caption\":\"burckhardt AG\"},\"image\":{\"@id\":\"https:\\\/\\\/burckhardtlaw.com\\\/#\\\/schema\\\/logo\\\/image\\\/\"}}]}<\/script>\n<!-- \/ Yoast SEO plugin. -->","yoast_head_json":{"title":"Yvonne Pieles &#8226; burckhardt AG","robots":{"index":"index","follow":"follow","max-snippet":"max-snippet:-1","max-image-preview":"max-image-preview:large","max-video-preview":"max-video-preview:-1"},"canonical":"https:\/\/www.burckhardtlaw.com\/fr\/team\/yvonne-pieles\/","og_locale":"fr_FR","og_type":"article","og_title":"Yvonne Pieles &#8226; burckhardt AG","og_description":"[vc_row row_height_percent=\u00a0\u00bb80&Prime; override_padding=\u00a0\u00bbyes\u00a0\u00bb h_padding=\u00a0\u00bb2&Prime; top_padding=\u00a0\u00bb1&Prime; bottom_padding=\u00a0\u00bb1&Prime; back_image=\u00a0\u00bb163&Prime; overlay_alpha=\u00a0\u00bb50&Prime; gutter_size=\u00a0\u00bb3&Prime; column_width_percent=\u00a0\u00bb100&Prime; shift_y=\u00a0\u00bb0&Prime; z_index=\u00a0\u00bb0&Prime; uncode_shortcode_id=\u00a0\u00bb140692&Prime; row_height_pixel=\u00a0\u00bb300&Prime;][vc_column column_width_percent=\u00a0\u00bb100&Prime; position_horizontal=\u00a0\u00bbleft\u00a0\u00bb position_vertical=\u00a0\u00bbbottom\u00a0\u00bb gutter_size=\u00a0\u00bb3&Prime; overlay_alpha=\u00a0\u00bb50&Prime; shift_x=\u00a0\u00bb0&Prime; [&hellip;]","og_url":"https:\/\/www.burckhardtlaw.com\/fr\/team\/yvonne-pieles\/","og_site_name":"burckhardt AG","article_modified_time":"2025-05-09T09:48:22+00:00","og_image":[{"width":2000,"height":1334,"url":"https:\/\/www.burckhardtlaw.com\/wp-content\/uploads\/2022\/04\/Yves-Pieles.jpg","type":"image\/jpeg"}],"twitter_card":"summary_large_image","twitter_misc":{"Dur\u00e9e de lecture estim\u00e9e":"3 minutes"},"schema":{"@context":"https:\/\/schema.org","@graph":[{"@type":"WebPage","@id":"https:\/\/www.burckhardtlaw.com\/fr\/team\/yvonne-pieles\/","url":"https:\/\/www.burckhardtlaw.com\/fr\/team\/yvonne-pieles\/","name":"Yvonne Pieles &#8226; burckhardt AG","isPartOf":{"@id":"https:\/\/burckhardtlaw.com\/#website"},"primaryImageOfPage":{"@id":"https:\/\/www.burckhardtlaw.com\/fr\/team\/yvonne-pieles\/#primaryimage"},"image":{"@id":"https:\/\/www.burckhardtlaw.com\/fr\/team\/yvonne-pieles\/#primaryimage"},"thumbnailUrl":"https:\/\/www.burckhardtlaw.com\/wp-content\/uploads\/2022\/04\/Yves-Pieles.jpg","datePublished":"2022-05-04T09:36:13+00:00","dateModified":"2025-05-09T09:48:22+00:00","breadcrumb":{"@id":"https:\/\/www.burckhardtlaw.com\/fr\/team\/yvonne-pieles\/#breadcrumb"},"inLanguage":"fr-FR","potentialAction":[{"@type":"ReadAction","target":["https:\/\/www.burckhardtlaw.com\/fr\/team\/yvonne-pieles\/"]}]},{"@type":"ImageObject","inLanguage":"fr-FR","@id":"https:\/\/www.burckhardtlaw.com\/fr\/team\/yvonne-pieles\/#primaryimage","url":"https:\/\/www.burckhardtlaw.com\/wp-content\/uploads\/2022\/04\/Yves-Pieles.jpg","contentUrl":"https:\/\/www.burckhardtlaw.com\/wp-content\/uploads\/2022\/04\/Yves-Pieles.jpg","width":2000,"height":1334},{"@type":"BreadcrumbList","@id":"https:\/\/www.burckhardtlaw.com\/fr\/team\/yvonne-pieles\/#breadcrumb","itemListElement":[{"@type":"ListItem","position":1,"name":"Startseite","item":"https:\/\/www.burckhardtlaw.com\/fr\/"},{"@type":"ListItem","position":2,"name":"2.0 Team","item":"https:\/\/www.burckhardtlaw.com\/fr\/team\/"},{"@type":"ListItem","position":3,"name":"Yvonne Pieles"}]},{"@type":"WebSite","@id":"https:\/\/burckhardtlaw.com\/#website","url":"https:\/\/burckhardtlaw.com\/","name":"burckhardt AG","description":"Notare. Anw\u00e4lte. Steuerexperten.","publisher":{"@id":"https:\/\/burckhardtlaw.com\/#organization"},"potentialAction":[{"@type":"SearchAction","target":{"@type":"EntryPoint","urlTemplate":"https:\/\/burckhardtlaw.com\/?s={search_term_string}"},"query-input":{"@type":"PropertyValueSpecification","valueRequired":true,"valueName":"search_term_string"}}],"inLanguage":"fr-FR"},{"@type":"Organization","@id":"https:\/\/burckhardtlaw.com\/#organization","name":"burckhardt AG","url":"https:\/\/burckhardtlaw.com\/","logo":{"@type":"ImageObject","inLanguage":"fr-FR","@id":"https:\/\/burckhardtlaw.com\/#\/schema\/logo\/image\/","url":"https:\/\/www.burckhardtlaw.com\/wp-content\/uploads\/2022\/05\/burckhardt-Logo_blue_rgb-no-padding.png","contentUrl":"https:\/\/www.burckhardtlaw.com\/wp-content\/uploads\/2022\/05\/burckhardt-Logo_blue_rgb-no-padding.png","width":800,"height":185,"caption":"burckhardt AG"},"image":{"@id":"https:\/\/burckhardtlaw.com\/#\/schema\/logo\/image\/"}}]}},"_links":{"self":[{"href":"https:\/\/www.burckhardtlaw.com\/fr\/wp-json\/wp\/v2\/pages\/3880","targetHints":{"allow":["GET"]}}],"collection":[{"href":"https:\/\/www.burckhardtlaw.com\/fr\/wp-json\/wp\/v2\/pages"}],"about":[{"href":"https:\/\/www.burckhardtlaw.com\/fr\/wp-json\/wp\/v2\/types\/page"}],"author":[{"embeddable":true,"href":"https:\/\/www.burckhardtlaw.com\/fr\/wp-json\/wp\/v2\/users\/25"}],"replies":[{"embeddable":true,"href":"https:\/\/www.burckhardtlaw.com\/fr\/wp-json\/wp\/v2\/comments?post=3880"}],"version-history":[{"count":0,"href":"https:\/\/www.burckhardtlaw.com\/fr\/wp-json\/wp\/v2\/pages\/3880\/revisions"}],"up":[{"embeddable":true,"href":"https:\/\/www.burckhardtlaw.com\/fr\/wp-json\/wp\/v2\/pages\/3427"}],"wp:featuredmedia":[{"embeddable":true,"href":"https:\/\/www.burckhardtlaw.com\/fr\/wp-json\/wp\/v2\/media\/2928"}],"wp:attachment":[{"href":"https:\/\/www.burckhardtlaw.com\/fr\/wp-json\/wp\/v2\/media?parent=3880"}],"curies":[{"name":"wp","href":"https:\/\/api.w.org\/{rel}","templated":true}]}}