{"id":3804,"date":"2022-05-04T11:32:40","date_gmt":"2022-05-04T11:32:40","guid":{"rendered":"https:\/\/burckhardtlaw.com\/?page_id=3804"},"modified":"2023-02-08T14:05:19","modified_gmt":"2023-02-08T14:05:19","slug":"stefanie-grimm","status":"publish","type":"page","link":"https:\/\/www.burckhardtlaw.com\/fr\/team\/stefanie-grimm\/","title":{"rendered":"Stefanie Grimm"},"content":{"rendered":"<div class=\"wpb-content-wrapper\"><p>[vc_row row_height_percent=\u00a0\u00bb80&Prime; override_padding=\u00a0\u00bbyes\u00a0\u00bb h_padding=\u00a0\u00bb2&Prime; top_padding=\u00a0\u00bb1&Prime; bottom_padding=\u00a0\u00bb1&Prime; back_image=\u00a0\u00bb118&Prime; overlay_alpha=\u00a0\u00bb50&Prime; gutter_size=\u00a0\u00bb3&Prime; column_width_percent=\u00a0\u00bb100&Prime; shift_y=\u00a0\u00bb0&Prime; z_index=\u00a0\u00bb0&Prime; uncode_shortcode_id=\u00a0\u00bb676398&Prime; row_height_pixel=\u00a0\u00bb300&Prime;][vc_column column_width_percent=\u00a0\u00bb100&Prime; position_horizontal=\u00a0\u00bbleft\u00a0\u00bb position_vertical=\u00a0\u00bbbottom\u00a0\u00bb gutter_size=\u00a0\u00bb3&Prime; overlay_alpha=\u00a0\u00bb50&Prime; shift_x=\u00a0\u00bb0&Prime; shift_y=\u00a0\u00bb0&Prime; shift_y_down=\u00a0\u00bb0&Prime; z_index=\u00a0\u00bb0&Prime; medium_width=\u00a0\u00bb0&Prime; mobile_width=\u00a0\u00bb0&Prime; width=\u00a0\u00bb1\/1&Prime; uncode_shortcode_id=\u00a0\u00bb191336&Prime;][\/vc_column][\/vc_row][vc_row][vc_column column_width_percent=\u00a0\u00bb100&Prime; gutter_size=\u00a0\u00bb1&Prime; overlay_alpha=\u00a0\u00bb50&Prime; shift_x=\u00a0\u00bb0&Prime; shift_y=\u00a0\u00bb0&Prime; shift_y_down=\u00a0\u00bb0&Prime; z_index=\u00a0\u00bb0&Prime; medium_width=\u00a0\u00bb0&Prime; mobile_width=\u00a0\u00bb0&Prime; width=\u00a0\u00bb1\/3&Prime; uncode_shortcode_id=\u00a0\u00bb113605&Prime;][vc_custom_heading heading_semantic=\u00a0\u00bbh1&Prime; text_size=\u00a0\u00bbh1&Prime; sub_reduced=\u00a0\u00bbyes\u00a0\u00bb uncode_shortcode_id=\u00a0\u00bb133939&Prime;]Stefanie Grimm[\/vc_custom_heading][vc_column_text uncode_shortcode_id=\u00a0\u00bb149688&Prime;]lic. iur.[\/vc_column_text][\/vc_column][vc_column column_width_percent=\u00a0\u00bb100&Prime; position_horizontal=\u00a0\u00bbright\u00a0\u00bb align_horizontal=\u00a0\u00bbalign_right\u00a0\u00bb gutter_size=\u00a0\u00bb1&Prime; overlay_alpha=\u00a0\u00bb50&Prime; shift_x=\u00a0\u00bb0&Prime; shift_y=\u00a0\u00bb0&Prime; shift_y_down=\u00a0\u00bb0&Prime; z_index=\u00a0\u00bb0&Prime; medium_width=\u00a0\u00bb0&Prime; mobile_width=\u00a0\u00bb0&Prime; width=\u00a0\u00bb2\/3&Prime; uncode_shortcode_id=\u00a0\u00bb260943&Prime;][uncode_list icon=\u00a0\u00bbfa fa-map-pin\u00a0\u00bb icon_color=\u00a0\u00bbcolor-135397&Prime; uncode_shortcode_id=\u00a0\u00bb204358&Prime; icon_color_type=\u00a0\u00bbuncode-palette\u00a0\u00bb]<\/p>\n<ul>\n<li><a class=\"regular\" href=\"https:\/\/www.google.com\/maps\/place\/burckhardt+AG\/@47.5514752,7.5889642,15z\/data=!4m5!3m4!1s0x0:0x85b5da8c96b40062!8m2!3d47.5514752!4d7.5889642\">Steinentorstrasse 23, Case postale 258, CH-4010 B\u00e2le<\/a><\/li>\n<\/ul>\n<p>[\/uncode_list][uncode_list icon=\u00a0\u00bbfa fa-phone-handset\u00a0\u00bb icon_color=\u00a0\u00bbcolor-135397&Prime; uncode_shortcode_id=\u00a0\u00bb137090&Prime; icon_color_type=\u00a0\u00bbuncode-palette\u00a0\u00bb]<\/p>\n<ul>\n<li>+41 58 881 00 35<\/li>\n<\/ul>\n<p>[\/uncode_list][uncode_list icon=\u00a0\u00bbfa fa-envelope3&Prime; icon_color=\u00a0\u00bbcolor-135397&Prime; uncode_shortcode_id=\u00a0\u00bb179926&Prime; icon_color_type=\u00a0\u00bbuncode-palette\u00a0\u00bb]<\/p>\n<ul>\n<li><a class=\"regular\" href=\"mailto:grimm@burckhardtlaw.com\">grimm@burckhardtlaw.com<\/a><\/li>\n<\/ul>\n<p>[\/uncode_list][\/vc_column][\/vc_row][vc_row row_height_percent=\u00a0\u00bb0&Prime; overlay_alpha=\u00a0\u00bb50&Prime; gutter_size=\u00a0\u00bb4&Prime; column_width_percent=\u00a0\u00bb100&Prime; shift_y=\u00a0\u00bb0&Prime; z_index=\u00a0\u00bb0&Prime; uncode_shortcode_id=\u00a0\u00bb161157&Prime;][vc_column column_width_percent=\u00a0\u00bb94&Prime; position_horizontal=\u00a0\u00bbleft\u00a0\u00bb gutter_size=\u00a0\u00bb2&Prime; overlay_alpha=\u00a0\u00bb50&Prime; shift_x=\u00a0\u00bb0&Prime; shift_y=\u00a0\u00bb0&Prime; shift_y_down=\u00a0\u00bb0&Prime; z_index=\u00a0\u00bb0&Prime; medium_width=\u00a0\u00bb0&Prime; mobile_width=\u00a0\u00bb0&Prime; width=\u00a0\u00bb1\/2&Prime; uncode_shortcode_id=\u00a0\u00bb575887&Prime;][vc_button button_color=\u00a0\u00bbcolor-137653&Prime; size=\u00a0\u00bbbtn-sm\u00a0\u00bb wide=\u00a0\u00bbyes\u00a0\u00bb hover_fx=\u00a0\u00bbfull-colored\u00a0\u00bb border_width=\u00a0\u00bb0&Prime; icon=\u00a0\u00bbfa fa-download5&Prime; uncode_shortcode_id=\u00a0\u00bb210086&Prime; button_color_type=\u00a0\u00bbuncode-palette\u00a0\u00bb link=\u00a0\u00bburl:https%3A%2F%2Fwww.burckhardtlaw.com%2Fwp-content%2Fuploads%2F2023%2F02%2FSGrimm-F.pdf|target:_blank\u00a0\u00bb]t\u00e9l\u00e9chargement profil[\/vc_button][vc_button button_color=\u00a0\u00bbcolor-137653&Prime; size=\u00a0\u00bbbtn-sm\u00a0\u00bb wide=\u00a0\u00bbyes\u00a0\u00bb border_width=\u00a0\u00bb0&Prime; icon=\u00a0\u00bbfa fa-download5&Prime; uncode_shortcode_id=\u00a0\u00bb497366&Prime; button_color_type=\u00a0\u00bbuncode-palette\u00a0\u00bb link=\u00a0\u00bburl:https%3A%2F%2Fwww.burckhardtlaw.com%2Fwp-content%2Fuploads%2F2022%2F05%2FStefanie-Grimm-f.vcf\u00a0\u00bb]t\u00e9l\u00e9chargement contact (vCard)[\/vc_button][vc_accordion sign=\u00a0\u00bbplus\u00a0\u00bb active_tab=\u00a0\u00bb0&Prime;][vc_accordion_tab gutter_size=\u00a0\u00bb2&Prime; column_padding=\u00a0\u00bb2&Prime; title=\u00a0\u00bbLangues\u00a0\u00bb tab_id=\u00a0\u00bb1651591693-1-52&Prime;][uncode_list uncode_shortcode_id=\u00a0\u00bb112317&Prime;]<\/p>\n<ul>\n<li>Allemand<\/li>\n<li>Anglais<\/li>\n<li>Fran\u00e7ais<\/li>\n<\/ul>\n<p>[\/uncode_list][\/vc_accordion_tab][vc_accordion_tab gutter_size=\u00a0\u00bb2&Prime; column_padding=\u00a0\u00bb2&Prime; title=\u00a0\u00bbExpertises &amp; industries\u00a0\u00bb tab_id=\u00a0\u00bb1651591693-2-90&Prime;][vc_empty_space empty_h=\u00a0\u00bb2&Prime;][vc_empty_space empty_h=\u00a0\u00bb1&Prime;][uncode_index el_id=\u00a0\u00bbindex-959738&Prime; index_type=\u00a0\u00bbtitles\u00a0\u00bb loop=\u00a0\u00bbsize:All|order_by:date|post_type:post|by_id:884,870,860|taxonomy_count:All|taxonomy_show_empty:yes\u00a0\u00bb gutter_size=\u00a0\u00bb0&Prime; drop_image_position=\u00a0\u00bbhide\u00a0\u00bb drop_image_time=\u00a0\u00bb0&Prime; single_title_semantic=\u00a0\u00bbh6&Prime; single_title_family=\u00a0\u00bbfont-131852&Prime; single_title_dimension=\u00a0\u00bbfontsize-207156&Prime; single_title_height=\u00a0\u00bbfontheight-990954&Prime; custom_order=\u00a0\u00bbyes\u00a0\u00bb uncode_shortcode_id=\u00a0\u00bb134961&Prime; order_ids=\u00a0\u00bb870,860,884,866&Prime; back_size=\u00a0\u00bb0&Prime; el_class=\u00a0\u00bbteamlist\u00a0\u00bb][vc_empty_space empty_h=\u00a0\u00bb2&Prime;][\/vc_accordion_tab][\/vc_accordion][\/vc_column][vc_column width=\u00a0\u00bb1\/2&Prime;][vc_column_text uncode_shortcode_id=\u00a0\u00bb353829&Prime;]Le domaine d\u2019activit\u00e9 de Stefanie Grimm se concentre sur la r\u00e9daction de contrats fonciers ainsi que de tout document d\u2019entreprise.<\/p>\n<p>De 2001 \u00e0 2010, elle a travaill\u00e9 pour un cabinet international. Apr\u00e8s ses \u00e9tudes, elle a travaill\u00e9 dans le domaine des conventions collectives et pour un cabinet international \u00e0 B\u00e2le. Stefanie Grimm travaille chez burckhardt depuis 2014.<\/p>\n<p>Stefanie Grimm a fait ses \u00e9tudes \u00e0 l\u2019Universit\u00e9 de B\u00e2le (licence en droit 2010, pas admise au barreau).[\/vc_column_text][\/vc_column][\/vc_row]<\/p>\n<\/div>","protected":false},"excerpt":{"rendered":"<p>[vc_row row_height_percent=\u00a0\u00bb80&Prime; override_padding=\u00a0\u00bbyes\u00a0\u00bb h_padding=\u00a0\u00bb2&Prime; top_padding=\u00a0\u00bb1&Prime; bottom_padding=\u00a0\u00bb1&Prime; back_image=\u00a0\u00bb118&Prime; overlay_alpha=\u00a0\u00bb50&Prime; gutter_size=\u00a0\u00bb3&Prime; column_width_percent=\u00a0\u00bb100&Prime; shift_y=\u00a0\u00bb0&Prime; z_index=\u00a0\u00bb0&Prime; uncode_shortcode_id=\u00a0\u00bb676398&Prime; row_height_pixel=\u00a0\u00bb300&Prime;][vc_column column_width_percent=\u00a0\u00bb100&Prime; position_horizontal=\u00a0\u00bbleft\u00a0\u00bb position_vertical=\u00a0\u00bbbottom\u00a0\u00bb gutter_size=\u00a0\u00bb3&Prime; overlay_alpha=\u00a0\u00bb50&Prime; shift_x=\u00a0\u00bb0&Prime; [&hellip;]<\/p>\n","protected":false},"author":25,"featured_media":2916,"parent":3427,"menu_order":340,"comment_status":"closed","ping_status":"closed","template":"","meta":{"_acf_changed":false,"footnotes":""},"class_list":["post-3804","page","type-page","status-publish","has-post-thumbnail","hentry","page_category-droit-successoral","page_category-immobilier","page_category-fiscalite"],"acf":[],"yoast_head":"<!-- This site is optimized with the Yoast SEO plugin v27.5 - https:\/\/yoast.com\/product\/yoast-seo-wordpress\/ -->\n<title>Stefanie Grimm &#8226; burckhardt AG<\/title>\n<meta name=\"robots\" content=\"index, follow, max-snippet:-1, max-image-preview:large, max-video-preview:-1\" \/>\n<link rel=\"canonical\" href=\"https:\/\/www.burckhardtlaw.com\/fr\/team\/stefanie-grimm\/\" \/>\n<meta property=\"og:locale\" content=\"fr_FR\" \/>\n<meta property=\"og:type\" content=\"article\" \/>\n<meta property=\"og:title\" content=\"Stefanie Grimm &#8226; burckhardt AG\" \/>\n<meta property=\"og:description\" content=\"[vc_row row_height_percent=\u00a0\u00bb80&Prime; override_padding=\u00a0\u00bbyes\u00a0\u00bb h_padding=\u00a0\u00bb2&Prime; top_padding=\u00a0\u00bb1&Prime; bottom_padding=\u00a0\u00bb1&Prime; back_image=\u00a0\u00bb118&Prime; overlay_alpha=\u00a0\u00bb50&Prime; gutter_size=\u00a0\u00bb3&Prime; column_width_percent=\u00a0\u00bb100&Prime; shift_y=\u00a0\u00bb0&Prime; z_index=\u00a0\u00bb0&Prime; uncode_shortcode_id=\u00a0\u00bb676398&Prime; row_height_pixel=\u00a0\u00bb300&Prime;][vc_column column_width_percent=\u00a0\u00bb100&Prime; position_horizontal=\u00a0\u00bbleft\u00a0\u00bb position_vertical=\u00a0\u00bbbottom\u00a0\u00bb gutter_size=\u00a0\u00bb3&Prime; overlay_alpha=\u00a0\u00bb50&Prime; shift_x=\u00a0\u00bb0&Prime; [&hellip;]\" \/>\n<meta property=\"og:url\" content=\"https:\/\/www.burckhardtlaw.com\/fr\/team\/stefanie-grimm\/\" \/>\n<meta property=\"og:site_name\" content=\"burckhardt AG\" \/>\n<meta property=\"article:modified_time\" content=\"2023-02-08T14:05:19+00:00\" \/>\n<meta property=\"og:image\" content=\"https:\/\/www.burckhardtlaw.com\/wp-content\/uploads\/2022\/04\/Stefanie-Grimm.jpg\" \/>\n\t<meta property=\"og:image:width\" content=\"2000\" \/>\n\t<meta property=\"og:image:height\" content=\"1334\" \/>\n\t<meta property=\"og:image:type\" content=\"image\/jpeg\" \/>\n<meta name=\"twitter:card\" content=\"summary_large_image\" \/>\n<meta name=\"twitter:label1\" content=\"Dur\u00e9e de lecture estim\u00e9e\" \/>\n\t<meta name=\"twitter:data1\" content=\"2 minutes\" \/>\n<script type=\"application\/ld+json\" class=\"yoast-schema-graph\">{\"@context\":\"https:\\\/\\\/schema.org\",\"@graph\":[{\"@type\":\"WebPage\",\"@id\":\"https:\\\/\\\/www.burckhardtlaw.com\\\/fr\\\/team\\\/stefanie-grimm\\\/\",\"url\":\"https:\\\/\\\/www.burckhardtlaw.com\\\/fr\\\/team\\\/stefanie-grimm\\\/\",\"name\":\"Stefanie Grimm &#8226; burckhardt AG\",\"isPartOf\":{\"@id\":\"https:\\\/\\\/burckhardtlaw.com\\\/#website\"},\"primaryImageOfPage\":{\"@id\":\"https:\\\/\\\/www.burckhardtlaw.com\\\/fr\\\/team\\\/stefanie-grimm\\\/#primaryimage\"},\"image\":{\"@id\":\"https:\\\/\\\/www.burckhardtlaw.com\\\/fr\\\/team\\\/stefanie-grimm\\\/#primaryimage\"},\"thumbnailUrl\":\"https:\\\/\\\/www.burckhardtlaw.com\\\/wp-content\\\/uploads\\\/2022\\\/04\\\/Stefanie-Grimm.jpg\",\"datePublished\":\"2022-05-04T11:32:40+00:00\",\"dateModified\":\"2023-02-08T14:05:19+00:00\",\"breadcrumb\":{\"@id\":\"https:\\\/\\\/www.burckhardtlaw.com\\\/fr\\\/team\\\/stefanie-grimm\\\/#breadcrumb\"},\"inLanguage\":\"fr-FR\",\"potentialAction\":[{\"@type\":\"ReadAction\",\"target\":[\"https:\\\/\\\/www.burckhardtlaw.com\\\/fr\\\/team\\\/stefanie-grimm\\\/\"]}]},{\"@type\":\"ImageObject\",\"inLanguage\":\"fr-FR\",\"@id\":\"https:\\\/\\\/www.burckhardtlaw.com\\\/fr\\\/team\\\/stefanie-grimm\\\/#primaryimage\",\"url\":\"https:\\\/\\\/www.burckhardtlaw.com\\\/wp-content\\\/uploads\\\/2022\\\/04\\\/Stefanie-Grimm.jpg\",\"contentUrl\":\"https:\\\/\\\/www.burckhardtlaw.com\\\/wp-content\\\/uploads\\\/2022\\\/04\\\/Stefanie-Grimm.jpg\",\"width\":2000,\"height\":1334},{\"@type\":\"BreadcrumbList\",\"@id\":\"https:\\\/\\\/www.burckhardtlaw.com\\\/fr\\\/team\\\/stefanie-grimm\\\/#breadcrumb\",\"itemListElement\":[{\"@type\":\"ListItem\",\"position\":1,\"name\":\"Startseite\",\"item\":\"https:\\\/\\\/www.burckhardtlaw.com\\\/fr\\\/\"},{\"@type\":\"ListItem\",\"position\":2,\"name\":\"2.0 Team\",\"item\":\"https:\\\/\\\/www.burckhardtlaw.com\\\/fr\\\/team\\\/\"},{\"@type\":\"ListItem\",\"position\":3,\"name\":\"Stefanie Grimm\"}]},{\"@type\":\"WebSite\",\"@id\":\"https:\\\/\\\/burckhardtlaw.com\\\/#website\",\"url\":\"https:\\\/\\\/burckhardtlaw.com\\\/\",\"name\":\"burckhardt AG\",\"description\":\"Notare. Anw\u00e4lte. Steuerexperten.\",\"publisher\":{\"@id\":\"https:\\\/\\\/burckhardtlaw.com\\\/#organization\"},\"potentialAction\":[{\"@type\":\"SearchAction\",\"target\":{\"@type\":\"EntryPoint\",\"urlTemplate\":\"https:\\\/\\\/burckhardtlaw.com\\\/?s={search_term_string}\"},\"query-input\":{\"@type\":\"PropertyValueSpecification\",\"valueRequired\":true,\"valueName\":\"search_term_string\"}}],\"inLanguage\":\"fr-FR\"},{\"@type\":\"Organization\",\"@id\":\"https:\\\/\\\/burckhardtlaw.com\\\/#organization\",\"name\":\"burckhardt AG\",\"url\":\"https:\\\/\\\/burckhardtlaw.com\\\/\",\"logo\":{\"@type\":\"ImageObject\",\"inLanguage\":\"fr-FR\",\"@id\":\"https:\\\/\\\/burckhardtlaw.com\\\/#\\\/schema\\\/logo\\\/image\\\/\",\"url\":\"https:\\\/\\\/www.burckhardtlaw.com\\\/wp-content\\\/uploads\\\/2022\\\/05\\\/burckhardt-Logo_blue_rgb-no-padding.png\",\"contentUrl\":\"https:\\\/\\\/www.burckhardtlaw.com\\\/wp-content\\\/uploads\\\/2022\\\/05\\\/burckhardt-Logo_blue_rgb-no-padding.png\",\"width\":800,\"height\":185,\"caption\":\"burckhardt AG\"},\"image\":{\"@id\":\"https:\\\/\\\/burckhardtlaw.com\\\/#\\\/schema\\\/logo\\\/image\\\/\"}}]}<\/script>\n<!-- \/ Yoast SEO plugin. -->","yoast_head_json":{"title":"Stefanie Grimm &#8226; burckhardt AG","robots":{"index":"index","follow":"follow","max-snippet":"max-snippet:-1","max-image-preview":"max-image-preview:large","max-video-preview":"max-video-preview:-1"},"canonical":"https:\/\/www.burckhardtlaw.com\/fr\/team\/stefanie-grimm\/","og_locale":"fr_FR","og_type":"article","og_title":"Stefanie Grimm &#8226; burckhardt AG","og_description":"[vc_row row_height_percent=\u00a0\u00bb80&Prime; override_padding=\u00a0\u00bbyes\u00a0\u00bb h_padding=\u00a0\u00bb2&Prime; top_padding=\u00a0\u00bb1&Prime; bottom_padding=\u00a0\u00bb1&Prime; back_image=\u00a0\u00bb118&Prime; overlay_alpha=\u00a0\u00bb50&Prime; gutter_size=\u00a0\u00bb3&Prime; column_width_percent=\u00a0\u00bb100&Prime; shift_y=\u00a0\u00bb0&Prime; z_index=\u00a0\u00bb0&Prime; uncode_shortcode_id=\u00a0\u00bb676398&Prime; row_height_pixel=\u00a0\u00bb300&Prime;][vc_column column_width_percent=\u00a0\u00bb100&Prime; position_horizontal=\u00a0\u00bbleft\u00a0\u00bb position_vertical=\u00a0\u00bbbottom\u00a0\u00bb gutter_size=\u00a0\u00bb3&Prime; overlay_alpha=\u00a0\u00bb50&Prime; shift_x=\u00a0\u00bb0&Prime; [&hellip;]","og_url":"https:\/\/www.burckhardtlaw.com\/fr\/team\/stefanie-grimm\/","og_site_name":"burckhardt AG","article_modified_time":"2023-02-08T14:05:19+00:00","og_image":[{"width":2000,"height":1334,"url":"https:\/\/www.burckhardtlaw.com\/wp-content\/uploads\/2022\/04\/Stefanie-Grimm.jpg","type":"image\/jpeg"}],"twitter_card":"summary_large_image","twitter_misc":{"Dur\u00e9e de lecture estim\u00e9e":"2 minutes"},"schema":{"@context":"https:\/\/schema.org","@graph":[{"@type":"WebPage","@id":"https:\/\/www.burckhardtlaw.com\/fr\/team\/stefanie-grimm\/","url":"https:\/\/www.burckhardtlaw.com\/fr\/team\/stefanie-grimm\/","name":"Stefanie Grimm &#8226; burckhardt AG","isPartOf":{"@id":"https:\/\/burckhardtlaw.com\/#website"},"primaryImageOfPage":{"@id":"https:\/\/www.burckhardtlaw.com\/fr\/team\/stefanie-grimm\/#primaryimage"},"image":{"@id":"https:\/\/www.burckhardtlaw.com\/fr\/team\/stefanie-grimm\/#primaryimage"},"thumbnailUrl":"https:\/\/www.burckhardtlaw.com\/wp-content\/uploads\/2022\/04\/Stefanie-Grimm.jpg","datePublished":"2022-05-04T11:32:40+00:00","dateModified":"2023-02-08T14:05:19+00:00","breadcrumb":{"@id":"https:\/\/www.burckhardtlaw.com\/fr\/team\/stefanie-grimm\/#breadcrumb"},"inLanguage":"fr-FR","potentialAction":[{"@type":"ReadAction","target":["https:\/\/www.burckhardtlaw.com\/fr\/team\/stefanie-grimm\/"]}]},{"@type":"ImageObject","inLanguage":"fr-FR","@id":"https:\/\/www.burckhardtlaw.com\/fr\/team\/stefanie-grimm\/#primaryimage","url":"https:\/\/www.burckhardtlaw.com\/wp-content\/uploads\/2022\/04\/Stefanie-Grimm.jpg","contentUrl":"https:\/\/www.burckhardtlaw.com\/wp-content\/uploads\/2022\/04\/Stefanie-Grimm.jpg","width":2000,"height":1334},{"@type":"BreadcrumbList","@id":"https:\/\/www.burckhardtlaw.com\/fr\/team\/stefanie-grimm\/#breadcrumb","itemListElement":[{"@type":"ListItem","position":1,"name":"Startseite","item":"https:\/\/www.burckhardtlaw.com\/fr\/"},{"@type":"ListItem","position":2,"name":"2.0 Team","item":"https:\/\/www.burckhardtlaw.com\/fr\/team\/"},{"@type":"ListItem","position":3,"name":"Stefanie Grimm"}]},{"@type":"WebSite","@id":"https:\/\/burckhardtlaw.com\/#website","url":"https:\/\/burckhardtlaw.com\/","name":"burckhardt AG","description":"Notare. Anw\u00e4lte. Steuerexperten.","publisher":{"@id":"https:\/\/burckhardtlaw.com\/#organization"},"potentialAction":[{"@type":"SearchAction","target":{"@type":"EntryPoint","urlTemplate":"https:\/\/burckhardtlaw.com\/?s={search_term_string}"},"query-input":{"@type":"PropertyValueSpecification","valueRequired":true,"valueName":"search_term_string"}}],"inLanguage":"fr-FR"},{"@type":"Organization","@id":"https:\/\/burckhardtlaw.com\/#organization","name":"burckhardt AG","url":"https:\/\/burckhardtlaw.com\/","logo":{"@type":"ImageObject","inLanguage":"fr-FR","@id":"https:\/\/burckhardtlaw.com\/#\/schema\/logo\/image\/","url":"https:\/\/www.burckhardtlaw.com\/wp-content\/uploads\/2022\/05\/burckhardt-Logo_blue_rgb-no-padding.png","contentUrl":"https:\/\/www.burckhardtlaw.com\/wp-content\/uploads\/2022\/05\/burckhardt-Logo_blue_rgb-no-padding.png","width":800,"height":185,"caption":"burckhardt AG"},"image":{"@id":"https:\/\/burckhardtlaw.com\/#\/schema\/logo\/image\/"}}]}},"_links":{"self":[{"href":"https:\/\/www.burckhardtlaw.com\/fr\/wp-json\/wp\/v2\/pages\/3804","targetHints":{"allow":["GET"]}}],"collection":[{"href":"https:\/\/www.burckhardtlaw.com\/fr\/wp-json\/wp\/v2\/pages"}],"about":[{"href":"https:\/\/www.burckhardtlaw.com\/fr\/wp-json\/wp\/v2\/types\/page"}],"author":[{"embeddable":true,"href":"https:\/\/www.burckhardtlaw.com\/fr\/wp-json\/wp\/v2\/users\/25"}],"replies":[{"embeddable":true,"href":"https:\/\/www.burckhardtlaw.com\/fr\/wp-json\/wp\/v2\/comments?post=3804"}],"version-history":[{"count":0,"href":"https:\/\/www.burckhardtlaw.com\/fr\/wp-json\/wp\/v2\/pages\/3804\/revisions"}],"up":[{"embeddable":true,"href":"https:\/\/www.burckhardtlaw.com\/fr\/wp-json\/wp\/v2\/pages\/3427"}],"wp:featuredmedia":[{"embeddable":true,"href":"https:\/\/www.burckhardtlaw.com\/fr\/wp-json\/wp\/v2\/media\/2916"}],"wp:attachment":[{"href":"https:\/\/www.burckhardtlaw.com\/fr\/wp-json\/wp\/v2\/media?parent=3804"}],"curies":[{"name":"wp","href":"https:\/\/api.w.org\/{rel}","templated":true}]}}