{"id":3568,"date":"2022-05-04T11:19:02","date_gmt":"2022-05-04T09:19:02","guid":{"rendered":"https:\/\/burckhardtlaw.com\/?page_id=3568"},"modified":"2024-10-16T10:35:32","modified_gmt":"2024-10-16T08:35:32","slug":"jacqueline-burckhardt-bertossa","status":"publish","type":"page","link":"https:\/\/www.burckhardtlaw.com\/fr\/team\/jacqueline-burckhardt-bertossa\/","title":{"rendered":"Jacqueline Burckhardt Bertossa"},"content":{"rendered":"<div class=\"wpb-content-wrapper\"><p>[vc_row row_height_percent=\u00a0\u00bb80&Prime; override_padding=\u00a0\u00bbyes\u00a0\u00bb h_padding=\u00a0\u00bb2&Prime; top_padding=\u00a0\u00bb1&Prime; bottom_padding=\u00a0\u00bb1&Prime; back_image=\u00a0\u00bb9858&Prime; overlay_alpha=\u00a0\u00bb50&Prime; gutter_size=\u00a0\u00bb3&Prime; column_width_percent=\u00a0\u00bb100&Prime; shift_y=\u00a0\u00bb0&Prime; z_index=\u00a0\u00bb0&Prime; uncode_shortcode_id=\u00a0\u00bb171991&Prime; row_height_pixel=\u00a0\u00bb300&Prime;][vc_column column_width_percent=\u00a0\u00bb100&Prime; position_horizontal=\u00a0\u00bbleft\u00a0\u00bb position_vertical=\u00a0\u00bbbottom\u00a0\u00bb gutter_size=\u00a0\u00bb3&Prime; overlay_alpha=\u00a0\u00bb50&Prime; shift_x=\u00a0\u00bb0&Prime; shift_y=\u00a0\u00bb0&Prime; shift_y_down=\u00a0\u00bb0&Prime; z_index=\u00a0\u00bb0&Prime; medium_width=\u00a0\u00bb0&Prime; mobile_width=\u00a0\u00bb0&Prime; width=\u00a0\u00bb1\/1&Prime; uncode_shortcode_id=\u00a0\u00bb322287&Prime;][\/vc_column][\/vc_row][vc_row row_height_percent=\u00a0\u00bb0&Prime; overlay_alpha=\u00a0\u00bb50&Prime; gutter_size=\u00a0\u00bb3&Prime; column_width_percent=\u00a0\u00bb100&Prime; shift_y=\u00a0\u00bb0&Prime; z_index=\u00a0\u00bb0&Prime; medium_visibility=\u00a0\u00bbyes\u00a0\u00bb mobile_visibility=\u00a0\u00bbyes\u00a0\u00bb uncode_shortcode_id=\u00a0\u00bb143874&Prime;][vc_column column_width_percent=\u00a0\u00bb100&Prime; gutter_size=\u00a0\u00bb1&Prime; overlay_alpha=\u00a0\u00bb50&Prime; shift_x=\u00a0\u00bb0&Prime; shift_y=\u00a0\u00bb0&Prime; shift_y_down=\u00a0\u00bb0&Prime; z_index=\u00a0\u00bb0&Prime; medium_width=\u00a0\u00bb0&Prime; mobile_width=\u00a0\u00bb0&Prime; width=\u00a0\u00bb1\/3&Prime; uncode_shortcode_id=\u00a0\u00bb113605&Prime;][vc_custom_heading heading_semantic=\u00a0\u00bbh1&Prime; text_size=\u00a0\u00bbh1&Prime; sub_reduced=\u00a0\u00bbyes\u00a0\u00bb uncode_shortcode_id=\u00a0\u00bb343132&Prime;]Jacqueline Burckhardt Bertossa[\/vc_custom_heading][vc_column_text uncode_shortcode_id=\u00a0\u00bb164482&Prime;]Licence en Droit, LL.M. (Cantab), TEP, Avocate, Notaire, Avocate Sp\u00e9cialiste FSA Droit des Successions[\/vc_column_text][\/vc_column][vc_column column_width_percent=\u00a0\u00bb100&Prime; position_horizontal=\u00a0\u00bbright\u00a0\u00bb align_horizontal=\u00a0\u00bbalign_right\u00a0\u00bb gutter_size=\u00a0\u00bb1&Prime; overlay_alpha=\u00a0\u00bb50&Prime; shift_x=\u00a0\u00bb0&Prime; shift_y=\u00a0\u00bb0&Prime; shift_y_down=\u00a0\u00bb0&Prime; z_index=\u00a0\u00bb0&Prime; medium_width=\u00a0\u00bb0&Prime; mobile_width=\u00a0\u00bb0&Prime; width=\u00a0\u00bb2\/3&Prime; uncode_shortcode_id=\u00a0\u00bb260943&Prime;][uncode_list icon=\u00a0\u00bbfa fa-map-pin\u00a0\u00bb icon_color=\u00a0\u00bbcolor-135397&Prime; uncode_shortcode_id=\u00a0\u00bb132685&Prime; icon_color_type=\u00a0\u00bbuncode-palette\u00a0\u00bb]<\/p>\n<ul>\n<li><a class=\"regular\" href=\"https:\/\/www.google.com\/maps\/place\/burckhardt+AG\/@47.5514752,7.5889642,15z\/data=!4m5!3m4!1s0x0:0x85b5da8c96b40062!8m2!3d47.5514752!4d7.5889642\">Steinentorstrasse 23, Case postale 258, CH-4010 B\u00e2le<\/a><\/li>\n<\/ul>\n<p>[\/uncode_list][uncode_list icon=\u00a0\u00bbfa fa-phone-handset\u00a0\u00bb icon_color=\u00a0\u00bbcolor-135397&Prime; uncode_shortcode_id=\u00a0\u00bb828356&Prime; icon_color_type=\u00a0\u00bbuncode-palette\u00a0\u00bb]<\/p>\n<ul>\n<li>+41 58 881 00 10<\/li>\n<\/ul>\n<p>[\/uncode_list][uncode_list icon=\u00a0\u00bbfa fa-envelope3&Prime; icon_color=\u00a0\u00bbcolor-135397&Prime; uncode_shortcode_id=\u00a0\u00bb128932&Prime; icon_color_type=\u00a0\u00bbuncode-palette\u00a0\u00bb]<\/p>\n<ul>\n<li><a class=\"regular\" href=\"mailto:burckhardt@burckhardtlaw.com\">burckhardt@burckhardtlaw.com<\/a><\/li>\n<\/ul>\n<p>[\/uncode_list][\/vc_column][\/vc_row][vc_row row_height_percent=\u00a0\u00bb0&Prime; overlay_alpha=\u00a0\u00bb50&Prime; gutter_size=\u00a0\u00bb3&Prime; column_width_percent=\u00a0\u00bb100&Prime; shift_y=\u00a0\u00bb0&Prime; z_index=\u00a0\u00bb0&Prime; desktop_visibility=\u00a0\u00bbyes\u00a0\u00bb uncode_shortcode_id=\u00a0\u00bb391825&Prime;][vc_column column_width_percent=\u00a0\u00bb100&Prime; gutter_size=\u00a0\u00bb1&Prime; overlay_alpha=\u00a0\u00bb50&Prime; shift_x=\u00a0\u00bb0&Prime; shift_y=\u00a0\u00bb0&Prime; shift_y_down=\u00a0\u00bb0&Prime; z_index=\u00a0\u00bb0&Prime; medium_width=\u00a0\u00bb0&Prime; mobile_width=\u00a0\u00bb0&Prime; width=\u00a0\u00bb1\/3&Prime; uncode_shortcode_id=\u00a0\u00bb113605&Prime;][vc_custom_heading heading_semantic=\u00a0\u00bbh1&Prime; text_size=\u00a0\u00bbh1&Prime; sub_reduced=\u00a0\u00bbyes\u00a0\u00bb uncode_shortcode_id=\u00a0\u00bb343132&Prime;]Jacqueline Burckhardt Bertossa[\/vc_custom_heading][vc_column_text uncode_shortcode_id=\u00a0\u00bb159378&Prime;]Licence en Droit, LL.M. (Cantab), TEP, Avocate, Notaire, Avocate Sp\u00e9cialiste FSA Droit des Successions[\/vc_column_text][\/vc_column][vc_column column_width_percent=\u00a0\u00bb100&Prime; position_horizontal=\u00a0\u00bbleft\u00a0\u00bb gutter_size=\u00a0\u00bb1&Prime; overlay_alpha=\u00a0\u00bb50&Prime; shift_x=\u00a0\u00bb0&Prime; shift_y=\u00a0\u00bb0&Prime; shift_y_down=\u00a0\u00bb0&Prime; z_index=\u00a0\u00bb0&Prime; medium_width=\u00a0\u00bb0&Prime; mobile_width=\u00a0\u00bb0&Prime; width=\u00a0\u00bb2\/3&Prime; uncode_shortcode_id=\u00a0\u00bb103648&Prime;][uncode_list icon=\u00a0\u00bbfa fa-map-pin\u00a0\u00bb icon_color=\u00a0\u00bbcolor-135397&Prime; uncode_shortcode_id=\u00a0\u00bb918192&Prime; icon_color_type=\u00a0\u00bbuncode-palette\u00a0\u00bb]<\/p>\n<ul>\n<li><a class=\"regular\" href=\"https:\/\/www.google.com\/maps\/place\/burckhardt+AG\/@47.5514752,7.5889642,15z\/data=!4m5!3m4!1s0x0:0x85b5da8c96b40062!8m2!3d47.5514752!4d7.5889642\">Steinentorstrasse 23, Case postale 258, CH-4010 B\u00e2le<\/a><\/li>\n<\/ul>\n<p>[\/uncode_list][uncode_list icon=\u00a0\u00bbfa fa-phone-handset\u00a0\u00bb icon_color=\u00a0\u00bbcolor-135397&Prime; uncode_shortcode_id=\u00a0\u00bb828356&Prime; icon_color_type=\u00a0\u00bbuncode-palette\u00a0\u00bb]<\/p>\n<ul>\n<li>+41 58 881 00 10<\/li>\n<\/ul>\n<p>[\/uncode_list][uncode_list icon=\u00a0\u00bbfa fa-envelope3&Prime; icon_color=\u00a0\u00bbcolor-135397&Prime; uncode_shortcode_id=\u00a0\u00bb128932&Prime; icon_color_type=\u00a0\u00bbuncode-palette\u00a0\u00bb]<\/p>\n<ul>\n<li><a class=\"regular\" href=\"mailto:burckhardt@burckhardtlaw.com\">burckhardt@burckhardtlaw.com<\/a><\/li>\n<\/ul>\n<p>[\/uncode_list][\/vc_column][\/vc_row][vc_row row_height_percent=\u00a0\u00bb0&Prime; overlay_alpha=\u00a0\u00bb50&Prime; gutter_size=\u00a0\u00bb4&Prime; column_width_percent=\u00a0\u00bb100&Prime; shift_y=\u00a0\u00bb0&Prime; z_index=\u00a0\u00bb0&Prime; uncode_shortcode_id=\u00a0\u00bb161157&Prime;][vc_column column_width_percent=\u00a0\u00bb94&Prime; position_horizontal=\u00a0\u00bbleft\u00a0\u00bb gutter_size=\u00a0\u00bb2&Prime; overlay_alpha=\u00a0\u00bb50&Prime; shift_x=\u00a0\u00bb0&Prime; shift_y=\u00a0\u00bb0&Prime; shift_y_down=\u00a0\u00bb0&Prime; z_index=\u00a0\u00bb0&Prime; medium_width=\u00a0\u00bb0&Prime; mobile_width=\u00a0\u00bb0&Prime; width=\u00a0\u00bb1\/2&Prime; uncode_shortcode_id=\u00a0\u00bb197572&Prime;][vc_button button_color=\u00a0\u00bbcolor-137653&Prime; size=\u00a0\u00bbbtn-sm\u00a0\u00bb wide=\u00a0\u00bbyes\u00a0\u00bb hover_fx=\u00a0\u00bbfull-colored\u00a0\u00bb border_width=\u00a0\u00bb0&Prime; icon=\u00a0\u00bbfa fa-download5&Prime; uncode_shortcode_id=\u00a0\u00bb400562&Prime; button_color_type=\u00a0\u00bbuncode-palette\u00a0\u00bb link=\u00a0\u00bburl:https%3A%2F%2Fwww.burckhardtlaw.com%2Fwp-content%2Fuploads%2F2024%2F10%2FJacqueline-Burckhardt-Bertossa-F-16.10.2024-1398094.pdf|target:_blank\u00a0\u00bb]t\u00e9l\u00e9chargement profil[\/vc_button][vc_button button_color=\u00a0\u00bbcolor-137653&Prime; size=\u00a0\u00bbbtn-sm\u00a0\u00bb wide=\u00a0\u00bbyes\u00a0\u00bb border_width=\u00a0\u00bb0&Prime; icon=\u00a0\u00bbfa fa-download5&Prime; uncode_shortcode_id=\u00a0\u00bb172693&Prime; button_color_type=\u00a0\u00bbuncode-palette\u00a0\u00bb link=\u00a0\u00bburl:https%3A%2F%2Fwww.burckhardtlaw.com%2Fwp-content%2Fuploads%2F2023%2F04%2FJacqueline-Burckhardt-Bertossa-f.vcf\u00a0\u00bb]t\u00e9l\u00e9chargement contact (vCard)[\/vc_button][vc_accordion sign=\u00a0\u00bbplus\u00a0\u00bb active_tab=\u00a0\u00bb0&Prime;][vc_accordion_tab gutter_size=\u00a0\u00bb2&Prime; column_padding=\u00a0\u00bb2&Prime; title=\u00a0\u00bbLangues\u00a0\u00bb tab_id=\u00a0\u00bb1651591693-1-52&Prime;][uncode_list uncode_shortcode_id=\u00a0\u00bb942537&Prime;]<\/p>\n<ul>\n<li>Allemand<\/li>\n<li>Anglais<\/li>\n<li>Fran\u00e7ais<\/li>\n<\/ul>\n<p>[\/uncode_list][\/vc_accordion_tab][vc_accordion_tab gutter_size=\u00a0\u00bb0&Prime; column_padding=\u00a0\u00bb0&Prime; title=\u00a0\u00bbExpertises &amp; industries\u00a0\u00bb tab_id=\u00a0\u00bb1651591693-2-90&Prime;][vc_empty_space empty_h=\u00a0\u00bb3&Prime;][uncode_index el_id=\u00a0\u00bbindex-959738&Prime; index_type=\u00a0\u00bbtitles\u00a0\u00bb loop=\u00a0\u00bbsize:All|order_by:date|post_type:post|by_id:870,864,860|taxonomy_count:All|taxonomy_show_empty:yes\u00a0\u00bb gutter_size=\u00a0\u00bb0&Prime; drop_image_position=\u00a0\u00bbhide\u00a0\u00bb drop_image_time=\u00a0\u00bb0&Prime; single_title_semantic=\u00a0\u00bbh6&Prime; single_title_family=\u00a0\u00bbfont-131852&Prime; single_title_dimension=\u00a0\u00bbfontsize-207156&Prime; single_title_height=\u00a0\u00bbfontheight-990954&Prime; custom_order=\u00a0\u00bbyes\u00a0\u00bb uncode_shortcode_id=\u00a0\u00bb214114&Prime; order_ids=\u00a0\u00bb860,864,870&Prime; back_size=\u00a0\u00bb0&Prime;][vc_empty_space empty_h=\u00a0\u00bb2&Prime;][\/vc_accordion_tab][vc_accordion_tab gutter_size=\u00a0\u00bb2&Prime; column_padding=\u00a0\u00bb2&Prime; title=\u00a0\u00bbPublications\u00a0\u00bb tab_id=\u00a0\u00bb1651662551096-2-2&Prime;][uncode_list uncode_shortcode_id=\u00a0\u00bb111788&Prime;]<\/p>\n<ul>\n<li>Kommentar zu Art. 626-632 ZGB<\/li>\n<li><a href=\"https:\/\/www.burckhardtlaw.com\/wp-content\/uploads\/2022\/05\/JBU_006.pdf\">Land of the Alps &#8211; Non-Swiss nationals wishing to purchase real estate in Switzerland should be aware of some pecularities of Swiss law<\/a><\/li>\n<li><a href=\"https:\/\/www.burckhardtlaw.com\/wp-content\/uploads\/2022\/05\/JBU_005.pdf\">Splitting Heirs &#8211; Civil Law Column of on Fordced Heirship Rules<\/a><\/li>\n<li>Die Spaltung von Gesellschaften &#8211; Kommentar zu Art. 32-35, 43-44, 51-52 und 64-57 FusG<\/li>\n<li><a href=\"https:\/\/www.burckhardtlaw.com\/wp-content\/uploads\/2022\/05\/JBU_003.pdf\">Stolpersteine &#8211; Antworten auf die wichtigsten finanziellen und rechtlichen Fragen im Alter<\/a><\/li>\n<li>Die Spaltung von Gesellschaften &#8211; Kommentar zu Art. 32-35, 43-44 und 51-52 FusG<\/li>\n<li>Z\u00fcrcher Kommentar zum Fusionsgesetz, Schulthess, Z\u00fcrich 2004<\/li>\n<li>Betriebs\u00fcbernahmen aus der Konkursmasse<\/li>\n<\/ul>\n<p>[\/uncode_list][\/vc_accordion_tab][\/vc_accordion][\/vc_column][vc_column width=\u00a0\u00bb1\/2&Prime;][vc_column_text uncode_shortcode_id=\u00a0\u00bb232913&Prime;]Le domaine d\u2019activit\u00e9 de Jacqueline Burckhardt Bertossa se concentre sur les successions, les trusts internationaux ainsi que la planification patrimoniale, le droit immobilier et les \u0153uvres de bienfaisance. En sa qualit\u00e9 de notaire, elle offre aussi ses services dans ce domaine.<\/p>\n<p>Associ\u00e9e d\u2019un cabinet international au sein duquel elle dirigeait le service en charge des clients priv\u00e9s, elle a pu faire preuve de son savoir-faire en ce qui concerne la planification de patrimoines internationaux et le droit des successions. Elle accompagne et conseille \u00e9galement les familles internationales et de mani\u00e8re interg\u00e9n\u00e9rationnelle. En cette fonction de notaire et sp\u00e9cialiste du droit des successions, elle b\u00e9n\u00e9ficie \u00e9galement du fait qu&rsquo;elle est m\u00e9diatrice.<\/p>\n<p>En tant qu\u2019ancienne pr\u00e9sidente de la Ligue contre le cancer des deux B\u00e2le, membre du comit\u00e9 directeur de Cancer de l&rsquo;enfant en Suisse, vice-pr\u00e9sidente du Conseil d&rsquo;administration du Centre universitaire de m\u00e9decine dentaire et membre de diff\u00e9rents conseils de fondation et d&rsquo;administration actifs au niveau national et international dans le domaine de la sant\u00e9 et de l&rsquo;utilit\u00e9 publique, Jacqueline Burckhardt Bertossa accompagne ces clientes et clients d\u00e9sireux de cr\u00e9er et g\u00e9rer des organisations \u00e0 but non lucratif. Jacqueline Burckhardt Bertossa met \u00e0 profit son exp\u00e9rience professionnelle, notamment en tant que membre de la Commission de surveillance du notariat \u00e0 B\u00e2le et, plus r\u00e9cemment, en tant que membre du groupe d&rsquo;experts de l&rsquo;Office f\u00e9d\u00e9ral de la justice pour la r\u00e9vision compl\u00e8te du droit successoral.<\/p>\n<p>Elle a fait ses \u00e9tudes aux Universit\u00e9s de B\u00e2le et Gen\u00e8ve (licence en droit 1995) ainsi que de Cambridge (LL.M. First Class Degree 2002, Queens College). Au cours de ses \u00e9tudes, elle s\u2019est sp\u00e9cialis\u00e9e dans le droit des Trusts internationaux. Elle a \u00e9t\u00e9 admise au barreau en 1998, puis, deux ans plus tard, comme notaire en 2000. En 2002, elle a obtenu un Master of Laws (LL.M.) \u00e0 l&rsquo;Universit\u00e9 de Cambridge, en Angleterre, o\u00f9 elle s&rsquo;est notamment sp\u00e9cialis\u00e9e dans le droit international des trusts.[\/vc_column_text][\/vc_column][\/vc_row]<\/p>\n<\/div>","protected":false},"excerpt":{"rendered":"<p>[vc_row row_height_percent=\u00a0\u00bb80&Prime; override_padding=\u00a0\u00bbyes\u00a0\u00bb h_padding=\u00a0\u00bb2&Prime; top_padding=\u00a0\u00bb1&Prime; bottom_padding=\u00a0\u00bb1&Prime; back_image=\u00a0\u00bb9858&Prime; overlay_alpha=\u00a0\u00bb50&Prime; gutter_size=\u00a0\u00bb3&Prime; column_width_percent=\u00a0\u00bb100&Prime; shift_y=\u00a0\u00bb0&Prime; z_index=\u00a0\u00bb0&Prime; uncode_shortcode_id=\u00a0\u00bb171991&Prime; row_height_pixel=\u00a0\u00bb300&Prime;][vc_column column_width_percent=\u00a0\u00bb100&Prime; position_horizontal=\u00a0\u00bbleft\u00a0\u00bb position_vertical=\u00a0\u00bbbottom\u00a0\u00bb gutter_size=\u00a0\u00bb3&Prime; overlay_alpha=\u00a0\u00bb50&Prime; shift_x=\u00a0\u00bb0&Prime; [&hellip;]<\/p>\n","protected":false},"author":25,"featured_media":9858,"parent":3427,"menu_order":310,"comment_status":"closed","ping_status":"closed","template":"","meta":{"_acf_changed":false,"footnotes":""},"class_list":["post-3568","page","type-page","status-publish","has-post-thumbnail","hentry","page_category-droit-successoral","page_category-organisations-a-but-non-lucratif","page_category-immobilier"],"acf":[],"yoast_head":"<!-- This site is optimized with the Yoast SEO plugin v27.5 - https:\/\/yoast.com\/product\/yoast-seo-wordpress\/ -->\n<title>Jacqueline Burckhardt Bertossa &#8226; burckhardt AG<\/title>\n<meta name=\"robots\" content=\"index, follow, max-snippet:-1, max-image-preview:large, max-video-preview:-1\" \/>\n<link rel=\"canonical\" href=\"https:\/\/www.burckhardtlaw.com\/fr\/team\/jacqueline-burckhardt-bertossa\/\" \/>\n<meta property=\"og:locale\" content=\"fr_FR\" \/>\n<meta property=\"og:type\" content=\"article\" \/>\n<meta property=\"og:title\" content=\"Jacqueline Burckhardt Bertossa &#8226; burckhardt AG\" \/>\n<meta property=\"og:description\" content=\"[vc_row row_height_percent=\u00a0\u00bb80&Prime; override_padding=\u00a0\u00bbyes\u00a0\u00bb h_padding=\u00a0\u00bb2&Prime; top_padding=\u00a0\u00bb1&Prime; bottom_padding=\u00a0\u00bb1&Prime; back_image=\u00a0\u00bb9858&Prime; overlay_alpha=\u00a0\u00bb50&Prime; gutter_size=\u00a0\u00bb3&Prime; column_width_percent=\u00a0\u00bb100&Prime; shift_y=\u00a0\u00bb0&Prime; z_index=\u00a0\u00bb0&Prime; uncode_shortcode_id=\u00a0\u00bb171991&Prime; row_height_pixel=\u00a0\u00bb300&Prime;][vc_column column_width_percent=\u00a0\u00bb100&Prime; position_horizontal=\u00a0\u00bbleft\u00a0\u00bb position_vertical=\u00a0\u00bbbottom\u00a0\u00bb gutter_size=\u00a0\u00bb3&Prime; overlay_alpha=\u00a0\u00bb50&Prime; shift_x=\u00a0\u00bb0&Prime; [&hellip;]\" \/>\n<meta property=\"og:url\" content=\"https:\/\/www.burckhardtlaw.com\/fr\/team\/jacqueline-burckhardt-bertossa\/\" \/>\n<meta property=\"og:site_name\" content=\"burckhardt AG\" \/>\n<meta property=\"article:modified_time\" content=\"2024-10-16T08:35:32+00:00\" \/>\n<meta property=\"og:image\" content=\"https:\/\/www.burckhardtlaw.com\/wp-content\/uploads\/2024\/07\/Foto_Jacqueline-scaled.jpg\" \/>\n\t<meta property=\"og:image:width\" content=\"2560\" \/>\n\t<meta property=\"og:image:height\" content=\"1707\" \/>\n\t<meta property=\"og:image:type\" content=\"image\/jpeg\" \/>\n<meta name=\"twitter:card\" content=\"summary_large_image\" \/>\n<meta name=\"twitter:label1\" content=\"Dur\u00e9e de lecture estim\u00e9e\" \/>\n\t<meta name=\"twitter:data1\" content=\"4 minutes\" \/>\n<script type=\"application\/ld+json\" class=\"yoast-schema-graph\">{\"@context\":\"https:\\\/\\\/schema.org\",\"@graph\":[{\"@type\":\"WebPage\",\"@id\":\"https:\\\/\\\/www.burckhardtlaw.com\\\/fr\\\/team\\\/jacqueline-burckhardt-bertossa\\\/\",\"url\":\"https:\\\/\\\/www.burckhardtlaw.com\\\/fr\\\/team\\\/jacqueline-burckhardt-bertossa\\\/\",\"name\":\"Jacqueline Burckhardt Bertossa &#8226; burckhardt AG\",\"isPartOf\":{\"@id\":\"https:\\\/\\\/burckhardtlaw.com\\\/#website\"},\"primaryImageOfPage\":{\"@id\":\"https:\\\/\\\/www.burckhardtlaw.com\\\/fr\\\/team\\\/jacqueline-burckhardt-bertossa\\\/#primaryimage\"},\"image\":{\"@id\":\"https:\\\/\\\/www.burckhardtlaw.com\\\/fr\\\/team\\\/jacqueline-burckhardt-bertossa\\\/#primaryimage\"},\"thumbnailUrl\":\"https:\\\/\\\/www.burckhardtlaw.com\\\/wp-content\\\/uploads\\\/2024\\\/07\\\/Foto_Jacqueline-scaled.jpg\",\"datePublished\":\"2022-05-04T09:19:02+00:00\",\"dateModified\":\"2024-10-16T08:35:32+00:00\",\"breadcrumb\":{\"@id\":\"https:\\\/\\\/www.burckhardtlaw.com\\\/fr\\\/team\\\/jacqueline-burckhardt-bertossa\\\/#breadcrumb\"},\"inLanguage\":\"fr-FR\",\"potentialAction\":[{\"@type\":\"ReadAction\",\"target\":[\"https:\\\/\\\/www.burckhardtlaw.com\\\/fr\\\/team\\\/jacqueline-burckhardt-bertossa\\\/\"]}]},{\"@type\":\"ImageObject\",\"inLanguage\":\"fr-FR\",\"@id\":\"https:\\\/\\\/www.burckhardtlaw.com\\\/fr\\\/team\\\/jacqueline-burckhardt-bertossa\\\/#primaryimage\",\"url\":\"https:\\\/\\\/www.burckhardtlaw.com\\\/wp-content\\\/uploads\\\/2024\\\/07\\\/Foto_Jacqueline-scaled.jpg\",\"contentUrl\":\"https:\\\/\\\/www.burckhardtlaw.com\\\/wp-content\\\/uploads\\\/2024\\\/07\\\/Foto_Jacqueline-scaled.jpg\",\"width\":2560,\"height\":1707,\"caption\":\"Jacqueline Burckhardt Bertossa\"},{\"@type\":\"BreadcrumbList\",\"@id\":\"https:\\\/\\\/www.burckhardtlaw.com\\\/fr\\\/team\\\/jacqueline-burckhardt-bertossa\\\/#breadcrumb\",\"itemListElement\":[{\"@type\":\"ListItem\",\"position\":1,\"name\":\"Startseite\",\"item\":\"https:\\\/\\\/www.burckhardtlaw.com\\\/fr\\\/\"},{\"@type\":\"ListItem\",\"position\":2,\"name\":\"2.0 Team\",\"item\":\"https:\\\/\\\/www.burckhardtlaw.com\\\/fr\\\/team\\\/\"},{\"@type\":\"ListItem\",\"position\":3,\"name\":\"Jacqueline Burckhardt Bertossa\"}]},{\"@type\":\"WebSite\",\"@id\":\"https:\\\/\\\/burckhardtlaw.com\\\/#website\",\"url\":\"https:\\\/\\\/burckhardtlaw.com\\\/\",\"name\":\"burckhardt AG\",\"description\":\"Notare. Anw\u00e4lte. Steuerexperten.\",\"publisher\":{\"@id\":\"https:\\\/\\\/burckhardtlaw.com\\\/#organization\"},\"potentialAction\":[{\"@type\":\"SearchAction\",\"target\":{\"@type\":\"EntryPoint\",\"urlTemplate\":\"https:\\\/\\\/burckhardtlaw.com\\\/?s={search_term_string}\"},\"query-input\":{\"@type\":\"PropertyValueSpecification\",\"valueRequired\":true,\"valueName\":\"search_term_string\"}}],\"inLanguage\":\"fr-FR\"},{\"@type\":\"Organization\",\"@id\":\"https:\\\/\\\/burckhardtlaw.com\\\/#organization\",\"name\":\"burckhardt AG\",\"url\":\"https:\\\/\\\/burckhardtlaw.com\\\/\",\"logo\":{\"@type\":\"ImageObject\",\"inLanguage\":\"fr-FR\",\"@id\":\"https:\\\/\\\/burckhardtlaw.com\\\/#\\\/schema\\\/logo\\\/image\\\/\",\"url\":\"https:\\\/\\\/www.burckhardtlaw.com\\\/wp-content\\\/uploads\\\/2022\\\/05\\\/burckhardt-Logo_blue_rgb-no-padding.png\",\"contentUrl\":\"https:\\\/\\\/www.burckhardtlaw.com\\\/wp-content\\\/uploads\\\/2022\\\/05\\\/burckhardt-Logo_blue_rgb-no-padding.png\",\"width\":800,\"height\":185,\"caption\":\"burckhardt AG\"},\"image\":{\"@id\":\"https:\\\/\\\/burckhardtlaw.com\\\/#\\\/schema\\\/logo\\\/image\\\/\"}}]}<\/script>\n<!-- \/ Yoast SEO plugin. -->","yoast_head_json":{"title":"Jacqueline Burckhardt Bertossa &#8226; burckhardt AG","robots":{"index":"index","follow":"follow","max-snippet":"max-snippet:-1","max-image-preview":"max-image-preview:large","max-video-preview":"max-video-preview:-1"},"canonical":"https:\/\/www.burckhardtlaw.com\/fr\/team\/jacqueline-burckhardt-bertossa\/","og_locale":"fr_FR","og_type":"article","og_title":"Jacqueline Burckhardt Bertossa &#8226; burckhardt AG","og_description":"[vc_row row_height_percent=\u00a0\u00bb80&Prime; override_padding=\u00a0\u00bbyes\u00a0\u00bb h_padding=\u00a0\u00bb2&Prime; top_padding=\u00a0\u00bb1&Prime; bottom_padding=\u00a0\u00bb1&Prime; back_image=\u00a0\u00bb9858&Prime; overlay_alpha=\u00a0\u00bb50&Prime; gutter_size=\u00a0\u00bb3&Prime; column_width_percent=\u00a0\u00bb100&Prime; shift_y=\u00a0\u00bb0&Prime; z_index=\u00a0\u00bb0&Prime; uncode_shortcode_id=\u00a0\u00bb171991&Prime; row_height_pixel=\u00a0\u00bb300&Prime;][vc_column column_width_percent=\u00a0\u00bb100&Prime; position_horizontal=\u00a0\u00bbleft\u00a0\u00bb position_vertical=\u00a0\u00bbbottom\u00a0\u00bb gutter_size=\u00a0\u00bb3&Prime; overlay_alpha=\u00a0\u00bb50&Prime; shift_x=\u00a0\u00bb0&Prime; [&hellip;]","og_url":"https:\/\/www.burckhardtlaw.com\/fr\/team\/jacqueline-burckhardt-bertossa\/","og_site_name":"burckhardt AG","article_modified_time":"2024-10-16T08:35:32+00:00","og_image":[{"width":2560,"height":1707,"url":"https:\/\/www.burckhardtlaw.com\/wp-content\/uploads\/2024\/07\/Foto_Jacqueline-scaled.jpg","type":"image\/jpeg"}],"twitter_card":"summary_large_image","twitter_misc":{"Dur\u00e9e de lecture estim\u00e9e":"4 minutes"},"schema":{"@context":"https:\/\/schema.org","@graph":[{"@type":"WebPage","@id":"https:\/\/www.burckhardtlaw.com\/fr\/team\/jacqueline-burckhardt-bertossa\/","url":"https:\/\/www.burckhardtlaw.com\/fr\/team\/jacqueline-burckhardt-bertossa\/","name":"Jacqueline Burckhardt Bertossa &#8226; burckhardt AG","isPartOf":{"@id":"https:\/\/burckhardtlaw.com\/#website"},"primaryImageOfPage":{"@id":"https:\/\/www.burckhardtlaw.com\/fr\/team\/jacqueline-burckhardt-bertossa\/#primaryimage"},"image":{"@id":"https:\/\/www.burckhardtlaw.com\/fr\/team\/jacqueline-burckhardt-bertossa\/#primaryimage"},"thumbnailUrl":"https:\/\/www.burckhardtlaw.com\/wp-content\/uploads\/2024\/07\/Foto_Jacqueline-scaled.jpg","datePublished":"2022-05-04T09:19:02+00:00","dateModified":"2024-10-16T08:35:32+00:00","breadcrumb":{"@id":"https:\/\/www.burckhardtlaw.com\/fr\/team\/jacqueline-burckhardt-bertossa\/#breadcrumb"},"inLanguage":"fr-FR","potentialAction":[{"@type":"ReadAction","target":["https:\/\/www.burckhardtlaw.com\/fr\/team\/jacqueline-burckhardt-bertossa\/"]}]},{"@type":"ImageObject","inLanguage":"fr-FR","@id":"https:\/\/www.burckhardtlaw.com\/fr\/team\/jacqueline-burckhardt-bertossa\/#primaryimage","url":"https:\/\/www.burckhardtlaw.com\/wp-content\/uploads\/2024\/07\/Foto_Jacqueline-scaled.jpg","contentUrl":"https:\/\/www.burckhardtlaw.com\/wp-content\/uploads\/2024\/07\/Foto_Jacqueline-scaled.jpg","width":2560,"height":1707,"caption":"Jacqueline Burckhardt Bertossa"},{"@type":"BreadcrumbList","@id":"https:\/\/www.burckhardtlaw.com\/fr\/team\/jacqueline-burckhardt-bertossa\/#breadcrumb","itemListElement":[{"@type":"ListItem","position":1,"name":"Startseite","item":"https:\/\/www.burckhardtlaw.com\/fr\/"},{"@type":"ListItem","position":2,"name":"2.0 Team","item":"https:\/\/www.burckhardtlaw.com\/fr\/team\/"},{"@type":"ListItem","position":3,"name":"Jacqueline Burckhardt Bertossa"}]},{"@type":"WebSite","@id":"https:\/\/burckhardtlaw.com\/#website","url":"https:\/\/burckhardtlaw.com\/","name":"burckhardt AG","description":"Notare. Anw\u00e4lte. Steuerexperten.","publisher":{"@id":"https:\/\/burckhardtlaw.com\/#organization"},"potentialAction":[{"@type":"SearchAction","target":{"@type":"EntryPoint","urlTemplate":"https:\/\/burckhardtlaw.com\/?s={search_term_string}"},"query-input":{"@type":"PropertyValueSpecification","valueRequired":true,"valueName":"search_term_string"}}],"inLanguage":"fr-FR"},{"@type":"Organization","@id":"https:\/\/burckhardtlaw.com\/#organization","name":"burckhardt AG","url":"https:\/\/burckhardtlaw.com\/","logo":{"@type":"ImageObject","inLanguage":"fr-FR","@id":"https:\/\/burckhardtlaw.com\/#\/schema\/logo\/image\/","url":"https:\/\/www.burckhardtlaw.com\/wp-content\/uploads\/2022\/05\/burckhardt-Logo_blue_rgb-no-padding.png","contentUrl":"https:\/\/www.burckhardtlaw.com\/wp-content\/uploads\/2022\/05\/burckhardt-Logo_blue_rgb-no-padding.png","width":800,"height":185,"caption":"burckhardt AG"},"image":{"@id":"https:\/\/burckhardtlaw.com\/#\/schema\/logo\/image\/"}}]}},"_links":{"self":[{"href":"https:\/\/www.burckhardtlaw.com\/fr\/wp-json\/wp\/v2\/pages\/3568","targetHints":{"allow":["GET"]}}],"collection":[{"href":"https:\/\/www.burckhardtlaw.com\/fr\/wp-json\/wp\/v2\/pages"}],"about":[{"href":"https:\/\/www.burckhardtlaw.com\/fr\/wp-json\/wp\/v2\/types\/page"}],"author":[{"embeddable":true,"href":"https:\/\/www.burckhardtlaw.com\/fr\/wp-json\/wp\/v2\/users\/25"}],"replies":[{"embeddable":true,"href":"https:\/\/www.burckhardtlaw.com\/fr\/wp-json\/wp\/v2\/comments?post=3568"}],"version-history":[{"count":0,"href":"https:\/\/www.burckhardtlaw.com\/fr\/wp-json\/wp\/v2\/pages\/3568\/revisions"}],"up":[{"embeddable":true,"href":"https:\/\/www.burckhardtlaw.com\/fr\/wp-json\/wp\/v2\/pages\/3427"}],"wp:featuredmedia":[{"embeddable":true,"href":"https:\/\/www.burckhardtlaw.com\/fr\/wp-json\/wp\/v2\/media\/9858"}],"wp:attachment":[{"href":"https:\/\/www.burckhardtlaw.com\/fr\/wp-json\/wp\/v2\/media?parent=3568"}],"curies":[{"name":"wp","href":"https:\/\/api.w.org\/{rel}","templated":true}]}}