{"id":3447,"date":"2022-03-08T09:29:19","date_gmt":"2022-03-08T09:29:19","guid":{"rendered":"https:\/\/burckhardtlaw.com\/?page_id=3447"},"modified":"2023-01-17T09:35:07","modified_gmt":"2023-01-17T09:35:07","slug":"faq","status":"publish","type":"page","link":"https:\/\/www.burckhardtlaw.com\/fr\/faq\/","title":{"rendered":"4.0 FAQ"},"content":{"rendered":"<div class=\"wpb-content-wrapper\"><p>[vc_row row_height_percent=\u00a0\u00bb48&Prime; back_image=\u00a0\u00bb1283&Prime; overlay_alpha=\u00a0\u00bb50&Prime; gutter_size=\u00a0\u00bb3&Prime; column_width_percent=\u00a0\u00bb100&Prime; shift_y=\u00a0\u00bb0&Prime; z_index=\u00a0\u00bb0&Prime; uncode_shortcode_id=\u00a0\u00bb646224&Prime; overlay_color_type=\u00a0\u00bbuncode-gradient\u00a0\u00bb overlay_color_gradient=\u00a0\u00bb{\u00ab\u00a0css\u00ab\u00a0:\u00ab\u00a0background: linear-gradient(to top , rgb(0, 0, 0) , rgba(0, 0, 0, 0) 47%);\u00ab\u00a0,\u00ab\u00a0sliders\u00ab\u00a0:`{`{\u00ab\u00a0color\u00ab\u00a0:\u00ab\u00a0rgb(0, 0, 0)\u00ab\u00a0,\u00ab\u00a0position\u00ab\u00a0:0},{\u00ab\u00a0color\u00ab\u00a0:\u00ab\u00a0rgba(0, 0, 0, 0)\u00ab\u00a0,\u00ab\u00a0position\u00ab\u00a0:47}`}`,\u00ab\u00a0type\u00ab\u00a0:\u00ab\u00a0linear\u00ab\u00a0,\u00ab\u00a0direction\u00ab\u00a0:\u00ab\u00a0bottom\u00ab\u00a0}\u00a0\u00bb row_height_pixel=\u00a0\u00bb300&Prime;][vc_column column_width_percent=\u00a0\u00bb100&Prime; position_vertical=\u00a0\u00bbbottom\u00a0\u00bb gutter_size=\u00a0\u00bb3&Prime; style=\u00a0\u00bbdark\u00a0\u00bb overlay_alpha=\u00a0\u00bb50&Prime; shift_x=\u00a0\u00bb0&Prime; shift_y=\u00a0\u00bb0&Prime; shift_y_down=\u00a0\u00bb0&Prime; z_index=\u00a0\u00bb0&Prime; medium_width=\u00a0\u00bb0&Prime; mobile_width=\u00a0\u00bb0&Prime; width=\u00a0\u00bb1\/1&Prime; uncode_shortcode_id=\u00a0\u00bb478177&Prime;][vc_custom_heading heading_semantic=\u00a0\u00bbh1&Prime; text_size=\u00a0\u00bbh1&Prime; uncode_shortcode_id=\u00a0\u00bb214360&Prime;]Vos questions. Nos r\u00e9ponses.[\/vc_custom_heading][\/vc_column][\/vc_row][vc_row][vc_column width=\u00a0\u00bb1\/1&Prime;][vc_accordion sign=\u00a0\u00bbplus\u00a0\u00bb active_tab=\u00a0\u00bb0&Prime;][vc_accordion_tab gutter_size=\u00a0\u00bb2&Prime; column_padding=\u00a0\u00bb2&Prime; title=\u00a0\u00bbComment nous travaillons :\u00a0\u00bb tab_id=\u00a0\u00bb1652796241-1-4516528607945091656504122371&Prime; slug=\u00a0\u00bbwie-viel\u00a0\u00bb][vc_column_text uncode_shortcode_id=\u00a0\u00bb545796&Prime;]<\/p>\n<ul>\n<li>Cibl\u00e9 : Nous nous concentrons sur la question pos\u00e9e et vous soumettons une recommandation concr\u00e8te.<\/li>\n<li>Pragmatique : Nos r\u00e9ponses sont orient\u00e9es vers la pratique, compr\u00e9hensibles et faciles \u00e0 mettre en \u0153uvre.<\/li>\n<li>Personnel : Nous sommes \u00e0 votre service. La relation personnelle avec vous est au c\u0153ur de notre activit\u00e9.<\/li>\n<li>Professionel : Outre les conseils juridiques fournis par notre \u00e9quipe, notre activit\u00e9 comprend \u00e9galement des conseils strat\u00e9giques et de planification.<\/li>\n<li>Moderne &#038; humain : Nous travaillons avec une infrastructure de pointe, de l&#8217;empathie et de l&rsquo;intelligence.<br \/>\nNous mettons notre expertise \u00e0 votre disposition.<\/li>\n<li>burckhardt se comprend comme un cabinet qui met l&rsquo;ensemble des connaissances de toute l&rsquo;\u00e9quipe au service de ses clients. Notre objectif est de mettre en commun notre savoir-faire en faisant appel aux bons sp\u00e9cialistes afin d&rsquo;obtenir une solution globale.<\/li>\n<\/ul>\n<p>[\/vc_column_text][\/vc_accordion_tab][vc_accordion_tab gutter_size=\u00a0\u00bb2&Prime; column_padding=\u00a0\u00bb2&Prime; title=\u00a0\u00bbC\u2019est pourquoi vous pouvez nous faire confiance.\u00a0\u00bb tab_id=\u00a0\u00bb1652796241-2-7816528607945091656504122371&Prime; slug=\u00a0\u00bbwie-lange\u00a0\u00bb][vc_column_text uncode_shortcode_id=\u00a0\u00bb146691&Prime;]<\/p>\n<ul>\n<li>Toutes les informations que vous nous communiquez sont soumises au secret professionnel.<\/li>\n<li>L\u2019interdiction des conflits d\u2019int\u00e9r\u00eats nous interdit de repr\u00e9senter des int\u00e9r\u00eats contradictoires.<\/li>\n<\/ul>\n<p>[\/vc_column_text][\/vc_accordion_tab][vc_accordion_tab gutter_size=\u00a0\u00bb2&Prime; column_padding=\u00a0\u00bb2&Prime; title=\u00a0\u00bbQue signifie la diversit\u00e9 pour burckhardt ?\u00a0\u00bb tab_id=\u00a0\u00bb1652861208084-2-91656504122371&Prime; slug=\u00a0\u00bbweitwe\u00a0\u00bb][vc_column_text uncode_shortcode_id=\u00a0\u00bb171207&Prime;]<\/p>\n<ul>\n<li>Au sein du personnel et du partenariat de burckhardt, la diversit\u00e9 est une \u00e9vidence que nous mettons en pratique tous les jours.<\/li>\n<li>Chez nous, l\u2019\u00e9galit\u00e9 salariale n\u2019est pas lettre morte.<\/li>\n<li>Nous soutenons notre \u00e9quipe avec des mod\u00e8les de travail adapt\u00e9s de mani\u00e8re individuelle, afin de conjuguer plan de carri\u00e8re et famille.<\/li>\n<li>Le travail \u00e0 temps partiel est possible.<\/li>\n<li>La diversit\u00e9 est une cl\u00e9 importante de notre succ\u00e8s.<\/li>\n<\/ul>\n<p>[\/vc_column_text][\/vc_accordion_tab][vc_accordion_tab gutter_size=\u00a0\u00bb2&Prime; column_padding=\u00a0\u00bb2&Prime; title=\u00a0\u00bbQui supervise l&rsquo;ex\u00e9cution d&rsquo;un mandat ?\u00a0\u00bb tab_id=\u00a0\u00bb1652861208084-2-91656504122371&Prime; slug=\u00a0\u00bbund\u00a0\u00bb][vc_column_text uncode_shortcode_id=\u00a0\u00bb128995&Prime;]<\/p>\n<ul>\n<li>La personne en charge des mandats fait appel, selon les besoins, \u00e0 des membres de l\u2019\u00e9quipe plus jeunes afin d\u2019optimiser les co\u00fbts pour vous. La responsabilit\u00e9 vis-\u00e0-vis des clientes et des clients incombe toujours aux personnes en charge du mandat.<\/li>\n<\/ul>\n<p>[\/vc_column_text][\/vc_accordion_tab][vc_accordion_tab gutter_size=\u00a0\u00bb2&Prime; column_padding=\u00a0\u00bb2&Prime; title=\u00a0\u00bbburckhardt travaille-t-il en \u00e9quipe ?\u00a0\u00bb tab_id=\u00a0\u00bb1655800561188-4-101656504122371&Prime;][vc_column_text uncode_shortcode_id=\u00a0\u00bb190580&Prime;]<\/p>\n<ul>\n<li>Nous sommes d&rsquo;avis qu&rsquo;une bonne solution n\u00e9cessite souvent des conseils pluridisciplinaires.<\/li>\n<li>Chez burckhardt, nous avons d\u00e9velopp\u00e9 diff\u00e9rents domaines de sp\u00e9cialisation.<\/li>\n<li>Si une solution pluridisciplinaire est n\u00e9cessaire, nous travaillons en \u00e9quipe afin d&rsquo;\u00e9laborer ensemble une solution globale dans l&rsquo;int\u00e9r\u00eat.<\/li>\n<li>Nous sommes d\u2019avis qu\u2019une bonne solution n\u00e9cessite souvent des conseils pluridisciplinaires, qui ne peuvent surgir que dans le cadre d&rsquo;une discussion entre des sp\u00e9cialistes d&rsquo;orientations diff\u00e9rentes.<\/li>\n<li>En travaillant en \u00e9quipe, nous augmentons la qualit\u00e9 de la solution et diminuons les co\u00fbts gr\u00e2ce \u00e0 une utilisation efficace des diff\u00e9rents savoir-faire.<\/li>\n<\/ul>\n<p>[\/vc_column_text][\/vc_accordion_tab][vc_accordion_tab gutter_size=\u00a0\u00bb2&Prime; column_padding=\u00a0\u00bb2&Prime; title=\u00a0\u00bbburckhardt peut-il \u00e9galement apporter son aide dans des affaires internationales ?\u00a0\u00bb tab_id=\u00a0\u00bb1656503617546-14-21656504122371&Prime;][vc_column_text uncode_shortcode_id=\u00a0\u00bb116176&Prime;]<\/p>\n<ul>\n<li>Le traitement d\u2019affaires internationales fait partie du quotidien de burckhardt.<\/li>\n<li>burckhardt dispose dans le monde d&rsquo;un r\u00e9seau personnel de sp\u00e9cialistes des affaires transfrontali\u00e8res dans tous les domaines juridiques.<\/li>\n<li>Le traitement d&rsquo;affaires internationales fait partie du quotidien de burckhardt.<\/li>\n<li>Les transactions internationales, les structurations et les r\u00e9organisations, les planifications fiscales et successorales ainsi que la mise en \u0153uvre de protection des actifs nous occupent r\u00e9guli\u00e8rement, tout comme la repr\u00e9sentation de clientes \u00e9trang\u00e8res et de clients \u00e9trangers dans des contentieux et des proc\u00e8s.<\/li>\n<\/ul>\n<p>[\/vc_column_text][\/vc_accordion_tab][vc_accordion_tab gutter_size=\u00a0\u00bb2&Prime; column_padding=\u00a0\u00bb2&Prime; title=\u00a0\u00bbComment la facturation est-elle effectu\u00e9e chez burckhardt ?\u00a0\u00bb tab_id=\u00a0\u00bb1655800600520-5-71656504122371&Prime;][vc_column_text uncode_shortcode_id=\u00a0\u00bb168380&Prime;]<\/p>\n<ul>\n<li>En principe, nous facturons le temps pass\u00e9 \u00e0 r\u00e9soudre une affaires. Les tarifs horaires de nos sp\u00e9cialistes varient en fonction de leur exp\u00e9rience.<\/li>\n<li>Nous facturons nos prestations en g\u00e9n\u00e9ral mensuellement. Une facturation trimestrielle est envisageable dans certains cas. Pour les transactions, nous demandons parfois des acomptes ; le d\u00e9compte final est effectu\u00e9 une fois la transaction termin\u00e9e.<\/li>\n<li>Pour les d\u00e9penses telles que les frais de t\u00e9l\u00e9phone, de port, mat\u00e9riel, etc., nous percevons un forfait fixe de 4% du montant net de la facture (c&rsquo;est-\u00e0-dire avant TVA).<\/li>\n<\/ul>\n<p>[\/vc_column_text][\/vc_accordion_tab][vc_accordion_tab gutter_size=\u00a0\u00bb2&Prime; column_padding=\u00a0\u00bb2&Prime; title=\u00a0\u00bbQuels services notariaux fournit burckhardt ?\u00a0\u00bb tab_id=\u00a0\u00bb1655800606003-6-41656504122371&Prime;][vc_column_text uncode_shortcode_id=\u00a0\u00bb167103&Prime;]<\/p>\n<ul>\n<li>Nos 3 notaires du bureau de B\u00e2le disposent d&rsquo;un pouvoir d&rsquo;instrumenter des actes et de l\u00e9galiser des documents limit\u00e9 au canton de B\u00e2le-Ville, ce qui signifie que les instrumentations et les l\u00e9galisations doivent \u00eatre effectu\u00e9es \u00e0 B\u00e2le.<\/li>\n<li>Un de nos coll\u00e8gues dans notre bureau de Zurich d\u00e9tient la patente de notaire du canton de Zurich.<\/li>\n<li>Nous vous conseillons dans toutes les affaires relevant du droit des r\u00e9gimes matrimoniaux et des successions (contrats de mariage, conventions successorales, testaments, mandats pour cause d&rsquo;inaptitude). Notre notariat se fera un plaisir d&rsquo;authentifier pour vous les actes correspondants (ind\u00e9pendamment de votre domicile) \u00e0 B\u00e2le.<\/li>\n<li>Toutes op\u00e9rations relevant du droit des soci\u00e9t\u00e9s (constitutions de soci\u00e9t\u00e9s, augmentations de capital, r\u00e9ductions de capital, modifications des statuts, fusions, etc.) pour toutes les soci\u00e9t\u00e9s ayant leur si\u00e8ge en Suisse peuvent \u00e9galement \u00eatre instrument\u00e9es par notre notariat \u00e0 B\u00e2le.<\/li>\n<li>Les contrats immobiliers (contrats de vente, contrats de gage, servitudes, charges fonci\u00e8res) ne peuvent \u00eatre instrument\u00e9s par notre notariat que si l\u2019immeuble concern\u00e9 se trouve dans le canton de B\u00e2le-Ville (exception : promesses de vente). Notre \u00e9quipe de notaires est n\u00e9anmoins \u00e0 m\u00eame de fournir des conseils pour toutes transactions immobili\u00e8res hors du canton.<\/li>\n<li>Notre \u00e9quipe de l\u00e9galisation organise de mani\u00e8re rapide vos certifications, surl\u00e9galisations ou apostilles.<\/li>\n<\/ul>\n<p>[\/vc_column_text][\/vc_accordion_tab][vc_accordion_tab gutter_size=\u00a0\u00bb2&Prime; column_padding=\u00a0\u00bb2&Prime; title=\u00a0\u00bbComment les services notariaux sont-ils factur\u00e9s chez burckhardt ?\u00a0\u00bb tab_id=\u00a0\u00bb1655800614524-7-71656504122371&Prime;][vc_column_text uncode_shortcode_id=\u00a0\u00bb132194&Prime;]<\/p>\n<ul>\n<li>En principe, le tarif notarial du canton de B\u00e2le-Ville s\u2019applique. Lorsque celui-ci laisse une marge discr\u00e9tionnaire ou que le tarif notarial ne s\u2019applique pas, la facturation se fait en g\u00e9n\u00e9ral selon les taux horaires habituels.<\/li>\n<\/ul>\n<p>[\/vc_column_text][\/vc_accordion_tab][vc_accordion_tab gutter_size=\u00a0\u00bb2&Prime; column_padding=\u00a0\u00bb2&Prime; title=\u00a0\u00bbEst-ce que burckhardt assure le secr\u00e9tariat de soci\u00e9t\u00e9s ?\u00a0\u00bb tab_id=\u00a0\u00bb1655800615405-8-81656504122371&Prime;][vc_column_text uncode_shortcode_id=\u00a0\u00bb209047&Prime;]<\/p>\n<ul>\n<li>Notre \u00e9quipe de droit des soci\u00e9t\u00e9s et de notariat vous assiste dans l\u2019organisation et la tenue d\u2019assembl\u00e9es g\u00e9n\u00e9rales et de s\u00e9ances des organes de direction des soci\u00e9t\u00e9s.<\/li>\n<li>Nous pr\u00e9parons les convocations et les proc\u00e8s-verbaux des r\u00e9unions du conseil d\u2019administration, de la direction et des assembl\u00e9es g\u00e9n\u00e9rales et pr\u00e9parons les registres tels que le registre des actions ou le registre des ayants droits \u00e9conomiques.<\/li>\n<li>Nous assurons la fonction de l\u2019office ind\u00e9pendant des droits de vote ainsi que le secr\u00e9tariat des s\u00e9ances.<\/li>\n<li>Nous pr\u00e9parons et nous chargeons de toutes les inscriptions au registre du commerce.<\/li>\n<li>Nous offrons la domiciliation de soci\u00e9t\u00e9s dans nos bureaux et pouvons assumer la t\u00e2che d\u2019organes de soci\u00e9t\u00e9s.<\/li>\n<\/ul>\n<p>[\/vc_column_text][\/vc_accordion_tab][vc_accordion_tab gutter_size=\u00a0\u00bb2&Prime; column_padding=\u00a0\u00bb2&Prime; title=\u00a0\u00bbEst-ce que burckhardt m\u00e8ne aussi des proc\u00e8s ?\u00a0\u00bb tab_id=\u00a0\u00bb1655800617811-9-61656504122371&Prime;][vc_column_text uncode_shortcode_id=\u00a0\u00bb132998&Prime;]<\/p>\n<ul>\n<li>L&rsquo;\u00e9quipe de contentieux de burckhardt m\u00e8ne des proc\u00e8s dans tous les domaines juridiques.<\/li>\n<li>La collaboration en \u00e9quipe vous garantit une d\u00e9fense optimale des int\u00e9r\u00eats.<\/li>\n<li>Nous menons \u00e9galement des proc\u00e9dures d&rsquo;arbitrage et agissons comme arbitres.<\/li>\n<\/ul>\n<p>[\/vc_column_text][\/vc_accordion_tab][vc_accordion_tab gutter_size=\u00a0\u00bb2&Prime; column_padding=\u00a0\u00bb2&Prime; title=\u00a0\u00bbEst-ce que burckhardt propose \u00e9galement des services d&rsquo;interm\u00e9diaire financier ?\u00a0\u00bb tab_id=\u00a0\u00bb1655800618644-10-11656504122371&Prime;][vc_column_text uncode_shortcode_id=\u00a0\u00bb209197&Prime;]<\/p>\n<ul>\n<li>burckhardt est affili\u00e9 \u00e0 l\u2019organisme d\u2019autor\u00e9gulation (OAR) Polyreg. Nous pouvons donc \u00e9galement g\u00e9rer des actifs ou servir de mandataire bancaire ou de d\u00e9positaire.<\/li>\n<\/ul>\n<p>[\/vc_column_text][\/vc_accordion_tab][vc_accordion_tab gutter_size=\u00a0\u00bb2&Prime; column_padding=\u00a0\u00bb2&Prime; title=\u00a0\u00bbQue fait burckhardt pour le bien commun ?\u00a0\u00bb tab_id=\u00a0\u00bb1655800620845-12-01656504122371&Prime;][vc_column_text uncode_shortcode_id=\u00a0\u00bb728497&Prime;]<\/p>\n<ul>\n<li>Nous nous engageons pro bono dans diverses organisations d&rsquo;utilit\u00e9 publique (par ex. GGG, Kinderkrebs Schweiz, Iamaneh Suisse).<\/li>\n<\/ul>\n<p>[\/vc_column_text][\/vc_accordion_tab][vc_accordion_tab gutter_size=\u00a0\u00bb2&Prime; column_padding=\u00a0\u00bb2&Prime; title=\u00a0\u00bbVous avez d&rsquo;autres questions ?\u00a0\u00bb tab_id=\u00a0\u00bb1655800732035-13-61656504122371&Prime;][vc_column_text uncode_shortcode_id=\u00a0\u00bb190888&Prime;]<\/p>\n<ul>\n<li>Si vous avez d&rsquo;autres questions, n&rsquo;h\u00e9sitez pas \u00e0 nous contacter.<\/li>\n<\/ul>\n<p>[\/vc_column_text][\/vc_accordion_tab][\/vc_accordion][vc_empty_space empty_h=\u00a0\u00bb2&Prime;][\/vc_column][\/vc_row][vc_row][vc_column width=\u00a0\u00bb1\/1&Prime;][uncode_block id=\u00a0\u00bb1142&Prime;][\/vc_column][\/vc_row]<\/p>\n<\/div>","protected":false},"excerpt":{"rendered":"<p>[vc_row row_height_percent=\u00a0\u00bb48&Prime; back_image=\u00a0\u00bb1283&Prime; overlay_alpha=\u00a0\u00bb50&Prime; gutter_size=\u00a0\u00bb3&Prime; column_width_percent=\u00a0\u00bb100&Prime; shift_y=\u00a0\u00bb0&Prime; z_index=\u00a0\u00bb0&Prime; uncode_shortcode_id=\u00a0\u00bb646224&Prime; overlay_color_type=\u00a0\u00bbuncode-gradient\u00a0\u00bb overlay_color_gradient=\u00a0\u00bb{\u00ab\u00a0css\u00ab\u00a0:\u00ab\u00a0background: linear-gradient(to top , rgb(0, 0, 0) , rgba(0, 0, [&hellip;]<\/p>\n","protected":false},"author":25,"featured_media":0,"parent":0,"menu_order":700,"comment_status":"closed","ping_status":"closed","template":"","meta":{"_acf_changed":false,"footnotes":""},"class_list":["post-3447","page","type-page","status-publish","hentry"],"acf":[],"yoast_head":"<!-- This site is optimized with the Yoast SEO plugin v27.4 - https:\/\/yoast.com\/product\/yoast-seo-wordpress\/ -->\n<title>burckhardt AG AG - FAQ<\/title>\n<meta name=\"robots\" content=\"index, follow, max-snippet:-1, max-image-preview:large, max-video-preview:-1\" \/>\n<link rel=\"canonical\" href=\"https:\/\/www.burckhardtlaw.com\/fr\/faq\/\" \/>\n<meta property=\"og:locale\" content=\"fr_FR\" \/>\n<meta property=\"og:type\" content=\"article\" \/>\n<meta property=\"og:title\" content=\"burckhardt AG AG - FAQ\" \/>\n<meta property=\"og:description\" content=\"[vc_row row_height_percent=\u00a0\u00bb48&Prime; back_image=\u00a0\u00bb1283&Prime; overlay_alpha=\u00a0\u00bb50&Prime; gutter_size=\u00a0\u00bb3&Prime; column_width_percent=\u00a0\u00bb100&Prime; shift_y=\u00a0\u00bb0&Prime; z_index=\u00a0\u00bb0&Prime; uncode_shortcode_id=\u00a0\u00bb646224&Prime; overlay_color_type=\u00a0\u00bbuncode-gradient\u00a0\u00bb overlay_color_gradient=\u00a0\u00bb{\u00ab\u00a0css\u00ab\u00a0:\u00ab\u00a0background: linear-gradient(to top , rgb(0, 0, 0) , rgba(0, 0, [&hellip;]\" \/>\n<meta property=\"og:url\" content=\"https:\/\/www.burckhardtlaw.com\/fr\/faq\/\" \/>\n<meta property=\"og:site_name\" content=\"burckhardt AG\" \/>\n<meta property=\"article:modified_time\" content=\"2023-01-17T09:35:07+00:00\" \/>\n<meta name=\"twitter:card\" content=\"summary_large_image\" \/>\n<meta name=\"twitter:label1\" content=\"Dur\u00e9e de lecture estim\u00e9e\" \/>\n\t<meta name=\"twitter:data1\" content=\"8 minutes\" \/>\n<script type=\"application\/ld+json\" class=\"yoast-schema-graph\">{\"@context\":\"https:\\\/\\\/schema.org\",\"@graph\":[{\"@type\":\"WebPage\",\"@id\":\"https:\\\/\\\/www.burckhardtlaw.com\\\/fr\\\/faq\\\/\",\"url\":\"https:\\\/\\\/www.burckhardtlaw.com\\\/fr\\\/faq\\\/\",\"name\":\"burckhardt AG AG - FAQ\",\"isPartOf\":{\"@id\":\"https:\\\/\\\/burckhardtlaw.com\\\/#website\"},\"datePublished\":\"2022-03-08T09:29:19+00:00\",\"dateModified\":\"2023-01-17T09:35:07+00:00\",\"breadcrumb\":{\"@id\":\"https:\\\/\\\/www.burckhardtlaw.com\\\/fr\\\/faq\\\/#breadcrumb\"},\"inLanguage\":\"fr-FR\",\"potentialAction\":[{\"@type\":\"ReadAction\",\"target\":[\"https:\\\/\\\/www.burckhardtlaw.com\\\/fr\\\/faq\\\/\"]}]},{\"@type\":\"BreadcrumbList\",\"@id\":\"https:\\\/\\\/www.burckhardtlaw.com\\\/fr\\\/faq\\\/#breadcrumb\",\"itemListElement\":[{\"@type\":\"ListItem\",\"position\":1,\"name\":\"Startseite\",\"item\":\"https:\\\/\\\/www.burckhardtlaw.com\\\/fr\\\/\"},{\"@type\":\"ListItem\",\"position\":2,\"name\":\"4.0 FAQ\"}]},{\"@type\":\"WebSite\",\"@id\":\"https:\\\/\\\/burckhardtlaw.com\\\/#website\",\"url\":\"https:\\\/\\\/burckhardtlaw.com\\\/\",\"name\":\"burckhardt AG\",\"description\":\"Notare. Anw\u00e4lte. Steuerexperten.\",\"publisher\":{\"@id\":\"https:\\\/\\\/burckhardtlaw.com\\\/#organization\"},\"potentialAction\":[{\"@type\":\"SearchAction\",\"target\":{\"@type\":\"EntryPoint\",\"urlTemplate\":\"https:\\\/\\\/burckhardtlaw.com\\\/?s={search_term_string}\"},\"query-input\":{\"@type\":\"PropertyValueSpecification\",\"valueRequired\":true,\"valueName\":\"search_term_string\"}}],\"inLanguage\":\"fr-FR\"},{\"@type\":\"Organization\",\"@id\":\"https:\\\/\\\/burckhardtlaw.com\\\/#organization\",\"name\":\"burckhardt AG\",\"url\":\"https:\\\/\\\/burckhardtlaw.com\\\/\",\"logo\":{\"@type\":\"ImageObject\",\"inLanguage\":\"fr-FR\",\"@id\":\"https:\\\/\\\/burckhardtlaw.com\\\/#\\\/schema\\\/logo\\\/image\\\/\",\"url\":\"https:\\\/\\\/www.burckhardtlaw.com\\\/wp-content\\\/uploads\\\/2022\\\/05\\\/burckhardt-Logo_blue_rgb-no-padding.png\",\"contentUrl\":\"https:\\\/\\\/www.burckhardtlaw.com\\\/wp-content\\\/uploads\\\/2022\\\/05\\\/burckhardt-Logo_blue_rgb-no-padding.png\",\"width\":800,\"height\":185,\"caption\":\"burckhardt AG\"},\"image\":{\"@id\":\"https:\\\/\\\/burckhardtlaw.com\\\/#\\\/schema\\\/logo\\\/image\\\/\"}}]}<\/script>\n<!-- \/ Yoast SEO plugin. -->","yoast_head_json":{"title":"burckhardt AG AG - FAQ","robots":{"index":"index","follow":"follow","max-snippet":"max-snippet:-1","max-image-preview":"max-image-preview:large","max-video-preview":"max-video-preview:-1"},"canonical":"https:\/\/www.burckhardtlaw.com\/fr\/faq\/","og_locale":"fr_FR","og_type":"article","og_title":"burckhardt AG AG - FAQ","og_description":"[vc_row row_height_percent=\u00a0\u00bb48&Prime; back_image=\u00a0\u00bb1283&Prime; overlay_alpha=\u00a0\u00bb50&Prime; gutter_size=\u00a0\u00bb3&Prime; column_width_percent=\u00a0\u00bb100&Prime; shift_y=\u00a0\u00bb0&Prime; z_index=\u00a0\u00bb0&Prime; uncode_shortcode_id=\u00a0\u00bb646224&Prime; overlay_color_type=\u00a0\u00bbuncode-gradient\u00a0\u00bb overlay_color_gradient=\u00a0\u00bb{\u00ab\u00a0css\u00ab\u00a0:\u00ab\u00a0background: linear-gradient(to top , rgb(0, 0, 0) , rgba(0, 0, [&hellip;]","og_url":"https:\/\/www.burckhardtlaw.com\/fr\/faq\/","og_site_name":"burckhardt AG","article_modified_time":"2023-01-17T09:35:07+00:00","twitter_card":"summary_large_image","twitter_misc":{"Dur\u00e9e de lecture estim\u00e9e":"8 minutes"},"schema":{"@context":"https:\/\/schema.org","@graph":[{"@type":"WebPage","@id":"https:\/\/www.burckhardtlaw.com\/fr\/faq\/","url":"https:\/\/www.burckhardtlaw.com\/fr\/faq\/","name":"burckhardt AG AG - FAQ","isPartOf":{"@id":"https:\/\/burckhardtlaw.com\/#website"},"datePublished":"2022-03-08T09:29:19+00:00","dateModified":"2023-01-17T09:35:07+00:00","breadcrumb":{"@id":"https:\/\/www.burckhardtlaw.com\/fr\/faq\/#breadcrumb"},"inLanguage":"fr-FR","potentialAction":[{"@type":"ReadAction","target":["https:\/\/www.burckhardtlaw.com\/fr\/faq\/"]}]},{"@type":"BreadcrumbList","@id":"https:\/\/www.burckhardtlaw.com\/fr\/faq\/#breadcrumb","itemListElement":[{"@type":"ListItem","position":1,"name":"Startseite","item":"https:\/\/www.burckhardtlaw.com\/fr\/"},{"@type":"ListItem","position":2,"name":"4.0 FAQ"}]},{"@type":"WebSite","@id":"https:\/\/burckhardtlaw.com\/#website","url":"https:\/\/burckhardtlaw.com\/","name":"burckhardt AG","description":"Notare. Anw\u00e4lte. Steuerexperten.","publisher":{"@id":"https:\/\/burckhardtlaw.com\/#organization"},"potentialAction":[{"@type":"SearchAction","target":{"@type":"EntryPoint","urlTemplate":"https:\/\/burckhardtlaw.com\/?s={search_term_string}"},"query-input":{"@type":"PropertyValueSpecification","valueRequired":true,"valueName":"search_term_string"}}],"inLanguage":"fr-FR"},{"@type":"Organization","@id":"https:\/\/burckhardtlaw.com\/#organization","name":"burckhardt AG","url":"https:\/\/burckhardtlaw.com\/","logo":{"@type":"ImageObject","inLanguage":"fr-FR","@id":"https:\/\/burckhardtlaw.com\/#\/schema\/logo\/image\/","url":"https:\/\/www.burckhardtlaw.com\/wp-content\/uploads\/2022\/05\/burckhardt-Logo_blue_rgb-no-padding.png","contentUrl":"https:\/\/www.burckhardtlaw.com\/wp-content\/uploads\/2022\/05\/burckhardt-Logo_blue_rgb-no-padding.png","width":800,"height":185,"caption":"burckhardt AG"},"image":{"@id":"https:\/\/burckhardtlaw.com\/#\/schema\/logo\/image\/"}}]}},"_links":{"self":[{"href":"https:\/\/www.burckhardtlaw.com\/fr\/wp-json\/wp\/v2\/pages\/3447","targetHints":{"allow":["GET"]}}],"collection":[{"href":"https:\/\/www.burckhardtlaw.com\/fr\/wp-json\/wp\/v2\/pages"}],"about":[{"href":"https:\/\/www.burckhardtlaw.com\/fr\/wp-json\/wp\/v2\/types\/page"}],"author":[{"embeddable":true,"href":"https:\/\/www.burckhardtlaw.com\/fr\/wp-json\/wp\/v2\/users\/25"}],"replies":[{"embeddable":true,"href":"https:\/\/www.burckhardtlaw.com\/fr\/wp-json\/wp\/v2\/comments?post=3447"}],"version-history":[{"count":0,"href":"https:\/\/www.burckhardtlaw.com\/fr\/wp-json\/wp\/v2\/pages\/3447\/revisions"}],"wp:attachment":[{"href":"https:\/\/www.burckhardtlaw.com\/fr\/wp-json\/wp\/v2\/media?parent=3447"}],"curies":[{"name":"wp","href":"https:\/\/api.w.org\/{rel}","templated":true}]}}