{"id":10464,"date":"2025-04-29T16:03:02","date_gmt":"2025-04-29T14:03:02","guid":{"rendered":"https:\/\/www.burckhardtlaw.com\/?page_id=10464"},"modified":"2025-10-10T11:12:15","modified_gmt":"2025-10-10T09:12:15","slug":"raphael-fellay","status":"publish","type":"page","link":"https:\/\/www.burckhardtlaw.com\/fr\/team\/raphael-fellay\/","title":{"rendered":"Rapha\u00ebl Fellay"},"content":{"rendered":"<div class=\"wpb-content-wrapper\"><p>[vc_row row_height_percent=\u00a0\u00bb80&Prime; override_padding=\u00a0\u00bbyes\u00a0\u00bb h_padding=\u00a0\u00bb2&Prime; top_padding=\u00a0\u00bb1&Prime; bottom_padding=\u00a0\u00bb1&Prime; back_image=\u00a0\u00bb10422&Prime; overlay_alpha=\u00a0\u00bb50&Prime; gutter_size=\u00a0\u00bb3&Prime; column_width_percent=\u00a0\u00bb100&Prime; shift_y=\u00a0\u00bb0&Prime; z_index=\u00a0\u00bb0&Prime; content_parallax=\u00a0\u00bb0&Prime; uncode_shortcode_id=\u00a0\u00bb511622&Prime; row_height_pixel=\u00a0\u00bb300&Prime;][vc_column column_width_percent=\u00a0\u00bb100&Prime; position_horizontal=\u00a0\u00bbleft\u00a0\u00bb position_vertical=\u00a0\u00bbbottom\u00a0\u00bb gutter_size=\u00a0\u00bb3&Prime; overlay_alpha=\u00a0\u00bb50&Prime; shift_x=\u00a0\u00bb0&Prime; shift_y=\u00a0\u00bb0&Prime; shift_y_down=\u00a0\u00bb0&Prime; z_index=\u00a0\u00bb0&Prime; medium_width=\u00a0\u00bb0&Prime; mobile_width=\u00a0\u00bb0&Prime; width=\u00a0\u00bb1\/1&Prime; uncode_shortcode_id=\u00a0\u00bb110742&Prime;][\/vc_column][\/vc_row][vc_row][vc_column column_width_percent=\u00a0\u00bb100&Prime; gutter_size=\u00a0\u00bb1&Prime; overlay_alpha=\u00a0\u00bb50&Prime; shift_x=\u00a0\u00bb0&Prime; shift_y=\u00a0\u00bb0&Prime; shift_y_down=\u00a0\u00bb0&Prime; z_index=\u00a0\u00bb0&Prime; medium_width=\u00a0\u00bb0&Prime; mobile_width=\u00a0\u00bb0&Prime; width=\u00a0\u00bb1\/3&Prime; uncode_shortcode_id=\u00a0\u00bb113605&Prime;][vc_custom_heading heading_semantic=\u00a0\u00bbh1&Prime; text_size=\u00a0\u00bbh1&Prime; sub_reduced=\u00a0\u00bbyes\u00a0\u00bb uncode_shortcode_id=\u00a0\u00bb208170&Prime;]Rapha\u00ebl Fellay[\/vc_custom_heading][vc_column_text uncode_shortcode_id=\u00a0\u00bb495382&Prime;]MLaw, Avocat[\/vc_column_text][\/vc_column][vc_column column_width_percent=\u00a0\u00bb100&Prime; position_horizontal=\u00a0\u00bbright\u00a0\u00bb align_horizontal=\u00a0\u00bbalign_right\u00a0\u00bb gutter_size=\u00a0\u00bb1&Prime; overlay_alpha=\u00a0\u00bb50&Prime; shift_x=\u00a0\u00bb0&Prime; shift_y=\u00a0\u00bb0&Prime; shift_y_down=\u00a0\u00bb0&Prime; z_index=\u00a0\u00bb0&Prime; medium_width=\u00a0\u00bb0&Prime; mobile_width=\u00a0\u00bb0&Prime; width=\u00a0\u00bb2\/3&Prime; uncode_shortcode_id=\u00a0\u00bb260943&Prime;][uncode_list icon=\u00a0\u00bbfa fa-map-pin\u00a0\u00bb icon_color=\u00a0\u00bbcolor-135397&Prime; uncode_shortcode_id=\u00a0\u00bb871654&Prime; icon_color_type=\u00a0\u00bbuncode-palette\u00a0\u00bb]<\/p>\n<ul>\n<li><a class=\"regular\" href=\"https:\/\/www.google.com\/maps\/dir\/\/burckhardt+AG+Usteristrasse+12+8021+Z%C3%BCrich\/@47.3759801,8.5366369,16z\/data=!4m8!4m7!1m0!1m5!1m1!1s0x47900a05e43bfe85:0xe1ca090af15a86c3!2m2!1d8.5366017!2d47.3759158?entry=ttu&amp;g_ep=EgoyMDI1MDQyMy4wIKXMDSoASAFQAw%3D%3D\">Usteristrasse 12, case postale 1172, CH-8021 Z\u00fcrich<\/a><\/li>\n<\/ul>\n<p>[\/uncode_list][uncode_list icon=\u00a0\u00bbfa fa-phone-handset\u00a0\u00bb icon_color=\u00a0\u00bbcolor-135397&Prime; uncode_shortcode_id=\u00a0\u00bb164165&Prime; icon_color_type=\u00a0\u00bbuncode-palette\u00a0\u00bb]<\/p>\n<ul>\n<li>+41 58 881 02 25<\/li>\n<\/ul>\n<p>[\/uncode_list][uncode_list icon=\u00a0\u00bbfa fa-envelope3&Prime; icon_color=\u00a0\u00bbcolor-135397&Prime; uncode_shortcode_id=\u00a0\u00bb144710&Prime; icon_color_type=\u00a0\u00bbuncode-palette\u00a0\u00bb]<\/p>\n<ul>\n<li><a class=\"regular\" href=\"mailto:fellay@burckhardtlaw.com\">fellay@burckhardtlaw.com<\/a><\/li>\n<\/ul>\n<p>[\/uncode_list][\/vc_column][\/vc_row][vc_row row_height_percent=\u00a0\u00bb0&Prime; overlay_alpha=\u00a0\u00bb50&Prime; gutter_size=\u00a0\u00bb4&Prime; column_width_percent=\u00a0\u00bb100&Prime; shift_y=\u00a0\u00bb0&Prime; z_index=\u00a0\u00bb0&Prime; uncode_shortcode_id=\u00a0\u00bb161157&Prime;][vc_column column_width_percent=\u00a0\u00bb94&Prime; position_horizontal=\u00a0\u00bbleft\u00a0\u00bb gutter_size=\u00a0\u00bb2&Prime; overlay_alpha=\u00a0\u00bb50&Prime; shift_x=\u00a0\u00bb0&Prime; shift_y=\u00a0\u00bb0&Prime; shift_y_down=\u00a0\u00bb0&Prime; z_index=\u00a0\u00bb0&Prime; medium_width=\u00a0\u00bb0&Prime; mobile_width=\u00a0\u00bb0&Prime; width=\u00a0\u00bb1\/2&Prime; uncode_shortcode_id=\u00a0\u00bb575887&Prime;][vc_button button_color=\u00a0\u00bbcolor-137653&Prime; size=\u00a0\u00bbbtn-sm\u00a0\u00bb wide=\u00a0\u00bbyes\u00a0\u00bb hover_fx=\u00a0\u00bbfull-colored\u00a0\u00bb border_width=\u00a0\u00bb0&Prime; icon=\u00a0\u00bbfa fa-download5&Prime; uncode_shortcode_id=\u00a0\u00bb152508&Prime; button_color_type=\u00a0\u00bbuncode-palette\u00a0\u00bb link=\u00a0\u00bburl:https%3A%2F%2Fwww.burckhardtlaw.com%2Fwp-content%2Fuploads%2F2025%2F04%2FRaphael-Fellay-F.pdf|target:_blank\u00a0\u00bb]Profil herunterladen[\/vc_button][vc_button button_color=\u00a0\u00bbcolor-137653&Prime; size=\u00a0\u00bbbtn-sm\u00a0\u00bb wide=\u00a0\u00bbyes\u00a0\u00bb border_width=\u00a0\u00bb0&Prime; icon=\u00a0\u00bbfa fa-download5&Prime; uncode_shortcode_id=\u00a0\u00bb199916&Prime; button_color_type=\u00a0\u00bbuncode-palette\u00a0\u00bb link=\u00a0\u00bburl:https%3A%2F%2Fwww.burckhardtlaw.com%2Fwp-content%2Fuploads%2F2025%2F04%2FRaphael-Fellay-F.vcf\u00a0\u00bb]Kontakt (vCard) herunterladen[\/vc_button][vc_accordion sign=\u00a0\u00bbplus\u00a0\u00bb active_tab=\u00a0\u00bb0&Prime;][vc_accordion_tab gutter_size=\u00a0\u00bb2&Prime; column_padding=\u00a0\u00bb2&Prime; title=\u00a0\u00bbLangues\u00a0\u00bb tab_id=\u00a0\u00bb1651591693-1-52844b-0205&Prime;][uncode_list uncode_shortcode_id=\u00a0\u00bb114871&Prime;]<\/p>\n<ul>\n<li>Allemand<\/li>\n<li>Anglais<\/li>\n<li>Fran\u00e7ais<\/li>\n<li>Italien<\/li>\n<\/ul>\n<p>[\/uncode_list][\/vc_accordion_tab][vc_accordion_tab gutter_size=\u00a0\u00bb0&Prime; column_padding=\u00a0\u00bb0&Prime; title=\u00a0\u00bbExpertises\u00a0\u00bb tab_id=\u00a0\u00bb1651591693-2-90844b-0205&Prime;][vc_empty_space empty_h=\u00a0\u00bb2&Prime;][vc_empty_space empty_h=\u00a0\u00bb1&Prime;][uncode_index el_id=\u00a0\u00bbindex-959738&Prime; index_type=\u00a0\u00bbtitles\u00a0\u00bb loop=\u00a0\u00bbsize:All|order_by:date|post_type:post|by_id:-886,884,-882,-880,-878,876,-874,-872,-870,-868,866,-864,-862,-860,-389,-376|taxonomy_count:All|taxonomy_show_empty:yes\u00a0\u00bb gutter_size=\u00a0\u00bb0&Prime; drop_image_position=\u00a0\u00bbhide\u00a0\u00bb drop_image_time=\u00a0\u00bb0&Prime; single_title_semantic=\u00a0\u00bbh6&Prime; single_title_family=\u00a0\u00bbfont-131852&Prime; single_title_dimension=\u00a0\u00bbfontsize-207156&Prime; single_title_height=\u00a0\u00bbfontheight-990954&Prime; custom_order=\u00a0\u00bbyes\u00a0\u00bb uncode_shortcode_id=\u00a0\u00bb715085&Prime; order_ids=\u00a0\u00bb3667,3673,866,876,884,882&Prime; back_size=\u00a0\u00bb0&Prime; el_class=\u00a0\u00bbteamlist\u00a0\u00bb][vc_empty_space empty_h=\u00a0\u00bb2&Prime;][\/vc_accordion_tab][vc_accordion_tab gutter_size=\u00a0\u00bb2&Prime; column_padding=\u00a0\u00bb2&Prime; title=\u00a0\u00bbPublications\u00a0\u00bb tab_id=\u00a0\u00bb1651662551096-2-2844b-0205&Prime;][uncode_list uncode_shortcode_id=\u00a0\u00bb176399&Prime;]<\/p>\n<ul>\n<li>La pratique des anciennes r\u00e9serves de l\u2019AFC, RDAF 2020 II, 481<\/li>\n<li>Restructurations \/ Fusions \/ Acquisitions: \u00e9volution r\u00e9cente et cas pratiques<\/li>\n<li>Remboursement de l\u2019imp\u00f4t anticip\u00e9: pratique des anciennes r\u00e9serves, liquidation rempla\u00e7ante et transposition internationale \u00e9tendue<\/li>\n<li>Imposta preventiva: casi scelti<\/li>\n<li>Prassi delle vecchie riserve, trasposizione internazionale (estesa) e liquidazione sostitutiva, Novit\u00e0 fiscali 07\/2023, 404<\/li>\n<\/ul>\n<p>[\/uncode_list][\/vc_accordion_tab][\/vc_accordion][\/vc_column][vc_column width=\u00a0\u00bb1\/2&Prime;][vc_empty_space empty_h=\u00a0\u00bb2&Prime; desktop_visibility=\u00a0\u00bbyes\u00a0\u00bb medium_visibility=\u00a0\u00bbyes\u00a0\u00bb][vc_column_text uncode_shortcode_id=\u00a0\u00bb268211&Prime;]Rapha\u00ebl Fellay intervient en droit fiscal national et<br \/>\ninternational, avec une sp\u00e9cialisation en droit fiscal des<br \/>\nentreprises.<\/p>\n<p>Rapha\u00ebl a \u00e9tudi\u00e9 \u00e0 l&rsquo;Universit\u00e9 de Gen\u00e8ve (BLaw 2013) et \u00e0<br \/>\nl&rsquo;Universit\u00e9 de Saint-Gall (MLaw 2015). En 2017, il a obtenu le brevet d&rsquo;avocat du canton de Zurich.<\/p>\n<p>Avant de rejoindre burckhardt SA en 2024, il a travaill\u00e9<br \/>\nplusieurs ann\u00e9es au sein de l&rsquo;\u00e9quipe fiscale d&rsquo;un cabinet<br \/>\nd\u2019avocats d&rsquo;affaires zurichois. Il a \u00e9galement travaill\u00e9 \u00e0 l&rsquo;IFFHSG (chaire du professeur R. Waldburger) et au Tribunal<br \/>\nf\u00e9d\u00e9ral (IIIe Cour de droit public).<\/p>\n<p>Parall\u00e8lement \u00e0 son m\u00e9tier d&rsquo;avocat, Rapha\u00ebl poursuit une<br \/>\ncarri\u00e8re de chef d&rsquo;orchestre.[\/vc_column_text][\/vc_column][\/vc_row]<\/p>\n<\/div>","protected":false},"excerpt":{"rendered":"<p>[vc_row row_height_percent=\u00a0\u00bb80&Prime; override_padding=\u00a0\u00bbyes\u00a0\u00bb h_padding=\u00a0\u00bb2&Prime; top_padding=\u00a0\u00bb1&Prime; bottom_padding=\u00a0\u00bb1&Prime; back_image=\u00a0\u00bb10422&Prime; overlay_alpha=\u00a0\u00bb50&Prime; gutter_size=\u00a0\u00bb3&Prime; column_width_percent=\u00a0\u00bb100&Prime; shift_y=\u00a0\u00bb0&Prime; z_index=\u00a0\u00bb0&Prime; content_parallax=\u00a0\u00bb0&Prime; uncode_shortcode_id=\u00a0\u00bb511622&Prime; row_height_pixel=\u00a0\u00bb300&Prime;][vc_column column_width_percent=\u00a0\u00bb100&Prime; position_horizontal=\u00a0\u00bbleft\u00a0\u00bb position_vertical=\u00a0\u00bbbottom\u00a0\u00bb gutter_size=\u00a0\u00bb3&Prime; overlay_alpha=\u00a0\u00bb50&Prime; [&hellip;]<\/p>\n","protected":false},"author":26,"featured_media":10424,"parent":3427,"menu_order":0,"comment_status":"closed","ping_status":"closed","template":"","meta":{"_acf_changed":false,"footnotes":""},"class_list":["post-10464","page","type-page","status-publish","has-post-thumbnail","hentry","page_category-droit-des-societes","page_category-ma-mergers-and-acquisitions-fusions-et-acquisitions","page_category-fiscalite","page_category-implantation-dentreprise"],"acf":[],"yoast_head":"<!-- This site is optimized with the Yoast SEO plugin v27.5 - https:\/\/yoast.com\/product\/yoast-seo-wordpress\/ -->\n<title>Rapha\u00ebl Fellay &#8226; burckhardt AG<\/title>\n<meta name=\"robots\" content=\"index, follow, max-snippet:-1, max-image-preview:large, max-video-preview:-1\" \/>\n<link rel=\"canonical\" href=\"https:\/\/www.burckhardtlaw.com\/fr\/team\/raphael-fellay\/\" \/>\n<meta property=\"og:locale\" content=\"fr_FR\" \/>\n<meta property=\"og:type\" content=\"article\" \/>\n<meta property=\"og:title\" content=\"Rapha\u00ebl Fellay &#8226; burckhardt AG\" \/>\n<meta property=\"og:description\" content=\"[vc_row row_height_percent=\u00a0\u00bb80&Prime; override_padding=\u00a0\u00bbyes\u00a0\u00bb h_padding=\u00a0\u00bb2&Prime; top_padding=\u00a0\u00bb1&Prime; bottom_padding=\u00a0\u00bb1&Prime; back_image=\u00a0\u00bb10422&Prime; overlay_alpha=\u00a0\u00bb50&Prime; gutter_size=\u00a0\u00bb3&Prime; column_width_percent=\u00a0\u00bb100&Prime; shift_y=\u00a0\u00bb0&Prime; z_index=\u00a0\u00bb0&Prime; content_parallax=\u00a0\u00bb0&Prime; uncode_shortcode_id=\u00a0\u00bb511622&Prime; row_height_pixel=\u00a0\u00bb300&Prime;][vc_column column_width_percent=\u00a0\u00bb100&Prime; position_horizontal=\u00a0\u00bbleft\u00a0\u00bb position_vertical=\u00a0\u00bbbottom\u00a0\u00bb gutter_size=\u00a0\u00bb3&Prime; overlay_alpha=\u00a0\u00bb50&Prime; [&hellip;]\" \/>\n<meta property=\"og:url\" content=\"https:\/\/www.burckhardtlaw.com\/fr\/team\/raphael-fellay\/\" \/>\n<meta property=\"og:site_name\" content=\"burckhardt AG\" \/>\n<meta property=\"article:modified_time\" content=\"2025-10-10T09:12:15+00:00\" \/>\n<meta property=\"og:image\" content=\"https:\/\/www.burckhardtlaw.com\/wp-content\/uploads\/2025\/04\/Raphael-Fellay-scaled.jpeg\" \/>\n\t<meta property=\"og:image:width\" content=\"2560\" \/>\n\t<meta property=\"og:image:height\" content=\"1755\" \/>\n\t<meta property=\"og:image:type\" content=\"image\/jpeg\" \/>\n<meta name=\"twitter:card\" content=\"summary_large_image\" \/>\n<meta name=\"twitter:label1\" content=\"Dur\u00e9e de lecture estim\u00e9e\" \/>\n\t<meta name=\"twitter:data1\" content=\"3 minutes\" \/>\n<script type=\"application\/ld+json\" class=\"yoast-schema-graph\">{\"@context\":\"https:\\\/\\\/schema.org\",\"@graph\":[{\"@type\":\"WebPage\",\"@id\":\"https:\\\/\\\/www.burckhardtlaw.com\\\/fr\\\/team\\\/raphael-fellay\\\/\",\"url\":\"https:\\\/\\\/www.burckhardtlaw.com\\\/fr\\\/team\\\/raphael-fellay\\\/\",\"name\":\"Rapha\u00ebl Fellay &#8226; burckhardt AG\",\"isPartOf\":{\"@id\":\"https:\\\/\\\/burckhardtlaw.com\\\/#website\"},\"primaryImageOfPage\":{\"@id\":\"https:\\\/\\\/www.burckhardtlaw.com\\\/fr\\\/team\\\/raphael-fellay\\\/#primaryimage\"},\"image\":{\"@id\":\"https:\\\/\\\/www.burckhardtlaw.com\\\/fr\\\/team\\\/raphael-fellay\\\/#primaryimage\"},\"thumbnailUrl\":\"https:\\\/\\\/www.burckhardtlaw.com\\\/wp-content\\\/uploads\\\/2025\\\/04\\\/Raphael-Fellay-scaled.jpeg\",\"datePublished\":\"2025-04-29T14:03:02+00:00\",\"dateModified\":\"2025-10-10T09:12:15+00:00\",\"breadcrumb\":{\"@id\":\"https:\\\/\\\/www.burckhardtlaw.com\\\/fr\\\/team\\\/raphael-fellay\\\/#breadcrumb\"},\"inLanguage\":\"fr-FR\",\"potentialAction\":[{\"@type\":\"ReadAction\",\"target\":[\"https:\\\/\\\/www.burckhardtlaw.com\\\/fr\\\/team\\\/raphael-fellay\\\/\"]}]},{\"@type\":\"ImageObject\",\"inLanguage\":\"fr-FR\",\"@id\":\"https:\\\/\\\/www.burckhardtlaw.com\\\/fr\\\/team\\\/raphael-fellay\\\/#primaryimage\",\"url\":\"https:\\\/\\\/www.burckhardtlaw.com\\\/wp-content\\\/uploads\\\/2025\\\/04\\\/Raphael-Fellay-scaled.jpeg\",\"contentUrl\":\"https:\\\/\\\/www.burckhardtlaw.com\\\/wp-content\\\/uploads\\\/2025\\\/04\\\/Raphael-Fellay-scaled.jpeg\",\"width\":2560,\"height\":1755},{\"@type\":\"BreadcrumbList\",\"@id\":\"https:\\\/\\\/www.burckhardtlaw.com\\\/fr\\\/team\\\/raphael-fellay\\\/#breadcrumb\",\"itemListElement\":[{\"@type\":\"ListItem\",\"position\":1,\"name\":\"Startseite\",\"item\":\"https:\\\/\\\/www.burckhardtlaw.com\\\/fr\\\/\"},{\"@type\":\"ListItem\",\"position\":2,\"name\":\"2.0 Team\",\"item\":\"https:\\\/\\\/www.burckhardtlaw.com\\\/fr\\\/team\\\/\"},{\"@type\":\"ListItem\",\"position\":3,\"name\":\"Rapha\u00ebl Fellay\"}]},{\"@type\":\"WebSite\",\"@id\":\"https:\\\/\\\/burckhardtlaw.com\\\/#website\",\"url\":\"https:\\\/\\\/burckhardtlaw.com\\\/\",\"name\":\"burckhardt AG\",\"description\":\"Notare. Anw\u00e4lte. Steuerexperten.\",\"publisher\":{\"@id\":\"https:\\\/\\\/burckhardtlaw.com\\\/#organization\"},\"potentialAction\":[{\"@type\":\"SearchAction\",\"target\":{\"@type\":\"EntryPoint\",\"urlTemplate\":\"https:\\\/\\\/burckhardtlaw.com\\\/?s={search_term_string}\"},\"query-input\":{\"@type\":\"PropertyValueSpecification\",\"valueRequired\":true,\"valueName\":\"search_term_string\"}}],\"inLanguage\":\"fr-FR\"},{\"@type\":\"Organization\",\"@id\":\"https:\\\/\\\/burckhardtlaw.com\\\/#organization\",\"name\":\"burckhardt AG\",\"url\":\"https:\\\/\\\/burckhardtlaw.com\\\/\",\"logo\":{\"@type\":\"ImageObject\",\"inLanguage\":\"fr-FR\",\"@id\":\"https:\\\/\\\/burckhardtlaw.com\\\/#\\\/schema\\\/logo\\\/image\\\/\",\"url\":\"https:\\\/\\\/www.burckhardtlaw.com\\\/wp-content\\\/uploads\\\/2022\\\/05\\\/burckhardt-Logo_blue_rgb-no-padding.png\",\"contentUrl\":\"https:\\\/\\\/www.burckhardtlaw.com\\\/wp-content\\\/uploads\\\/2022\\\/05\\\/burckhardt-Logo_blue_rgb-no-padding.png\",\"width\":800,\"height\":185,\"caption\":\"burckhardt AG\"},\"image\":{\"@id\":\"https:\\\/\\\/burckhardtlaw.com\\\/#\\\/schema\\\/logo\\\/image\\\/\"}}]}<\/script>\n<!-- \/ Yoast SEO plugin. -->","yoast_head_json":{"title":"Rapha\u00ebl Fellay &#8226; burckhardt AG","robots":{"index":"index","follow":"follow","max-snippet":"max-snippet:-1","max-image-preview":"max-image-preview:large","max-video-preview":"max-video-preview:-1"},"canonical":"https:\/\/www.burckhardtlaw.com\/fr\/team\/raphael-fellay\/","og_locale":"fr_FR","og_type":"article","og_title":"Rapha\u00ebl Fellay &#8226; burckhardt AG","og_description":"[vc_row row_height_percent=\u00a0\u00bb80&Prime; override_padding=\u00a0\u00bbyes\u00a0\u00bb h_padding=\u00a0\u00bb2&Prime; top_padding=\u00a0\u00bb1&Prime; bottom_padding=\u00a0\u00bb1&Prime; back_image=\u00a0\u00bb10422&Prime; overlay_alpha=\u00a0\u00bb50&Prime; gutter_size=\u00a0\u00bb3&Prime; column_width_percent=\u00a0\u00bb100&Prime; shift_y=\u00a0\u00bb0&Prime; z_index=\u00a0\u00bb0&Prime; content_parallax=\u00a0\u00bb0&Prime; uncode_shortcode_id=\u00a0\u00bb511622&Prime; row_height_pixel=\u00a0\u00bb300&Prime;][vc_column column_width_percent=\u00a0\u00bb100&Prime; position_horizontal=\u00a0\u00bbleft\u00a0\u00bb position_vertical=\u00a0\u00bbbottom\u00a0\u00bb gutter_size=\u00a0\u00bb3&Prime; overlay_alpha=\u00a0\u00bb50&Prime; [&hellip;]","og_url":"https:\/\/www.burckhardtlaw.com\/fr\/team\/raphael-fellay\/","og_site_name":"burckhardt AG","article_modified_time":"2025-10-10T09:12:15+00:00","og_image":[{"width":2560,"height":1755,"url":"https:\/\/www.burckhardtlaw.com\/wp-content\/uploads\/2025\/04\/Raphael-Fellay-scaled.jpeg","type":"image\/jpeg"}],"twitter_card":"summary_large_image","twitter_misc":{"Dur\u00e9e de lecture estim\u00e9e":"3 minutes"},"schema":{"@context":"https:\/\/schema.org","@graph":[{"@type":"WebPage","@id":"https:\/\/www.burckhardtlaw.com\/fr\/team\/raphael-fellay\/","url":"https:\/\/www.burckhardtlaw.com\/fr\/team\/raphael-fellay\/","name":"Rapha\u00ebl Fellay &#8226; burckhardt AG","isPartOf":{"@id":"https:\/\/burckhardtlaw.com\/#website"},"primaryImageOfPage":{"@id":"https:\/\/www.burckhardtlaw.com\/fr\/team\/raphael-fellay\/#primaryimage"},"image":{"@id":"https:\/\/www.burckhardtlaw.com\/fr\/team\/raphael-fellay\/#primaryimage"},"thumbnailUrl":"https:\/\/www.burckhardtlaw.com\/wp-content\/uploads\/2025\/04\/Raphael-Fellay-scaled.jpeg","datePublished":"2025-04-29T14:03:02+00:00","dateModified":"2025-10-10T09:12:15+00:00","breadcrumb":{"@id":"https:\/\/www.burckhardtlaw.com\/fr\/team\/raphael-fellay\/#breadcrumb"},"inLanguage":"fr-FR","potentialAction":[{"@type":"ReadAction","target":["https:\/\/www.burckhardtlaw.com\/fr\/team\/raphael-fellay\/"]}]},{"@type":"ImageObject","inLanguage":"fr-FR","@id":"https:\/\/www.burckhardtlaw.com\/fr\/team\/raphael-fellay\/#primaryimage","url":"https:\/\/www.burckhardtlaw.com\/wp-content\/uploads\/2025\/04\/Raphael-Fellay-scaled.jpeg","contentUrl":"https:\/\/www.burckhardtlaw.com\/wp-content\/uploads\/2025\/04\/Raphael-Fellay-scaled.jpeg","width":2560,"height":1755},{"@type":"BreadcrumbList","@id":"https:\/\/www.burckhardtlaw.com\/fr\/team\/raphael-fellay\/#breadcrumb","itemListElement":[{"@type":"ListItem","position":1,"name":"Startseite","item":"https:\/\/www.burckhardtlaw.com\/fr\/"},{"@type":"ListItem","position":2,"name":"2.0 Team","item":"https:\/\/www.burckhardtlaw.com\/fr\/team\/"},{"@type":"ListItem","position":3,"name":"Rapha\u00ebl Fellay"}]},{"@type":"WebSite","@id":"https:\/\/burckhardtlaw.com\/#website","url":"https:\/\/burckhardtlaw.com\/","name":"burckhardt AG","description":"Notare. Anw\u00e4lte. Steuerexperten.","publisher":{"@id":"https:\/\/burckhardtlaw.com\/#organization"},"potentialAction":[{"@type":"SearchAction","target":{"@type":"EntryPoint","urlTemplate":"https:\/\/burckhardtlaw.com\/?s={search_term_string}"},"query-input":{"@type":"PropertyValueSpecification","valueRequired":true,"valueName":"search_term_string"}}],"inLanguage":"fr-FR"},{"@type":"Organization","@id":"https:\/\/burckhardtlaw.com\/#organization","name":"burckhardt AG","url":"https:\/\/burckhardtlaw.com\/","logo":{"@type":"ImageObject","inLanguage":"fr-FR","@id":"https:\/\/burckhardtlaw.com\/#\/schema\/logo\/image\/","url":"https:\/\/www.burckhardtlaw.com\/wp-content\/uploads\/2022\/05\/burckhardt-Logo_blue_rgb-no-padding.png","contentUrl":"https:\/\/www.burckhardtlaw.com\/wp-content\/uploads\/2022\/05\/burckhardt-Logo_blue_rgb-no-padding.png","width":800,"height":185,"caption":"burckhardt AG"},"image":{"@id":"https:\/\/burckhardtlaw.com\/#\/schema\/logo\/image\/"}}]}},"_links":{"self":[{"href":"https:\/\/www.burckhardtlaw.com\/fr\/wp-json\/wp\/v2\/pages\/10464","targetHints":{"allow":["GET"]}}],"collection":[{"href":"https:\/\/www.burckhardtlaw.com\/fr\/wp-json\/wp\/v2\/pages"}],"about":[{"href":"https:\/\/www.burckhardtlaw.com\/fr\/wp-json\/wp\/v2\/types\/page"}],"author":[{"embeddable":true,"href":"https:\/\/www.burckhardtlaw.com\/fr\/wp-json\/wp\/v2\/users\/26"}],"replies":[{"embeddable":true,"href":"https:\/\/www.burckhardtlaw.com\/fr\/wp-json\/wp\/v2\/comments?post=10464"}],"version-history":[{"count":0,"href":"https:\/\/www.burckhardtlaw.com\/fr\/wp-json\/wp\/v2\/pages\/10464\/revisions"}],"up":[{"embeddable":true,"href":"https:\/\/www.burckhardtlaw.com\/fr\/wp-json\/wp\/v2\/pages\/3427"}],"wp:featuredmedia":[{"embeddable":true,"href":"https:\/\/www.burckhardtlaw.com\/fr\/wp-json\/wp\/v2\/media\/10424"}],"wp:attachment":[{"href":"https:\/\/www.burckhardtlaw.com\/fr\/wp-json\/wp\/v2\/media?parent=10464"}],"curies":[{"name":"wp","href":"https:\/\/api.w.org\/{rel}","templated":true}]}}