{"id":3904,"date":"2022-05-04T11:41:07","date_gmt":"2022-05-04T09:41:07","guid":{"rendered":"https:\/\/burckhardtlaw.com\/?page_id=3904"},"modified":"2024-12-19T10:00:05","modified_gmt":"2024-12-19T09:00:05","slug":"peter-von-burg","status":"publish","type":"page","link":"https:\/\/www.burckhardtlaw.com\/en\/team\/peter-von-burg\/","title":{"rendered":"Peter von Burg"},"content":{"rendered":"<div class=\"wpb-content-wrapper\"><p>[vc_row row_height_percent=&#8221;80&#8243; override_padding=&#8221;yes&#8221; h_padding=&#8221;2&#8243; top_padding=&#8221;1&#8243; bottom_padding=&#8221;1&#8243; back_image=&#8221;165&#8243; overlay_alpha=&#8221;50&#8243; gutter_size=&#8221;3&#8243; column_width_percent=&#8221;100&#8243; shift_y=&#8221;0&#8243; z_index=&#8221;0&#8243; uncode_shortcode_id=&#8221;309672&#8243; row_height_pixel=&#8221;300&#8243;][vc_column column_width_percent=&#8221;100&#8243; position_horizontal=&#8221;left&#8221; position_vertical=&#8221;bottom&#8221; gutter_size=&#8221;3&#8243; overlay_alpha=&#8221;50&#8243; shift_x=&#8221;0&#8243; shift_y=&#8221;0&#8243; shift_y_down=&#8221;0&#8243; z_index=&#8221;0&#8243; medium_width=&#8221;0&#8243; mobile_width=&#8221;0&#8243; width=&#8221;1\/1&#8243; uncode_shortcode_id=&#8221;242395&#8243;][\/vc_column][\/vc_row][vc_row][vc_column column_width_percent=&#8221;100&#8243; gutter_size=&#8221;1&#8243; overlay_alpha=&#8221;50&#8243; shift_x=&#8221;0&#8243; shift_y=&#8221;0&#8243; shift_y_down=&#8221;0&#8243; z_index=&#8221;0&#8243; medium_width=&#8221;0&#8243; mobile_width=&#8221;0&#8243; width=&#8221;1\/3&#8243; uncode_shortcode_id=&#8221;113605&#8243;][vc_custom_heading heading_semantic=&#8221;h1&#8243; text_size=&#8221;h1&#8243; sub_reduced=&#8221;yes&#8221; uncode_shortcode_id=&#8221;940620&#8243;]Peter von Burg[\/vc_custom_heading][vc_column_text uncode_shortcode_id=&#8221;729054&#8243;]Attorney, Certified Tax expert[\/vc_column_text][\/vc_column][vc_column column_width_percent=&#8221;100&#8243; position_horizontal=&#8221;right&#8221; align_horizontal=&#8221;align_right&#8221; gutter_size=&#8221;1&#8243; overlay_alpha=&#8221;50&#8243; shift_x=&#8221;0&#8243; shift_y=&#8221;0&#8243; shift_y_down=&#8221;0&#8243; z_index=&#8221;0&#8243; medium_width=&#8221;0&#8243; mobile_width=&#8221;0&#8243; width=&#8221;2\/3&#8243; uncode_shortcode_id=&#8221;260943&#8243;][uncode_list icon=&#8221;fa fa-map-pin&#8221; icon_color=&#8221;color-135397&#8243; uncode_shortcode_id=&#8221;922430&#8243; icon_color_type=&#8221;uncode-palette&#8221;]<\/p>\n<ul>\n<li><a class=\"regular\" href=\"https:\/\/www.google.com\/maps\/place\/Usteristrasse+12,+8001+Z\u00fcrich\/@47.3759778,8.5344505,17z\/data=!3m1!4b1!4m5!3m4!1s0x47900a05e43bf299:0x74965dfd4bfb0d9f!8m2!3d47.3759778!4d8.5366392\">Usteristrasse 12, P.O. Box 1172, CH-8021 Zurich<\/a><\/li>\n<\/ul>\n<p>[\/uncode_list][uncode_list icon=&#8221;fa fa-phone-handset&#8221; icon_color=&#8221;color-135397&#8243; uncode_shortcode_id=&#8221;130524&#8243; icon_color_type=&#8221;uncode-palette&#8221;]<\/p>\n<ul>\n<li>+41 58 881 02 20<\/li>\n<\/ul>\n<p>[\/uncode_list][uncode_list icon=&#8221;fa fa-envelope3&#8243; icon_color=&#8221;color-135397&#8243; uncode_shortcode_id=&#8221;177461&#8243; icon_color_type=&#8221;uncode-palette&#8221;]<\/p>\n<ul>\n<li><a class=\"regular\" href=\"mailto:vonburg@burckhardtlaw.com\">vonburg@burckhardtlaw.com<\/a><\/li>\n<\/ul>\n<p>[\/uncode_list][\/vc_column][\/vc_row][vc_row row_height_percent=&#8221;0&#8243; overlay_alpha=&#8221;50&#8243; gutter_size=&#8221;4&#8243; column_width_percent=&#8221;100&#8243; shift_y=&#8221;0&#8243; z_index=&#8221;0&#8243; uncode_shortcode_id=&#8221;161157&#8243;][vc_column column_width_percent=&#8221;94&#8243; position_horizontal=&#8221;left&#8221; gutter_size=&#8221;2&#8243; overlay_alpha=&#8221;50&#8243; shift_x=&#8221;0&#8243; shift_y=&#8221;0&#8243; shift_y_down=&#8221;0&#8243; z_index=&#8221;0&#8243; medium_width=&#8221;0&#8243; mobile_width=&#8221;0&#8243; width=&#8221;1\/2&#8243; uncode_shortcode_id=&#8221;575887&#8243;][vc_button button_color=&#8221;color-137653&#8243; size=&#8221;btn-sm&#8221; wide=&#8221;yes&#8221; hover_fx=&#8221;full-colored&#8221; border_width=&#8221;0&#8243; icon=&#8221;fa fa-download5&#8243; uncode_shortcode_id=&#8221;204288&#8243; button_color_type=&#8221;uncode-palette&#8221; link=&#8221;url:https%3A%2F%2Fwww.burckhardtlaw.com%2Fwp-content%2Fuploads%2F2023%2F04%2FPeter-von-Burg-E.pdf|target:_blank&#8221;]download CV[\/vc_button][vc_button button_color=&#8221;color-137653&#8243; size=&#8221;btn-sm&#8221; wide=&#8221;yes&#8221; border_width=&#8221;0&#8243; icon=&#8221;fa fa-download5&#8243; uncode_shortcode_id=&#8221;102818&#8243; button_color_type=&#8221;uncode-palette&#8221; link=&#8221;url:https%3A%2F%2Fwww.burckhardtlaw.com%2Fwp-content%2Fuploads%2F2023%2F04%2FPeter-von-Burg-e.vcf&#8221;]download contact (vCard)[\/vc_button][vc_accordion sign=&#8221;plus&#8221; active_tab=&#8221;0&#8243;][vc_accordion_tab gutter_size=&#8221;2&#8243; column_padding=&#8221;2&#8243; title=&#8221;Languages&#8221; tab_id=&#8221;1651591693-1-52&#8243;][uncode_list uncode_shortcode_id=&#8221;171322&#8243;]<\/p>\n<ul>\n<li>German<\/li>\n<li>English<\/li>\n<li>French<\/li>\n<\/ul>\n<p>[\/uncode_list][\/vc_accordion_tab][vc_accordion_tab gutter_size=&#8221;2&#8243; column_padding=&#8221;2&#8243; title=&#8221;Expertise &amp; industries&#8221; tab_id=&#8221;1651591693-2-90&#8243;][vc_empty_space empty_h=&#8221;2&#8243;][vc_empty_space empty_h=&#8221;1&#8243;][uncode_index el_id=&#8221;index-959738&#8243; index_type=&#8221;titles&#8221; loop=&#8221;size:All|order_by:date|post_type:post|by_id:884,860,864,882|taxonomy_count:All|taxonomy_show_empty:yes&#8221; gutter_size=&#8221;0&#8243; drop_image_position=&#8221;hide&#8221; drop_image_time=&#8221;0&#8243; single_title_semantic=&#8221;h6&#8243; single_title_family=&#8221;font-131852&#8243; single_title_dimension=&#8221;fontsize-207156&#8243; single_title_height=&#8221;fontheight-990954&#8243; custom_order=&#8221;yes&#8221; uncode_shortcode_id=&#8221;165999&#8243; order_ids=&#8221;884,860,864,882&#8243; back_size=&#8221;0&#8243; el_class=&#8221;teamlist&#8221;][vc_empty_space empty_h=&#8221;2&#8243;][\/vc_accordion_tab][vc_accordion_tab gutter_size=&#8221;2&#8243; column_padding=&#8221;2&#8243; title=&#8221;Publications&#8221; tab_id=&#8221;1653457323375-2-5&#8243;][uncode_list uncode_shortcode_id=&#8221;147189&#8243;]<\/p>\n<ul>\n<li><a href=\"https:\/\/www.burckhardtlaw.com\/wp-content\/uploads\/2023\/04\/Swiss-administrative-assistance-in-tax-matters-increasingly-affecting-companies.pdf\" target=\"_blank\" rel=\"noopener\">Swiss administrative assistance in tax matters increasingly affecting companies<\/a><\/li>\n<li><a href=\"https:\/\/burckhardtlaw.com\/wp-content\/uploads\/2022\/06\/Applying-Swiss-interest-rates-to-advances-or-loans-in-2022.pdf\">Applying Swiss interest rates to advances or loans in 2022<\/a><\/li>\n<li><a href=\"https:\/\/burckhardtlaw.com\/wp-content\/uploads\/2022\/05\/Zuercher-Wirtschaft-3.2016-Lohn-oder-Dividende.pdf\">Lohn oder Dividende<\/a><\/li>\n<li><a href=\"https:\/\/burckhardtlaw.com\/wp-content\/uploads\/2022\/05\/DRSK-Bussen-mit-Strafcharakter-stellen-keinen-geschaeftsmaessig-begruendeten-Aufwand-dar.pdf\">Bussen mit Strafcharakter stellen keinen gesch\u00e4ftsm\u00e4ssig begr\u00fcndeten Aufwand bei juristischen Personen dar<\/a><\/li>\n<li><a href=\"https:\/\/burckhardtlaw.com\/wp-content\/uploads\/2022\/05\/DRSK-Steuerpflicht-einer-liechtensteinischen-Gesellschaft-aufgrund-tatsaechlicher-Verwaltung.pdf\">Steuerpflicht einer liechtensteinischen Gesellschaft aufgrund tats\u00e4chlicher Verwaltung<\/a><\/li>\n<li><a href=\"https:\/\/burckhardtlaw.com\/wp-content\/uploads\/2022\/05\/Insights-Volume-4-Number-2-Swiss-Corporate-Tax-Reform-Postponed.pdf\">Swiss Corporate Tax Reform Postponed<\/a><\/li>\n<li><a href=\"https:\/\/burckhardtlaw.com\/wp-content\/uploads\/2022\/05\/Insights-Volume-4-Number-6-New-Proposal-for-Swiss-Corporate-Tax-Reform.pdf\">New Proposal for Swiss Corporate Tax Reform<\/a><\/li>\n<li><a href=\"https:\/\/burckhardtlaw.com\/wp-content\/uploads\/2022\/05\/WEKA-Mehrwertsteuer-Newsletter-06-Steuerpflicht-von-internationalen-Holdinggesellschaften.pdf\">Steuerpflicht von internationalen Holdinggesellschaften<\/a><\/li>\n<li><a href=\"https:\/\/burckhardtlaw.com\/wp-content\/uploads\/2022\/05\/Jusletter_die-straflose-selbstanzeige.pdf\">Die straflose Selbstanzeige von nat\u00fcrlichen Personen<\/a><\/li>\n<li><a href=\"https:\/\/burckhardtlaw.com\/wp-content\/uploads\/2022\/06\/Vernehmlassung-burckhardt-AG-zur-Einfuhrung-des-Trust-DEF-1013299.pdf\">Vernehmlassung zur Einf\u00fchrung des Trusts<\/a><\/li>\n<li><a href=\"&quot;https:\/\/www.burckhardtlaw.com\/wp-content\/uploads\/2023\/06\/Unternehmensnachfolge-wie-geht-das.pdf\">Unternehmensnachfolge \u2013 wie geht das?<\/a><\/li>\n<li><a href=\"https:\/\/www.burckhardtlaw.com\/wp-content\/uploads\/2024\/12\/Steuerbefreiung-von-gemeinnuetzigen-Institutionen-PVB-BTH-ROW.pdf\">Steuerbefreiung von<br \/>\ngemeinn\u00fctzigen Institutionen<\/a><\/li>\n<\/ul>\n<p>[\/uncode_list][\/vc_accordion_tab][\/vc_accordion][\/vc_column][vc_column width=&#8221;1\/2&#8243;][vc_column_text uncode_shortcode_id=&#8221;182117&#8243;]Peter provides advice to SMEs and private clients in the fields of tax law (national and international tax planning and compliance, ruling requests, tax returns, litigation etc.), corporate law (incorporations, start-ups, reorganisations etc.) and estate planning, including trusts and foundations, as well as inheritance law (last wills, health care proxy etc.).<\/p>\n<p>Through his role as co-publisher of www.taxlawblog.ch, Peter is up-to-date on the latest developments and can provide his clients with practice-oriented advice. He is also a member of the Zurich and Swiss Bar Associations, the International Fiscal Association (IFA) and ExpertSuisse, and is active as an author and speaker.<\/p>\n<p>After completing his commercial education, Peter studied business law at the Zurich University of Applied Sciences (ZHAW) and completed his master\u2019s degree in law at the University of Lucerne in 2012. He completed internships at a major auditing firm, a renowned business law firm and a civil court and was admitted to the bar in 2014. From 2015 to 2021, he worked for medium-sized business law firms in Zurich and received his qualification as a Swiss certified tax expert in 2018.[\/vc_column_text][\/vc_column][\/vc_row]<\/p>\n<\/div>","protected":false},"excerpt":{"rendered":"<p>[vc_row row_height_percent=&#8221;80&#8243; override_padding=&#8221;yes&#8221; h_padding=&#8221;2&#8243; top_padding=&#8221;1&#8243; bottom_padding=&#8221;1&#8243; back_image=&#8221;165&#8243; overlay_alpha=&#8221;50&#8243; gutter_size=&#8221;3&#8243; column_width_percent=&#8221;100&#8243; shift_y=&#8221;0&#8243; z_index=&#8221;0&#8243; uncode_shortcode_id=&#8221;309672&#8243; row_height_pixel=&#8221;300&#8243;][vc_column column_width_percent=&#8221;100&#8243; position_horizontal=&#8221;left&#8221; position_vertical=&#8221;bottom&#8221; gutter_size=&#8221;3&#8243; overlay_alpha=&#8221;50&#8243; shift_x=&#8221;0&#8243; [&hellip;]<\/p>\n","protected":false},"author":25,"featured_media":2931,"parent":3426,"menu_order":490,"comment_status":"closed","ping_status":"closed","template":"","meta":{"_acf_changed":false,"footnotes":""},"class_list":["post-3904","page","type-page","status-publish","has-post-thumbnail","hentry","page_category-taxes","page_category-inheritance-law","page_category-non-profit-organizations","page_category-start-ups-en"],"acf":[],"yoast_head":"<!-- This site is optimized with the Yoast SEO plugin v27.4 - https:\/\/yoast.com\/product\/yoast-seo-wordpress\/ -->\n<title>Peter von Burg &#8226; burckhardt AG<\/title>\n<meta name=\"robots\" content=\"index, follow, max-snippet:-1, max-image-preview:large, max-video-preview:-1\" \/>\n<link rel=\"canonical\" href=\"https:\/\/www.burckhardtlaw.com\/en\/team\/peter-von-burg\/\" \/>\n<meta property=\"og:locale\" content=\"en_US\" \/>\n<meta property=\"og:type\" content=\"article\" \/>\n<meta property=\"og:title\" content=\"Peter von Burg &#8226; burckhardt AG\" \/>\n<meta property=\"og:description\" content=\"[vc_row row_height_percent=&#8221;80&#8243; override_padding=&#8221;yes&#8221; h_padding=&#8221;2&#8243; top_padding=&#8221;1&#8243; bottom_padding=&#8221;1&#8243; back_image=&#8221;165&#8243; overlay_alpha=&#8221;50&#8243; gutter_size=&#8221;3&#8243; column_width_percent=&#8221;100&#8243; shift_y=&#8221;0&#8243; z_index=&#8221;0&#8243; uncode_shortcode_id=&#8221;309672&#8243; row_height_pixel=&#8221;300&#8243;][vc_column column_width_percent=&#8221;100&#8243; position_horizontal=&#8221;left&#8221; position_vertical=&#8221;bottom&#8221; gutter_size=&#8221;3&#8243; overlay_alpha=&#8221;50&#8243; shift_x=&#8221;0&#8243; [&hellip;]\" \/>\n<meta property=\"og:url\" content=\"https:\/\/www.burckhardtlaw.com\/en\/team\/peter-von-burg\/\" \/>\n<meta property=\"og:site_name\" content=\"burckhardt AG\" \/>\n<meta property=\"article:modified_time\" content=\"2024-12-19T09:00:05+00:00\" \/>\n<meta property=\"og:image\" content=\"https:\/\/www.burckhardtlaw.com\/wp-content\/uploads\/2022\/04\/Peter-von-Burg-scaled.jpeg\" \/>\n\t<meta property=\"og:image:width\" content=\"2560\" \/>\n\t<meta property=\"og:image:height\" content=\"1707\" \/>\n\t<meta property=\"og:image:type\" content=\"image\/jpeg\" \/>\n<meta name=\"twitter:card\" content=\"summary_large_image\" \/>\n<meta name=\"twitter:label1\" content=\"Est. reading time\" \/>\n\t<meta name=\"twitter:data1\" content=\"3 minutes\" \/>\n<script type=\"application\/ld+json\" class=\"yoast-schema-graph\">{\"@context\":\"https:\\\/\\\/schema.org\",\"@graph\":[{\"@type\":\"WebPage\",\"@id\":\"https:\\\/\\\/www.burckhardtlaw.com\\\/en\\\/team\\\/peter-von-burg\\\/\",\"url\":\"https:\\\/\\\/www.burckhardtlaw.com\\\/en\\\/team\\\/peter-von-burg\\\/\",\"name\":\"Peter von Burg &#8226; burckhardt AG\",\"isPartOf\":{\"@id\":\"https:\\\/\\\/burckhardtlaw.com\\\/#website\"},\"primaryImageOfPage\":{\"@id\":\"https:\\\/\\\/www.burckhardtlaw.com\\\/en\\\/team\\\/peter-von-burg\\\/#primaryimage\"},\"image\":{\"@id\":\"https:\\\/\\\/www.burckhardtlaw.com\\\/en\\\/team\\\/peter-von-burg\\\/#primaryimage\"},\"thumbnailUrl\":\"https:\\\/\\\/www.burckhardtlaw.com\\\/wp-content\\\/uploads\\\/2022\\\/04\\\/Peter-von-Burg-scaled.jpeg\",\"datePublished\":\"2022-05-04T09:41:07+00:00\",\"dateModified\":\"2024-12-19T09:00:05+00:00\",\"breadcrumb\":{\"@id\":\"https:\\\/\\\/www.burckhardtlaw.com\\\/en\\\/team\\\/peter-von-burg\\\/#breadcrumb\"},\"inLanguage\":\"en-US\",\"potentialAction\":[{\"@type\":\"ReadAction\",\"target\":[\"https:\\\/\\\/www.burckhardtlaw.com\\\/en\\\/team\\\/peter-von-burg\\\/\"]}]},{\"@type\":\"ImageObject\",\"inLanguage\":\"en-US\",\"@id\":\"https:\\\/\\\/www.burckhardtlaw.com\\\/en\\\/team\\\/peter-von-burg\\\/#primaryimage\",\"url\":\"https:\\\/\\\/www.burckhardtlaw.com\\\/wp-content\\\/uploads\\\/2022\\\/04\\\/Peter-von-Burg-scaled.jpeg\",\"contentUrl\":\"https:\\\/\\\/www.burckhardtlaw.com\\\/wp-content\\\/uploads\\\/2022\\\/04\\\/Peter-von-Burg-scaled.jpeg\",\"width\":2560,\"height\":1707},{\"@type\":\"BreadcrumbList\",\"@id\":\"https:\\\/\\\/www.burckhardtlaw.com\\\/en\\\/team\\\/peter-von-burg\\\/#breadcrumb\",\"itemListElement\":[{\"@type\":\"ListItem\",\"position\":1,\"name\":\"Startseite\",\"item\":\"https:\\\/\\\/www.burckhardtlaw.com\\\/en\\\/\"},{\"@type\":\"ListItem\",\"position\":2,\"name\":\"2.0 Team\",\"item\":\"https:\\\/\\\/www.burckhardtlaw.com\\\/en\\\/team\\\/\"},{\"@type\":\"ListItem\",\"position\":3,\"name\":\"Peter von Burg\"}]},{\"@type\":\"WebSite\",\"@id\":\"https:\\\/\\\/burckhardtlaw.com\\\/#website\",\"url\":\"https:\\\/\\\/burckhardtlaw.com\\\/\",\"name\":\"burckhardt AG\",\"description\":\"Notare. Anw\u00e4lte. Steuerexperten.\",\"publisher\":{\"@id\":\"https:\\\/\\\/burckhardtlaw.com\\\/#organization\"},\"potentialAction\":[{\"@type\":\"SearchAction\",\"target\":{\"@type\":\"EntryPoint\",\"urlTemplate\":\"https:\\\/\\\/burckhardtlaw.com\\\/?s={search_term_string}\"},\"query-input\":{\"@type\":\"PropertyValueSpecification\",\"valueRequired\":true,\"valueName\":\"search_term_string\"}}],\"inLanguage\":\"en-US\"},{\"@type\":\"Organization\",\"@id\":\"https:\\\/\\\/burckhardtlaw.com\\\/#organization\",\"name\":\"burckhardt AG\",\"url\":\"https:\\\/\\\/burckhardtlaw.com\\\/\",\"logo\":{\"@type\":\"ImageObject\",\"inLanguage\":\"en-US\",\"@id\":\"https:\\\/\\\/burckhardtlaw.com\\\/#\\\/schema\\\/logo\\\/image\\\/\",\"url\":\"https:\\\/\\\/www.burckhardtlaw.com\\\/wp-content\\\/uploads\\\/2022\\\/05\\\/burckhardt-Logo_blue_rgb-no-padding.png\",\"contentUrl\":\"https:\\\/\\\/www.burckhardtlaw.com\\\/wp-content\\\/uploads\\\/2022\\\/05\\\/burckhardt-Logo_blue_rgb-no-padding.png\",\"width\":800,\"height\":185,\"caption\":\"burckhardt AG\"},\"image\":{\"@id\":\"https:\\\/\\\/burckhardtlaw.com\\\/#\\\/schema\\\/logo\\\/image\\\/\"}}]}<\/script>\n<!-- \/ Yoast SEO plugin. -->","yoast_head_json":{"title":"Peter von Burg &#8226; burckhardt AG","robots":{"index":"index","follow":"follow","max-snippet":"max-snippet:-1","max-image-preview":"max-image-preview:large","max-video-preview":"max-video-preview:-1"},"canonical":"https:\/\/www.burckhardtlaw.com\/en\/team\/peter-von-burg\/","og_locale":"en_US","og_type":"article","og_title":"Peter von Burg &#8226; burckhardt AG","og_description":"[vc_row row_height_percent=&#8221;80&#8243; override_padding=&#8221;yes&#8221; h_padding=&#8221;2&#8243; top_padding=&#8221;1&#8243; bottom_padding=&#8221;1&#8243; back_image=&#8221;165&#8243; overlay_alpha=&#8221;50&#8243; gutter_size=&#8221;3&#8243; column_width_percent=&#8221;100&#8243; shift_y=&#8221;0&#8243; z_index=&#8221;0&#8243; uncode_shortcode_id=&#8221;309672&#8243; row_height_pixel=&#8221;300&#8243;][vc_column column_width_percent=&#8221;100&#8243; position_horizontal=&#8221;left&#8221; position_vertical=&#8221;bottom&#8221; gutter_size=&#8221;3&#8243; overlay_alpha=&#8221;50&#8243; shift_x=&#8221;0&#8243; [&hellip;]","og_url":"https:\/\/www.burckhardtlaw.com\/en\/team\/peter-von-burg\/","og_site_name":"burckhardt AG","article_modified_time":"2024-12-19T09:00:05+00:00","og_image":[{"width":2560,"height":1707,"url":"https:\/\/www.burckhardtlaw.com\/wp-content\/uploads\/2022\/04\/Peter-von-Burg-scaled.jpeg","type":"image\/jpeg"}],"twitter_card":"summary_large_image","twitter_misc":{"Est. reading time":"3 minutes"},"schema":{"@context":"https:\/\/schema.org","@graph":[{"@type":"WebPage","@id":"https:\/\/www.burckhardtlaw.com\/en\/team\/peter-von-burg\/","url":"https:\/\/www.burckhardtlaw.com\/en\/team\/peter-von-burg\/","name":"Peter von Burg &#8226; burckhardt AG","isPartOf":{"@id":"https:\/\/burckhardtlaw.com\/#website"},"primaryImageOfPage":{"@id":"https:\/\/www.burckhardtlaw.com\/en\/team\/peter-von-burg\/#primaryimage"},"image":{"@id":"https:\/\/www.burckhardtlaw.com\/en\/team\/peter-von-burg\/#primaryimage"},"thumbnailUrl":"https:\/\/www.burckhardtlaw.com\/wp-content\/uploads\/2022\/04\/Peter-von-Burg-scaled.jpeg","datePublished":"2022-05-04T09:41:07+00:00","dateModified":"2024-12-19T09:00:05+00:00","breadcrumb":{"@id":"https:\/\/www.burckhardtlaw.com\/en\/team\/peter-von-burg\/#breadcrumb"},"inLanguage":"en-US","potentialAction":[{"@type":"ReadAction","target":["https:\/\/www.burckhardtlaw.com\/en\/team\/peter-von-burg\/"]}]},{"@type":"ImageObject","inLanguage":"en-US","@id":"https:\/\/www.burckhardtlaw.com\/en\/team\/peter-von-burg\/#primaryimage","url":"https:\/\/www.burckhardtlaw.com\/wp-content\/uploads\/2022\/04\/Peter-von-Burg-scaled.jpeg","contentUrl":"https:\/\/www.burckhardtlaw.com\/wp-content\/uploads\/2022\/04\/Peter-von-Burg-scaled.jpeg","width":2560,"height":1707},{"@type":"BreadcrumbList","@id":"https:\/\/www.burckhardtlaw.com\/en\/team\/peter-von-burg\/#breadcrumb","itemListElement":[{"@type":"ListItem","position":1,"name":"Startseite","item":"https:\/\/www.burckhardtlaw.com\/en\/"},{"@type":"ListItem","position":2,"name":"2.0 Team","item":"https:\/\/www.burckhardtlaw.com\/en\/team\/"},{"@type":"ListItem","position":3,"name":"Peter von Burg"}]},{"@type":"WebSite","@id":"https:\/\/burckhardtlaw.com\/#website","url":"https:\/\/burckhardtlaw.com\/","name":"burckhardt AG","description":"Notare. Anw\u00e4lte. Steuerexperten.","publisher":{"@id":"https:\/\/burckhardtlaw.com\/#organization"},"potentialAction":[{"@type":"SearchAction","target":{"@type":"EntryPoint","urlTemplate":"https:\/\/burckhardtlaw.com\/?s={search_term_string}"},"query-input":{"@type":"PropertyValueSpecification","valueRequired":true,"valueName":"search_term_string"}}],"inLanguage":"en-US"},{"@type":"Organization","@id":"https:\/\/burckhardtlaw.com\/#organization","name":"burckhardt AG","url":"https:\/\/burckhardtlaw.com\/","logo":{"@type":"ImageObject","inLanguage":"en-US","@id":"https:\/\/burckhardtlaw.com\/#\/schema\/logo\/image\/","url":"https:\/\/www.burckhardtlaw.com\/wp-content\/uploads\/2022\/05\/burckhardt-Logo_blue_rgb-no-padding.png","contentUrl":"https:\/\/www.burckhardtlaw.com\/wp-content\/uploads\/2022\/05\/burckhardt-Logo_blue_rgb-no-padding.png","width":800,"height":185,"caption":"burckhardt AG"},"image":{"@id":"https:\/\/burckhardtlaw.com\/#\/schema\/logo\/image\/"}}]}},"_links":{"self":[{"href":"https:\/\/www.burckhardtlaw.com\/en\/wp-json\/wp\/v2\/pages\/3904","targetHints":{"allow":["GET"]}}],"collection":[{"href":"https:\/\/www.burckhardtlaw.com\/en\/wp-json\/wp\/v2\/pages"}],"about":[{"href":"https:\/\/www.burckhardtlaw.com\/en\/wp-json\/wp\/v2\/types\/page"}],"author":[{"embeddable":true,"href":"https:\/\/www.burckhardtlaw.com\/en\/wp-json\/wp\/v2\/users\/25"}],"replies":[{"embeddable":true,"href":"https:\/\/www.burckhardtlaw.com\/en\/wp-json\/wp\/v2\/comments?post=3904"}],"version-history":[{"count":0,"href":"https:\/\/www.burckhardtlaw.com\/en\/wp-json\/wp\/v2\/pages\/3904\/revisions"}],"up":[{"embeddable":true,"href":"https:\/\/www.burckhardtlaw.com\/en\/wp-json\/wp\/v2\/pages\/3426"}],"wp:featuredmedia":[{"embeddable":true,"href":"https:\/\/www.burckhardtlaw.com\/en\/wp-json\/wp\/v2\/media\/2931"}],"wp:attachment":[{"href":"https:\/\/www.burckhardtlaw.com\/en\/wp-json\/wp\/v2\/media?parent=3904"}],"curies":[{"name":"wp","href":"https:\/\/api.w.org\/{rel}","templated":true}]}}