{"id":3827,"date":"2022-05-04T11:33:59","date_gmt":"2022-05-04T09:33:59","guid":{"rendered":"https:\/\/burckhardtlaw.com\/?page_id=3827"},"modified":"2026-01-15T09:44:42","modified_gmt":"2026-01-15T08:44:42","slug":"stephane-konkoly","status":"publish","type":"page","link":"https:\/\/www.burckhardtlaw.com\/en\/team\/stephane-konkoly\/","title":{"rendered":"St\u00e9phane Konkoly"},"content":{"rendered":"<div class=\"wpb-content-wrapper\"><p>[vc_row row_height_percent=&#8221;80&#8243; override_padding=&#8221;yes&#8221; h_padding=&#8221;2&#8243; top_padding=&#8221;1&#8243; bottom_padding=&#8221;1&#8243; back_image=&#8221;119&#8243; overlay_alpha=&#8221;50&#8243; gutter_size=&#8221;3&#8243; column_width_percent=&#8221;100&#8243; shift_y=&#8221;0&#8243; z_index=&#8221;0&#8243; uncode_shortcode_id=&#8221;156548&#8243; row_height_pixel=&#8221;300&#8243;][vc_column column_width_percent=&#8221;100&#8243; position_horizontal=&#8221;left&#8221; position_vertical=&#8221;bottom&#8221; gutter_size=&#8221;3&#8243; overlay_alpha=&#8221;50&#8243; shift_x=&#8221;0&#8243; shift_y=&#8221;0&#8243; shift_y_down=&#8221;0&#8243; z_index=&#8221;0&#8243; medium_width=&#8221;0&#8243; mobile_width=&#8221;0&#8243; width=&#8221;1\/1&#8243; uncode_shortcode_id=&#8221;280602&#8243;][\/vc_column][\/vc_row][vc_row][vc_column column_width_percent=&#8221;100&#8243; gutter_size=&#8221;1&#8243; overlay_alpha=&#8221;50&#8243; shift_x=&#8221;0&#8243; shift_y=&#8221;0&#8243; shift_y_down=&#8221;0&#8243; z_index=&#8221;0&#8243; medium_width=&#8221;0&#8243; mobile_width=&#8221;0&#8243; width=&#8221;1\/3&#8243; uncode_shortcode_id=&#8221;113605&#8243;][vc_custom_heading heading_semantic=&#8221;h1&#8243; text_size=&#8221;h1&#8243; sub_reduced=&#8221;yes&#8221; uncode_shortcode_id=&#8221;187760&#8243;]St\u00e9phane Konkoly[\/vc_custom_heading][vc_column_text uncode_shortcode_id=&#8221;208741&#8243;]lic. iur., LL.M., MLP-HSG, Attorney[\/vc_column_text][\/vc_column][vc_column column_width_percent=&#8221;100&#8243; position_horizontal=&#8221;right&#8221; align_horizontal=&#8221;align_right&#8221; gutter_size=&#8221;1&#8243; overlay_alpha=&#8221;50&#8243; shift_x=&#8221;0&#8243; shift_y=&#8221;0&#8243; shift_y_down=&#8221;0&#8243; z_index=&#8221;0&#8243; medium_width=&#8221;0&#8243; mobile_width=&#8221;0&#8243; width=&#8221;2\/3&#8243; uncode_shortcode_id=&#8221;260943&#8243;][uncode_list icon=&#8221;fa fa-map-pin&#8221; icon_color=&#8221;color-135397&#8243; uncode_shortcode_id=&#8221;158816&#8243; icon_color_type=&#8221;uncode-palette&#8221;]<\/p>\n<ul>\n<li><a class=\"regular\" href=\"https:\/\/www.google.com\/maps\/place\/burckhardt+AG\/@47.5514752,7.5889642,15z\/data=!4m5!3m4!1s0x0:0x85b5da8c96b40062!8m2!3d47.5514752!4d7.5889642\">Steinentorstrasse 23, P.O. Box 258, CH-4010 Basel<\/a><\/li>\n<\/ul>\n<p>[\/uncode_list][uncode_list icon=&#8221;fa fa-phone-handset&#8221; icon_color=&#8221;color-135397&#8243; uncode_shortcode_id=&#8221;137268&#8243; icon_color_type=&#8221;uncode-palette&#8221;]<\/p>\n<ul>\n<li>+41 58 881 00 55<\/li>\n<\/ul>\n<p>[\/uncode_list][uncode_list icon=&#8221;fa fa-envelope3&#8243; icon_color=&#8221;color-135397&#8243; uncode_shortcode_id=&#8221;154422&#8243; icon_color_type=&#8221;uncode-palette&#8221;]<\/p>\n<ul>\n<li><a class=\"regular\" href=\"mailto:konkoly@burckhardtlaw.com\">konkoly@burckhardtlaw.com<\/a><\/li>\n<\/ul>\n<p>[\/uncode_list][\/vc_column][\/vc_row][vc_row row_height_percent=&#8221;0&#8243; overlay_alpha=&#8221;50&#8243; gutter_size=&#8221;4&#8243; column_width_percent=&#8221;100&#8243; shift_y=&#8221;0&#8243; z_index=&#8221;0&#8243; uncode_shortcode_id=&#8221;161157&#8243;][vc_column column_width_percent=&#8221;94&#8243; position_horizontal=&#8221;left&#8221; gutter_size=&#8221;2&#8243; overlay_alpha=&#8221;50&#8243; shift_x=&#8221;0&#8243; shift_y=&#8221;0&#8243; shift_y_down=&#8221;0&#8243; z_index=&#8221;0&#8243; medium_width=&#8221;0&#8243; mobile_width=&#8221;0&#8243; width=&#8221;1\/2&#8243; uncode_shortcode_id=&#8221;575887&#8243;][vc_button button_color=&#8221;color-137653&#8243; size=&#8221;btn-sm&#8221; wide=&#8221;yes&#8221; hover_fx=&#8221;full-colored&#8221; border_width=&#8221;0&#8243; icon=&#8221;fa fa-download5&#8243; uncode_shortcode_id=&#8221;960558&#8243; button_color_type=&#8221;uncode-palette&#8221; link=&#8221;url:https%3A%2F%2Fwww.burckhardtlaw.com%2Fwp-content%2Fuploads%2F2023%2F04%2FStephane-Konkoly-E.pdf|target:_blank&#8221;]download CV[\/vc_button][vc_button button_color=&#8221;color-137653&#8243; size=&#8221;btn-sm&#8221; wide=&#8221;yes&#8221; border_width=&#8221;0&#8243; icon=&#8221;fa fa-download5&#8243; uncode_shortcode_id=&#8221;856998&#8243; button_color_type=&#8221;uncode-palette&#8221; link=&#8221;url:https%3A%2F%2Fwww.burckhardtlaw.com%2Fwp-content%2Fuploads%2F2023%2F04%2FStephane-Konkoly-e.vcf&#8221;]download contact (vCard)[\/vc_button][vc_accordion sign=&#8221;plus&#8221; active_tab=&#8221;0&#8243;][vc_accordion_tab gutter_size=&#8221;2&#8243; column_padding=&#8221;2&#8243; title=&#8221;Languages&#8221; tab_id=&#8221;1651591693-1-52&#8243;][uncode_list uncode_shortcode_id=&#8221;160994&#8243;]<\/p>\n<ul>\n<li>German<\/li>\n<li>English<\/li>\n<li>French<\/li>\n<\/ul>\n<p>[\/uncode_list][\/vc_accordion_tab][vc_accordion_tab gutter_size=&#8221;2&#8243; column_padding=&#8221;2&#8243; title=&#8221;Expertise &amp; industries&#8221; tab_id=&#8221;1651591693-2-90&#8243;][vc_empty_space empty_h=&#8221;2&#8243;][vc_empty_space empty_h=&#8221;1&#8243;][uncode_index el_id=&#8221;index-959738&#8243; index_type=&#8221;titles&#8221; loop=&#8221;size:All|order_by:date|post_type:post|by_id:862,866,876,882,886|taxonomy_count:All|taxonomy_show_empty:yes&#8221; gutter_size=&#8221;0&#8243; drop_image_position=&#8221;hide&#8221; drop_image_time=&#8221;0&#8243; single_title_semantic=&#8221;h6&#8243; single_title_family=&#8221;font-131852&#8243; single_title_dimension=&#8221;fontsize-207156&#8243; single_title_height=&#8221;fontheight-990954&#8243; custom_order=&#8221;yes&#8221; uncode_shortcode_id=&#8221;141222&#8243; order_ids=&#8221;862,866,876,882,886&#8243; back_size=&#8221;0&#8243; el_class=&#8221;teamlist&#8221;][vc_empty_space empty_h=&#8221;2&#8243;][\/vc_accordion_tab][vc_accordion_tab gutter_size=&#8221;2&#8243; column_padding=&#8221;2&#8243; title=&#8221;Publications&#8221; tab_id=&#8221;1651662551096-2-2&#8243;][uncode_list uncode_shortcode_id=&#8221;130887&#8243;]<\/p>\n<ul>\n<li style=\"list-style-type: none;\">\n<ul>\n<li><a href=\"https:\/\/burckhardtlaw.com\/wp-content\/uploads\/2022\/05\/ROW_022.pdf\">Intragroup arrangements &#8211; Swiss subsidiaries to face stricter limitations<\/a><\/li>\n<li><a href=\"https:\/\/burckhardtlaw.com\/wp-content\/uploads\/2022\/05\/SKO_005.pdf\">New Transparency Requirements for Swiss Companies<\/a><\/li>\n<li><a href=\"https:\/\/burckhardtlaw.com\/wp-content\/uploads\/2022\/05\/JMA_001.pdf\">La notification des cessions de cr\u00e9ances \u00e0 titre de s\u00fbret\u00e9 dans les transactions de financement, R\u00e9flexions critiques sur la cession conditionnelle<\/a><\/li>\n<li>Z\u00fcrcher Kommentar zu Art. 59-63 Fusionsgesetz<\/li>\n<li>Les formes d&#8217;implantation<\/li>\n<li><a href=\"https:\/\/www.burckhardtlaw.com\/wp-content\/uploads\/2024\/01\/Revision-of-stock-corporation-law.pdf\">Revision of stock corporation law<\/a><\/li>\n<li><a href=\"https:\/\/www.burckhardtlaw.com\/wp-content\/uploads\/2026\/01\/Federal-Act-on-the-Transparency-of-Legal-Entities-New-Obligations-and-Impact-for-Companies-in-Switzerland-and-Abroad.pdf\">Federal Act on the Transparency of Legal Entities: New Obligations and Impact for Companies in Switzerland and Abroad<\/a><\/li>\n<\/ul>\n<\/li>\n<\/ul>\n<p>[\/uncode_list][\/vc_accordion_tab][\/vc_accordion][\/vc_column][vc_column width=&#8221;1\/2&#8243;][vc_column_text uncode_shortcode_id=&#8221;140162&#8243;]St\u00e9phane\u2019s areas of expertise are contract law and corporate law with a specific focus on national and cross-border M&amp;A transactions and structured finance. He possesses in-depth knowledge in the field of asset finance, in particular the financing of movable equipment through leasing.<\/p>\n<p>St\u00e9phane\u2018s long-standing expertise in these areas stems from his work in an international commercial law firm since 1999, where he was a partner and co-headed the banking &amp; finance group and led the French Desk. As a specialist he advises companies and finance institutions in Switzerland and abroad, often regarding complex cross-border transactions. He is very familiar with the relationships between France and Switzerland and regularly collaborates with legal counsels in French-speaking countries.<\/p>\n<p>St\u00e9phane studied law at the University of Neuch\u00e2tel (lic. iur. 1993) and at the New York University School of Law (LL.M. 1998). He was admitted to the bar five years later. He obtained a degree (DAS) in business administration at the Executive School of Management of the University of St. Gallen in 2013 (Management for the Legal Profession \/ MLP-HSG).[\/vc_column_text][\/vc_column][\/vc_row]<\/p>\n<\/div>","protected":false},"excerpt":{"rendered":"<p>[vc_row row_height_percent=&#8221;80&#8243; override_padding=&#8221;yes&#8221; h_padding=&#8221;2&#8243; top_padding=&#8221;1&#8243; bottom_padding=&#8221;1&#8243; back_image=&#8221;119&#8243; overlay_alpha=&#8221;50&#8243; gutter_size=&#8221;3&#8243; column_width_percent=&#8221;100&#8243; shift_y=&#8221;0&#8243; z_index=&#8221;0&#8243; uncode_shortcode_id=&#8221;156548&#8243; row_height_pixel=&#8221;300&#8243;][vc_column column_width_percent=&#8221;100&#8243; position_horizontal=&#8221;left&#8221; position_vertical=&#8221;bottom&#8221; gutter_size=&#8221;3&#8243; overlay_alpha=&#8221;50&#8243; shift_x=&#8221;0&#8243; [&hellip;]<\/p>\n","protected":false},"author":25,"featured_media":2917,"parent":3426,"menu_order":360,"comment_status":"closed","ping_status":"closed","template":"","meta":{"_acf_changed":false,"footnotes":""},"class_list":["post-3827","page","type-page","status-publish","has-post-thumbnail","hentry","page_category-financing-and-leasing","page_category-corporate-law","page_category-ma-mergers-and-acquisitions-en","page_category-start-ups-en","page_category-contract-law","page_category-setting-up-a-business"],"acf":[],"yoast_head":"<!-- This site is optimized with the Yoast SEO plugin v27.4 - https:\/\/yoast.com\/product\/yoast-seo-wordpress\/ -->\n<title>St\u00e9phane Konkoly &#8226; burckhardt AG<\/title>\n<meta name=\"robots\" content=\"index, follow, max-snippet:-1, max-image-preview:large, max-video-preview:-1\" \/>\n<link rel=\"canonical\" href=\"https:\/\/www.burckhardtlaw.com\/en\/team\/stephane-konkoly\/\" \/>\n<meta property=\"og:locale\" content=\"en_US\" \/>\n<meta property=\"og:type\" content=\"article\" \/>\n<meta property=\"og:title\" content=\"St\u00e9phane Konkoly &#8226; burckhardt AG\" \/>\n<meta property=\"og:description\" content=\"[vc_row row_height_percent=&#8221;80&#8243; override_padding=&#8221;yes&#8221; h_padding=&#8221;2&#8243; top_padding=&#8221;1&#8243; bottom_padding=&#8221;1&#8243; back_image=&#8221;119&#8243; overlay_alpha=&#8221;50&#8243; gutter_size=&#8221;3&#8243; column_width_percent=&#8221;100&#8243; shift_y=&#8221;0&#8243; z_index=&#8221;0&#8243; uncode_shortcode_id=&#8221;156548&#8243; row_height_pixel=&#8221;300&#8243;][vc_column column_width_percent=&#8221;100&#8243; position_horizontal=&#8221;left&#8221; position_vertical=&#8221;bottom&#8221; gutter_size=&#8221;3&#8243; overlay_alpha=&#8221;50&#8243; shift_x=&#8221;0&#8243; [&hellip;]\" \/>\n<meta property=\"og:url\" content=\"https:\/\/www.burckhardtlaw.com\/en\/team\/stephane-konkoly\/\" \/>\n<meta property=\"og:site_name\" content=\"burckhardt AG\" \/>\n<meta property=\"article:modified_time\" content=\"2026-01-15T08:44:42+00:00\" \/>\n<meta property=\"og:image\" content=\"https:\/\/www.burckhardtlaw.com\/wp-content\/uploads\/2022\/04\/Stephane-Konkoly.jpg\" \/>\n\t<meta property=\"og:image:width\" content=\"2000\" \/>\n\t<meta property=\"og:image:height\" content=\"1334\" \/>\n\t<meta property=\"og:image:type\" content=\"image\/jpeg\" \/>\n<meta name=\"twitter:card\" content=\"summary_large_image\" \/>\n<meta name=\"twitter:label1\" content=\"Est. reading time\" \/>\n\t<meta name=\"twitter:data1\" content=\"3 minutes\" \/>\n<script type=\"application\/ld+json\" class=\"yoast-schema-graph\">{\"@context\":\"https:\\\/\\\/schema.org\",\"@graph\":[{\"@type\":\"WebPage\",\"@id\":\"https:\\\/\\\/www.burckhardtlaw.com\\\/en\\\/team\\\/stephane-konkoly\\\/\",\"url\":\"https:\\\/\\\/www.burckhardtlaw.com\\\/en\\\/team\\\/stephane-konkoly\\\/\",\"name\":\"St\u00e9phane Konkoly &#8226; burckhardt AG\",\"isPartOf\":{\"@id\":\"https:\\\/\\\/burckhardtlaw.com\\\/#website\"},\"primaryImageOfPage\":{\"@id\":\"https:\\\/\\\/www.burckhardtlaw.com\\\/en\\\/team\\\/stephane-konkoly\\\/#primaryimage\"},\"image\":{\"@id\":\"https:\\\/\\\/www.burckhardtlaw.com\\\/en\\\/team\\\/stephane-konkoly\\\/#primaryimage\"},\"thumbnailUrl\":\"https:\\\/\\\/www.burckhardtlaw.com\\\/wp-content\\\/uploads\\\/2022\\\/04\\\/Stephane-Konkoly.jpg\",\"datePublished\":\"2022-05-04T09:33:59+00:00\",\"dateModified\":\"2026-01-15T08:44:42+00:00\",\"breadcrumb\":{\"@id\":\"https:\\\/\\\/www.burckhardtlaw.com\\\/en\\\/team\\\/stephane-konkoly\\\/#breadcrumb\"},\"inLanguage\":\"en-US\",\"potentialAction\":[{\"@type\":\"ReadAction\",\"target\":[\"https:\\\/\\\/www.burckhardtlaw.com\\\/en\\\/team\\\/stephane-konkoly\\\/\"]}]},{\"@type\":\"ImageObject\",\"inLanguage\":\"en-US\",\"@id\":\"https:\\\/\\\/www.burckhardtlaw.com\\\/en\\\/team\\\/stephane-konkoly\\\/#primaryimage\",\"url\":\"https:\\\/\\\/www.burckhardtlaw.com\\\/wp-content\\\/uploads\\\/2022\\\/04\\\/Stephane-Konkoly.jpg\",\"contentUrl\":\"https:\\\/\\\/www.burckhardtlaw.com\\\/wp-content\\\/uploads\\\/2022\\\/04\\\/Stephane-Konkoly.jpg\",\"width\":2000,\"height\":1334},{\"@type\":\"BreadcrumbList\",\"@id\":\"https:\\\/\\\/www.burckhardtlaw.com\\\/en\\\/team\\\/stephane-konkoly\\\/#breadcrumb\",\"itemListElement\":[{\"@type\":\"ListItem\",\"position\":1,\"name\":\"Startseite\",\"item\":\"https:\\\/\\\/www.burckhardtlaw.com\\\/en\\\/\"},{\"@type\":\"ListItem\",\"position\":2,\"name\":\"2.0 Team\",\"item\":\"https:\\\/\\\/www.burckhardtlaw.com\\\/en\\\/team\\\/\"},{\"@type\":\"ListItem\",\"position\":3,\"name\":\"St\u00e9phane Konkoly\"}]},{\"@type\":\"WebSite\",\"@id\":\"https:\\\/\\\/burckhardtlaw.com\\\/#website\",\"url\":\"https:\\\/\\\/burckhardtlaw.com\\\/\",\"name\":\"burckhardt AG\",\"description\":\"Notare. Anw\u00e4lte. Steuerexperten.\",\"publisher\":{\"@id\":\"https:\\\/\\\/burckhardtlaw.com\\\/#organization\"},\"potentialAction\":[{\"@type\":\"SearchAction\",\"target\":{\"@type\":\"EntryPoint\",\"urlTemplate\":\"https:\\\/\\\/burckhardtlaw.com\\\/?s={search_term_string}\"},\"query-input\":{\"@type\":\"PropertyValueSpecification\",\"valueRequired\":true,\"valueName\":\"search_term_string\"}}],\"inLanguage\":\"en-US\"},{\"@type\":\"Organization\",\"@id\":\"https:\\\/\\\/burckhardtlaw.com\\\/#organization\",\"name\":\"burckhardt AG\",\"url\":\"https:\\\/\\\/burckhardtlaw.com\\\/\",\"logo\":{\"@type\":\"ImageObject\",\"inLanguage\":\"en-US\",\"@id\":\"https:\\\/\\\/burckhardtlaw.com\\\/#\\\/schema\\\/logo\\\/image\\\/\",\"url\":\"https:\\\/\\\/www.burckhardtlaw.com\\\/wp-content\\\/uploads\\\/2022\\\/05\\\/burckhardt-Logo_blue_rgb-no-padding.png\",\"contentUrl\":\"https:\\\/\\\/www.burckhardtlaw.com\\\/wp-content\\\/uploads\\\/2022\\\/05\\\/burckhardt-Logo_blue_rgb-no-padding.png\",\"width\":800,\"height\":185,\"caption\":\"burckhardt AG\"},\"image\":{\"@id\":\"https:\\\/\\\/burckhardtlaw.com\\\/#\\\/schema\\\/logo\\\/image\\\/\"}}]}<\/script>\n<!-- \/ Yoast SEO plugin. -->","yoast_head_json":{"title":"St\u00e9phane Konkoly &#8226; burckhardt AG","robots":{"index":"index","follow":"follow","max-snippet":"max-snippet:-1","max-image-preview":"max-image-preview:large","max-video-preview":"max-video-preview:-1"},"canonical":"https:\/\/www.burckhardtlaw.com\/en\/team\/stephane-konkoly\/","og_locale":"en_US","og_type":"article","og_title":"St\u00e9phane Konkoly &#8226; burckhardt AG","og_description":"[vc_row row_height_percent=&#8221;80&#8243; override_padding=&#8221;yes&#8221; h_padding=&#8221;2&#8243; top_padding=&#8221;1&#8243; bottom_padding=&#8221;1&#8243; back_image=&#8221;119&#8243; overlay_alpha=&#8221;50&#8243; gutter_size=&#8221;3&#8243; column_width_percent=&#8221;100&#8243; shift_y=&#8221;0&#8243; z_index=&#8221;0&#8243; uncode_shortcode_id=&#8221;156548&#8243; row_height_pixel=&#8221;300&#8243;][vc_column column_width_percent=&#8221;100&#8243; position_horizontal=&#8221;left&#8221; position_vertical=&#8221;bottom&#8221; gutter_size=&#8221;3&#8243; overlay_alpha=&#8221;50&#8243; shift_x=&#8221;0&#8243; [&hellip;]","og_url":"https:\/\/www.burckhardtlaw.com\/en\/team\/stephane-konkoly\/","og_site_name":"burckhardt AG","article_modified_time":"2026-01-15T08:44:42+00:00","og_image":[{"width":2000,"height":1334,"url":"https:\/\/www.burckhardtlaw.com\/wp-content\/uploads\/2022\/04\/Stephane-Konkoly.jpg","type":"image\/jpeg"}],"twitter_card":"summary_large_image","twitter_misc":{"Est. reading time":"3 minutes"},"schema":{"@context":"https:\/\/schema.org","@graph":[{"@type":"WebPage","@id":"https:\/\/www.burckhardtlaw.com\/en\/team\/stephane-konkoly\/","url":"https:\/\/www.burckhardtlaw.com\/en\/team\/stephane-konkoly\/","name":"St\u00e9phane Konkoly &#8226; burckhardt AG","isPartOf":{"@id":"https:\/\/burckhardtlaw.com\/#website"},"primaryImageOfPage":{"@id":"https:\/\/www.burckhardtlaw.com\/en\/team\/stephane-konkoly\/#primaryimage"},"image":{"@id":"https:\/\/www.burckhardtlaw.com\/en\/team\/stephane-konkoly\/#primaryimage"},"thumbnailUrl":"https:\/\/www.burckhardtlaw.com\/wp-content\/uploads\/2022\/04\/Stephane-Konkoly.jpg","datePublished":"2022-05-04T09:33:59+00:00","dateModified":"2026-01-15T08:44:42+00:00","breadcrumb":{"@id":"https:\/\/www.burckhardtlaw.com\/en\/team\/stephane-konkoly\/#breadcrumb"},"inLanguage":"en-US","potentialAction":[{"@type":"ReadAction","target":["https:\/\/www.burckhardtlaw.com\/en\/team\/stephane-konkoly\/"]}]},{"@type":"ImageObject","inLanguage":"en-US","@id":"https:\/\/www.burckhardtlaw.com\/en\/team\/stephane-konkoly\/#primaryimage","url":"https:\/\/www.burckhardtlaw.com\/wp-content\/uploads\/2022\/04\/Stephane-Konkoly.jpg","contentUrl":"https:\/\/www.burckhardtlaw.com\/wp-content\/uploads\/2022\/04\/Stephane-Konkoly.jpg","width":2000,"height":1334},{"@type":"BreadcrumbList","@id":"https:\/\/www.burckhardtlaw.com\/en\/team\/stephane-konkoly\/#breadcrumb","itemListElement":[{"@type":"ListItem","position":1,"name":"Startseite","item":"https:\/\/www.burckhardtlaw.com\/en\/"},{"@type":"ListItem","position":2,"name":"2.0 Team","item":"https:\/\/www.burckhardtlaw.com\/en\/team\/"},{"@type":"ListItem","position":3,"name":"St\u00e9phane Konkoly"}]},{"@type":"WebSite","@id":"https:\/\/burckhardtlaw.com\/#website","url":"https:\/\/burckhardtlaw.com\/","name":"burckhardt AG","description":"Notare. Anw\u00e4lte. Steuerexperten.","publisher":{"@id":"https:\/\/burckhardtlaw.com\/#organization"},"potentialAction":[{"@type":"SearchAction","target":{"@type":"EntryPoint","urlTemplate":"https:\/\/burckhardtlaw.com\/?s={search_term_string}"},"query-input":{"@type":"PropertyValueSpecification","valueRequired":true,"valueName":"search_term_string"}}],"inLanguage":"en-US"},{"@type":"Organization","@id":"https:\/\/burckhardtlaw.com\/#organization","name":"burckhardt AG","url":"https:\/\/burckhardtlaw.com\/","logo":{"@type":"ImageObject","inLanguage":"en-US","@id":"https:\/\/burckhardtlaw.com\/#\/schema\/logo\/image\/","url":"https:\/\/www.burckhardtlaw.com\/wp-content\/uploads\/2022\/05\/burckhardt-Logo_blue_rgb-no-padding.png","contentUrl":"https:\/\/www.burckhardtlaw.com\/wp-content\/uploads\/2022\/05\/burckhardt-Logo_blue_rgb-no-padding.png","width":800,"height":185,"caption":"burckhardt AG"},"image":{"@id":"https:\/\/burckhardtlaw.com\/#\/schema\/logo\/image\/"}}]}},"_links":{"self":[{"href":"https:\/\/www.burckhardtlaw.com\/en\/wp-json\/wp\/v2\/pages\/3827","targetHints":{"allow":["GET"]}}],"collection":[{"href":"https:\/\/www.burckhardtlaw.com\/en\/wp-json\/wp\/v2\/pages"}],"about":[{"href":"https:\/\/www.burckhardtlaw.com\/en\/wp-json\/wp\/v2\/types\/page"}],"author":[{"embeddable":true,"href":"https:\/\/www.burckhardtlaw.com\/en\/wp-json\/wp\/v2\/users\/25"}],"replies":[{"embeddable":true,"href":"https:\/\/www.burckhardtlaw.com\/en\/wp-json\/wp\/v2\/comments?post=3827"}],"version-history":[{"count":0,"href":"https:\/\/www.burckhardtlaw.com\/en\/wp-json\/wp\/v2\/pages\/3827\/revisions"}],"up":[{"embeddable":true,"href":"https:\/\/www.burckhardtlaw.com\/en\/wp-json\/wp\/v2\/pages\/3426"}],"wp:featuredmedia":[{"embeddable":true,"href":"https:\/\/www.burckhardtlaw.com\/en\/wp-json\/wp\/v2\/media\/2917"}],"wp:attachment":[{"href":"https:\/\/www.burckhardtlaw.com\/en\/wp-json\/wp\/v2\/media?parent=3827"}],"curies":[{"name":"wp","href":"https:\/\/api.w.org\/{rel}","templated":true}]}}