{"id":10463,"date":"2025-04-29T16:03:02","date_gmt":"2025-04-29T14:03:02","guid":{"rendered":"https:\/\/www.burckhardtlaw.com\/?page_id=10463"},"modified":"2025-10-10T11:06:09","modified_gmt":"2025-10-10T09:06:09","slug":"raphael-fellay","status":"publish","type":"page","link":"https:\/\/www.burckhardtlaw.com\/en\/team\/raphael-fellay\/","title":{"rendered":"Rapha\u00ebl Fellay"},"content":{"rendered":"<div class=\"wpb-content-wrapper\"><p>[vc_row row_height_percent=&#8221;80&#8243; override_padding=&#8221;yes&#8221; h_padding=&#8221;2&#8243; top_padding=&#8221;1&#8243; bottom_padding=&#8221;1&#8243; back_image=&#8221;10422&#8243; overlay_alpha=&#8221;50&#8243; gutter_size=&#8221;3&#8243; column_width_percent=&#8221;100&#8243; shift_y=&#8221;0&#8243; z_index=&#8221;0&#8243; content_parallax=&#8221;0&#8243; uncode_shortcode_id=&#8221;511622&#8243; row_height_pixel=&#8221;300&#8243;][vc_column column_width_percent=&#8221;100&#8243; position_horizontal=&#8221;left&#8221; position_vertical=&#8221;bottom&#8221; gutter_size=&#8221;3&#8243; overlay_alpha=&#8221;50&#8243; shift_x=&#8221;0&#8243; shift_y=&#8221;0&#8243; shift_y_down=&#8221;0&#8243; z_index=&#8221;0&#8243; medium_width=&#8221;0&#8243; mobile_width=&#8221;0&#8243; width=&#8221;1\/1&#8243; uncode_shortcode_id=&#8221;110742&#8243;][\/vc_column][\/vc_row][vc_row][vc_column column_width_percent=&#8221;100&#8243; gutter_size=&#8221;1&#8243; overlay_alpha=&#8221;50&#8243; shift_x=&#8221;0&#8243; shift_y=&#8221;0&#8243; shift_y_down=&#8221;0&#8243; z_index=&#8221;0&#8243; medium_width=&#8221;0&#8243; mobile_width=&#8221;0&#8243; width=&#8221;1\/3&#8243; uncode_shortcode_id=&#8221;113605&#8243;][vc_custom_heading heading_semantic=&#8221;h1&#8243; text_size=&#8221;h1&#8243; sub_reduced=&#8221;yes&#8221; uncode_shortcode_id=&#8221;208170&#8243;]Rapha\u00ebl Fellay[\/vc_custom_heading][vc_column_text uncode_shortcode_id=&#8221;181218&#8243;]MLaw, Attorney[\/vc_column_text][\/vc_column][vc_column column_width_percent=&#8221;100&#8243; position_horizontal=&#8221;right&#8221; align_horizontal=&#8221;align_right&#8221; gutter_size=&#8221;1&#8243; overlay_alpha=&#8221;50&#8243; shift_x=&#8221;0&#8243; shift_y=&#8221;0&#8243; shift_y_down=&#8221;0&#8243; z_index=&#8221;0&#8243; medium_width=&#8221;0&#8243; mobile_width=&#8221;0&#8243; width=&#8221;2\/3&#8243; uncode_shortcode_id=&#8221;260943&#8243;][uncode_list icon=&#8221;fa fa-map-pin&#8221; icon_color=&#8221;color-135397&#8243; uncode_shortcode_id=&#8221;185820&#8243; icon_color_type=&#8221;uncode-palette&#8221;]<\/p>\n<ul>\n<li><a class=\"regular\" href=\"https:\/\/www.google.com\/maps\/dir\/\/burckhardt+AG+Usteristrasse+12+8021+Z%C3%BCrich\/@47.3759801,8.5366369,16z\/data=!4m8!4m7!1m0!1m5!1m1!1s0x47900a05e43bfe85:0xe1ca090af15a86c3!2m2!1d8.5366017!2d47.3759158?entry=ttu&amp;g_ep=EgoyMDI1MDQyMy4wIKXMDSoASAFQAw%3D%3D\">Usteristrasse 12, P.O Box 1172, CH-8021 Z\u00fcrich<\/a><\/li>\n<\/ul>\n<p>[\/uncode_list][uncode_list icon=&#8221;fa fa-phone-handset&#8221; icon_color=&#8221;color-135397&#8243; uncode_shortcode_id=&#8221;164165&#8243; icon_color_type=&#8221;uncode-palette&#8221;]<\/p>\n<ul>\n<li>+41 58 881 02 25<\/li>\n<\/ul>\n<p>[\/uncode_list][uncode_list icon=&#8221;fa fa-envelope3&#8243; icon_color=&#8221;color-135397&#8243; uncode_shortcode_id=&#8221;144710&#8243; icon_color_type=&#8221;uncode-palette&#8221;]<\/p>\n<ul>\n<li><a class=\"regular\" href=\"mailto:fellay@burckhardtlaw.com\">fellay@burckhardtlaw.com<\/a><\/li>\n<\/ul>\n<p>[\/uncode_list][\/vc_column][\/vc_row][vc_row row_height_percent=&#8221;0&#8243; overlay_alpha=&#8221;50&#8243; gutter_size=&#8221;4&#8243; column_width_percent=&#8221;100&#8243; shift_y=&#8221;0&#8243; z_index=&#8221;0&#8243; uncode_shortcode_id=&#8221;161157&#8243;][vc_column column_width_percent=&#8221;94&#8243; position_horizontal=&#8221;left&#8221; gutter_size=&#8221;2&#8243; overlay_alpha=&#8221;50&#8243; shift_x=&#8221;0&#8243; shift_y=&#8221;0&#8243; shift_y_down=&#8221;0&#8243; z_index=&#8221;0&#8243; medium_width=&#8221;0&#8243; mobile_width=&#8221;0&#8243; width=&#8221;1\/2&#8243; uncode_shortcode_id=&#8221;575887&#8243;][vc_button button_color=&#8221;color-137653&#8243; size=&#8221;btn-sm&#8221; wide=&#8221;yes&#8221; hover_fx=&#8221;full-colored&#8221; border_width=&#8221;0&#8243; icon=&#8221;fa fa-download5&#8243; uncode_shortcode_id=&#8221;117920&#8243; button_color_type=&#8221;uncode-palette&#8221; link=&#8221;url:https%3A%2F%2Fwww.burckhardtlaw.com%2Fwp-content%2Fuploads%2F2025%2F04%2FRaphael-Fellay-E.pdf|target:_blank&#8221;]Profil herunterladen[\/vc_button][vc_button button_color=&#8221;color-137653&#8243; size=&#8221;btn-sm&#8221; wide=&#8221;yes&#8221; border_width=&#8221;0&#8243; icon=&#8221;fa fa-download5&#8243; uncode_shortcode_id=&#8221;992003&#8243; button_color_type=&#8221;uncode-palette&#8221; link=&#8221;url:https%3A%2F%2Fwww.burckhardtlaw.com%2Fwp-content%2Fuploads%2F2025%2F04%2FRaphael-Fellay-E.vcf&#8221;]Kontakt (vCard) herunterladen[\/vc_button][vc_accordion sign=&#8221;plus&#8221; active_tab=&#8221;0&#8243;][vc_accordion_tab gutter_size=&#8221;2&#8243; column_padding=&#8221;2&#8243; title=&#8221;Languages&#8221; tab_id=&#8221;1651591693-1-52844b-0205&#8243;][uncode_list uncode_shortcode_id=&#8221;116089&#8243;]<\/p>\n<ul>\n<li>German<\/li>\n<li>English<\/li>\n<li>French<\/li>\n<li>Italian<\/li>\n<\/ul>\n<p>[\/uncode_list][\/vc_accordion_tab][vc_accordion_tab gutter_size=&#8221;0&#8243; column_padding=&#8221;0&#8243; title=&#8221;Expertises&#8221; tab_id=&#8221;1651591693-2-90844b-0205&#8243;][vc_empty_space empty_h=&#8221;2&#8243;][vc_empty_space empty_h=&#8221;1&#8243;][uncode_index el_id=&#8221;index-959738&#8243; index_type=&#8221;titles&#8221; loop=&#8221;size:All|order_by:date|post_type:post|by_id:-886,884,-882,-880,-878,876,-874,-872,-870,-868,866,-864,-862,-860,-389,-376|taxonomy_count:All|taxonomy_show_empty:yes&#8221; gutter_size=&#8221;0&#8243; drop_image_position=&#8221;hide&#8221; drop_image_time=&#8221;0&#8243; single_title_semantic=&#8221;h6&#8243; single_title_family=&#8221;font-131852&#8243; single_title_dimension=&#8221;fontsize-207156&#8243; single_title_height=&#8221;fontheight-990954&#8243; custom_order=&#8221;yes&#8221; uncode_shortcode_id=&#8221;715085&#8243; order_ids=&#8221;3667,3673,866,876,884,882&#8243; back_size=&#8221;0&#8243; el_class=&#8221;teamlist&#8221;][vc_empty_space empty_h=&#8221;2&#8243;][\/vc_accordion_tab][vc_accordion_tab gutter_size=&#8221;2&#8243; column_padding=&#8221;2&#8243; title=&#8221;Publications&#8221; tab_id=&#8221;1651662551096-2-2844b-0205&#8243;][uncode_list uncode_shortcode_id=&#8221;176399&#8243;]<\/p>\n<ul>\n<li>La pratique des anciennes r\u00e9serves de l\u2019AFC, RDAF 2020 II, 481<\/li>\n<li>Restructurations \/ Fusions \/ Acquisitions: \u00e9volution r\u00e9cente et cas pratiques<\/li>\n<li>Remboursement de l\u2019imp\u00f4t anticip\u00e9: pratique des anciennes r\u00e9serves, liquidation rempla\u00e7ante et transposition internationale \u00e9tendue<\/li>\n<li>Imposta preventiva: casi scelti<\/li>\n<li>Prassi delle vecchie riserve, trasposizione internazionale (estesa) e liquidazione sostitutiva, Novit\u00e0 fiscali 07\/2023, 404<\/li>\n<\/ul>\n<p>[\/uncode_list][\/vc_accordion_tab][\/vc_accordion][\/vc_column][vc_column width=&#8221;1\/2&#8243;][vc_empty_space empty_h=&#8221;2&#8243; desktop_visibility=&#8221;yes&#8221; medium_visibility=&#8221;yes&#8221;][vc_column_text uncode_shortcode_id=&#8221;968618&#8243;]Rapha\u00ebl Fellay advises on national and international tax law<br \/>\nwith a focus on corporate tax law.<\/p>\n<p>Rapha\u00ebl completed his legal studies at the Universities of<br \/>\nGeneva (BLaw 2013) and St. Gallen (MLaw 2015). He was<br \/>\nadmitted to the bar of the Canton of Zurich in 2017.<\/p>\n<p>Before joining Burckhardt Ltd in 2024, he worked for several<br \/>\nyears in the tax team of a Zurich business law firm. He also<br \/>\nheld positions at IFF-HSG (chair of Prof. Dr. R. Waldburger)<br \/>\nand at the Federal Supreme Court (Third Public Law Division).<\/p>\n<p>Alongside his legal career, Rapha\u00ebl is pursuing a career as an orchestra conductor.[\/vc_column_text][\/vc_column][\/vc_row]<\/p>\n<\/div>","protected":false},"excerpt":{"rendered":"<p>[vc_row row_height_percent=&#8221;80&#8243; override_padding=&#8221;yes&#8221; h_padding=&#8221;2&#8243; top_padding=&#8221;1&#8243; bottom_padding=&#8221;1&#8243; back_image=&#8221;10422&#8243; overlay_alpha=&#8221;50&#8243; gutter_size=&#8221;3&#8243; column_width_percent=&#8221;100&#8243; shift_y=&#8221;0&#8243; z_index=&#8221;0&#8243; content_parallax=&#8221;0&#8243; uncode_shortcode_id=&#8221;511622&#8243; row_height_pixel=&#8221;300&#8243;][vc_column column_width_percent=&#8221;100&#8243; position_horizontal=&#8221;left&#8221; position_vertical=&#8221;bottom&#8221; gutter_size=&#8221;3&#8243; overlay_alpha=&#8221;50&#8243; [&hellip;]<\/p>\n","protected":false},"author":26,"featured_media":10423,"parent":3426,"menu_order":0,"comment_status":"closed","ping_status":"closed","template":"","meta":{"_acf_changed":false,"footnotes":""},"class_list":["post-10463","page","type-page","status-publish","has-post-thumbnail","hentry","page_category-corporate-law","page_category-ma-mergers-and-acquisitions-en","page_category-taxes","page_category-setting-up-a-business"],"acf":[],"yoast_head":"<!-- This site is optimized with the Yoast SEO plugin v27.3 - https:\/\/yoast.com\/product\/yoast-seo-wordpress\/ -->\n<title>Rapha\u00ebl Fellay &#8226; burckhardt AG<\/title>\n<meta name=\"robots\" content=\"index, follow, max-snippet:-1, max-image-preview:large, max-video-preview:-1\" \/>\n<link rel=\"canonical\" href=\"https:\/\/www.burckhardtlaw.com\/en\/team\/raphael-fellay\/\" \/>\n<meta property=\"og:locale\" content=\"en_US\" \/>\n<meta property=\"og:type\" content=\"article\" \/>\n<meta property=\"og:title\" content=\"Rapha\u00ebl Fellay &#8226; burckhardt AG\" \/>\n<meta property=\"og:description\" content=\"[vc_row row_height_percent=&#8221;80&#8243; override_padding=&#8221;yes&#8221; h_padding=&#8221;2&#8243; top_padding=&#8221;1&#8243; bottom_padding=&#8221;1&#8243; back_image=&#8221;10422&#8243; overlay_alpha=&#8221;50&#8243; gutter_size=&#8221;3&#8243; column_width_percent=&#8221;100&#8243; shift_y=&#8221;0&#8243; z_index=&#8221;0&#8243; content_parallax=&#8221;0&#8243; uncode_shortcode_id=&#8221;511622&#8243; row_height_pixel=&#8221;300&#8243;][vc_column column_width_percent=&#8221;100&#8243; position_horizontal=&#8221;left&#8221; position_vertical=&#8221;bottom&#8221; gutter_size=&#8221;3&#8243; overlay_alpha=&#8221;50&#8243; [&hellip;]\" \/>\n<meta property=\"og:url\" content=\"https:\/\/www.burckhardtlaw.com\/en\/team\/raphael-fellay\/\" \/>\n<meta property=\"og:site_name\" content=\"burckhardt AG\" \/>\n<meta property=\"article:modified_time\" content=\"2025-10-10T09:06:09+00:00\" \/>\n<meta property=\"og:image\" content=\"https:\/\/www.burckhardtlaw.com\/wp-content\/uploads\/2025\/04\/Raphael-Fellay-scaled.jpeg\" \/>\n\t<meta property=\"og:image:width\" content=\"2560\" \/>\n\t<meta property=\"og:image:height\" content=\"1755\" \/>\n\t<meta property=\"og:image:type\" content=\"image\/jpeg\" \/>\n<meta name=\"twitter:card\" content=\"summary_large_image\" \/>\n<meta name=\"twitter:label1\" content=\"Est. reading time\" \/>\n\t<meta name=\"twitter:data1\" content=\"3 minutes\" \/>\n<script type=\"application\/ld+json\" class=\"yoast-schema-graph\">{\"@context\":\"https:\\\/\\\/schema.org\",\"@graph\":[{\"@type\":\"WebPage\",\"@id\":\"https:\\\/\\\/www.burckhardtlaw.com\\\/en\\\/team\\\/raphael-fellay\\\/\",\"url\":\"https:\\\/\\\/www.burckhardtlaw.com\\\/en\\\/team\\\/raphael-fellay\\\/\",\"name\":\"Rapha\u00ebl Fellay &#8226; burckhardt AG\",\"isPartOf\":{\"@id\":\"https:\\\/\\\/burckhardtlaw.com\\\/#website\"},\"primaryImageOfPage\":{\"@id\":\"https:\\\/\\\/www.burckhardtlaw.com\\\/en\\\/team\\\/raphael-fellay\\\/#primaryimage\"},\"image\":{\"@id\":\"https:\\\/\\\/www.burckhardtlaw.com\\\/en\\\/team\\\/raphael-fellay\\\/#primaryimage\"},\"thumbnailUrl\":\"https:\\\/\\\/www.burckhardtlaw.com\\\/wp-content\\\/uploads\\\/2025\\\/04\\\/Raphael-Fellay-scaled.jpeg\",\"datePublished\":\"2025-04-29T14:03:02+00:00\",\"dateModified\":\"2025-10-10T09:06:09+00:00\",\"breadcrumb\":{\"@id\":\"https:\\\/\\\/www.burckhardtlaw.com\\\/en\\\/team\\\/raphael-fellay\\\/#breadcrumb\"},\"inLanguage\":\"en-US\",\"potentialAction\":[{\"@type\":\"ReadAction\",\"target\":[\"https:\\\/\\\/www.burckhardtlaw.com\\\/en\\\/team\\\/raphael-fellay\\\/\"]}]},{\"@type\":\"ImageObject\",\"inLanguage\":\"en-US\",\"@id\":\"https:\\\/\\\/www.burckhardtlaw.com\\\/en\\\/team\\\/raphael-fellay\\\/#primaryimage\",\"url\":\"https:\\\/\\\/www.burckhardtlaw.com\\\/wp-content\\\/uploads\\\/2025\\\/04\\\/Raphael-Fellay-scaled.jpeg\",\"contentUrl\":\"https:\\\/\\\/www.burckhardtlaw.com\\\/wp-content\\\/uploads\\\/2025\\\/04\\\/Raphael-Fellay-scaled.jpeg\",\"width\":2560,\"height\":1755},{\"@type\":\"BreadcrumbList\",\"@id\":\"https:\\\/\\\/www.burckhardtlaw.com\\\/en\\\/team\\\/raphael-fellay\\\/#breadcrumb\",\"itemListElement\":[{\"@type\":\"ListItem\",\"position\":1,\"name\":\"Startseite\",\"item\":\"https:\\\/\\\/www.burckhardtlaw.com\\\/en\\\/\"},{\"@type\":\"ListItem\",\"position\":2,\"name\":\"2.0 Team\",\"item\":\"https:\\\/\\\/www.burckhardtlaw.com\\\/en\\\/team\\\/\"},{\"@type\":\"ListItem\",\"position\":3,\"name\":\"Rapha\u00ebl Fellay\"}]},{\"@type\":\"WebSite\",\"@id\":\"https:\\\/\\\/burckhardtlaw.com\\\/#website\",\"url\":\"https:\\\/\\\/burckhardtlaw.com\\\/\",\"name\":\"burckhardt AG\",\"description\":\"Notare. Anw\u00e4lte. Steuerexperten.\",\"publisher\":{\"@id\":\"https:\\\/\\\/burckhardtlaw.com\\\/#organization\"},\"potentialAction\":[{\"@type\":\"SearchAction\",\"target\":{\"@type\":\"EntryPoint\",\"urlTemplate\":\"https:\\\/\\\/burckhardtlaw.com\\\/?s={search_term_string}\"},\"query-input\":{\"@type\":\"PropertyValueSpecification\",\"valueRequired\":true,\"valueName\":\"search_term_string\"}}],\"inLanguage\":\"en-US\"},{\"@type\":\"Organization\",\"@id\":\"https:\\\/\\\/burckhardtlaw.com\\\/#organization\",\"name\":\"burckhardt AG\",\"url\":\"https:\\\/\\\/burckhardtlaw.com\\\/\",\"logo\":{\"@type\":\"ImageObject\",\"inLanguage\":\"en-US\",\"@id\":\"https:\\\/\\\/burckhardtlaw.com\\\/#\\\/schema\\\/logo\\\/image\\\/\",\"url\":\"https:\\\/\\\/www.burckhardtlaw.com\\\/wp-content\\\/uploads\\\/2022\\\/05\\\/burckhardt-Logo_blue_rgb-no-padding.png\",\"contentUrl\":\"https:\\\/\\\/www.burckhardtlaw.com\\\/wp-content\\\/uploads\\\/2022\\\/05\\\/burckhardt-Logo_blue_rgb-no-padding.png\",\"width\":800,\"height\":185,\"caption\":\"burckhardt AG\"},\"image\":{\"@id\":\"https:\\\/\\\/burckhardtlaw.com\\\/#\\\/schema\\\/logo\\\/image\\\/\"}}]}<\/script>\n<!-- \/ Yoast SEO plugin. -->","yoast_head_json":{"title":"Rapha\u00ebl Fellay &#8226; burckhardt AG","robots":{"index":"index","follow":"follow","max-snippet":"max-snippet:-1","max-image-preview":"max-image-preview:large","max-video-preview":"max-video-preview:-1"},"canonical":"https:\/\/www.burckhardtlaw.com\/en\/team\/raphael-fellay\/","og_locale":"en_US","og_type":"article","og_title":"Rapha\u00ebl Fellay &#8226; burckhardt AG","og_description":"[vc_row row_height_percent=&#8221;80&#8243; override_padding=&#8221;yes&#8221; h_padding=&#8221;2&#8243; top_padding=&#8221;1&#8243; bottom_padding=&#8221;1&#8243; back_image=&#8221;10422&#8243; overlay_alpha=&#8221;50&#8243; gutter_size=&#8221;3&#8243; column_width_percent=&#8221;100&#8243; shift_y=&#8221;0&#8243; z_index=&#8221;0&#8243; content_parallax=&#8221;0&#8243; uncode_shortcode_id=&#8221;511622&#8243; row_height_pixel=&#8221;300&#8243;][vc_column column_width_percent=&#8221;100&#8243; position_horizontal=&#8221;left&#8221; position_vertical=&#8221;bottom&#8221; gutter_size=&#8221;3&#8243; overlay_alpha=&#8221;50&#8243; [&hellip;]","og_url":"https:\/\/www.burckhardtlaw.com\/en\/team\/raphael-fellay\/","og_site_name":"burckhardt AG","article_modified_time":"2025-10-10T09:06:09+00:00","og_image":[{"width":2560,"height":1755,"url":"https:\/\/www.burckhardtlaw.com\/wp-content\/uploads\/2025\/04\/Raphael-Fellay-scaled.jpeg","type":"image\/jpeg"}],"twitter_card":"summary_large_image","twitter_misc":{"Est. reading time":"3 minutes"},"schema":{"@context":"https:\/\/schema.org","@graph":[{"@type":"WebPage","@id":"https:\/\/www.burckhardtlaw.com\/en\/team\/raphael-fellay\/","url":"https:\/\/www.burckhardtlaw.com\/en\/team\/raphael-fellay\/","name":"Rapha\u00ebl Fellay &#8226; burckhardt AG","isPartOf":{"@id":"https:\/\/burckhardtlaw.com\/#website"},"primaryImageOfPage":{"@id":"https:\/\/www.burckhardtlaw.com\/en\/team\/raphael-fellay\/#primaryimage"},"image":{"@id":"https:\/\/www.burckhardtlaw.com\/en\/team\/raphael-fellay\/#primaryimage"},"thumbnailUrl":"https:\/\/www.burckhardtlaw.com\/wp-content\/uploads\/2025\/04\/Raphael-Fellay-scaled.jpeg","datePublished":"2025-04-29T14:03:02+00:00","dateModified":"2025-10-10T09:06:09+00:00","breadcrumb":{"@id":"https:\/\/www.burckhardtlaw.com\/en\/team\/raphael-fellay\/#breadcrumb"},"inLanguage":"en-US","potentialAction":[{"@type":"ReadAction","target":["https:\/\/www.burckhardtlaw.com\/en\/team\/raphael-fellay\/"]}]},{"@type":"ImageObject","inLanguage":"en-US","@id":"https:\/\/www.burckhardtlaw.com\/en\/team\/raphael-fellay\/#primaryimage","url":"https:\/\/www.burckhardtlaw.com\/wp-content\/uploads\/2025\/04\/Raphael-Fellay-scaled.jpeg","contentUrl":"https:\/\/www.burckhardtlaw.com\/wp-content\/uploads\/2025\/04\/Raphael-Fellay-scaled.jpeg","width":2560,"height":1755},{"@type":"BreadcrumbList","@id":"https:\/\/www.burckhardtlaw.com\/en\/team\/raphael-fellay\/#breadcrumb","itemListElement":[{"@type":"ListItem","position":1,"name":"Startseite","item":"https:\/\/www.burckhardtlaw.com\/en\/"},{"@type":"ListItem","position":2,"name":"2.0 Team","item":"https:\/\/www.burckhardtlaw.com\/en\/team\/"},{"@type":"ListItem","position":3,"name":"Rapha\u00ebl Fellay"}]},{"@type":"WebSite","@id":"https:\/\/burckhardtlaw.com\/#website","url":"https:\/\/burckhardtlaw.com\/","name":"burckhardt AG","description":"Notare. Anw\u00e4lte. Steuerexperten.","publisher":{"@id":"https:\/\/burckhardtlaw.com\/#organization"},"potentialAction":[{"@type":"SearchAction","target":{"@type":"EntryPoint","urlTemplate":"https:\/\/burckhardtlaw.com\/?s={search_term_string}"},"query-input":{"@type":"PropertyValueSpecification","valueRequired":true,"valueName":"search_term_string"}}],"inLanguage":"en-US"},{"@type":"Organization","@id":"https:\/\/burckhardtlaw.com\/#organization","name":"burckhardt AG","url":"https:\/\/burckhardtlaw.com\/","logo":{"@type":"ImageObject","inLanguage":"en-US","@id":"https:\/\/burckhardtlaw.com\/#\/schema\/logo\/image\/","url":"https:\/\/www.burckhardtlaw.com\/wp-content\/uploads\/2022\/05\/burckhardt-Logo_blue_rgb-no-padding.png","contentUrl":"https:\/\/www.burckhardtlaw.com\/wp-content\/uploads\/2022\/05\/burckhardt-Logo_blue_rgb-no-padding.png","width":800,"height":185,"caption":"burckhardt AG"},"image":{"@id":"https:\/\/burckhardtlaw.com\/#\/schema\/logo\/image\/"}}]}},"_links":{"self":[{"href":"https:\/\/www.burckhardtlaw.com\/en\/wp-json\/wp\/v2\/pages\/10463","targetHints":{"allow":["GET"]}}],"collection":[{"href":"https:\/\/www.burckhardtlaw.com\/en\/wp-json\/wp\/v2\/pages"}],"about":[{"href":"https:\/\/www.burckhardtlaw.com\/en\/wp-json\/wp\/v2\/types\/page"}],"author":[{"embeddable":true,"href":"https:\/\/www.burckhardtlaw.com\/en\/wp-json\/wp\/v2\/users\/26"}],"replies":[{"embeddable":true,"href":"https:\/\/www.burckhardtlaw.com\/en\/wp-json\/wp\/v2\/comments?post=10463"}],"version-history":[{"count":0,"href":"https:\/\/www.burckhardtlaw.com\/en\/wp-json\/wp\/v2\/pages\/10463\/revisions"}],"up":[{"embeddable":true,"href":"https:\/\/www.burckhardtlaw.com\/en\/wp-json\/wp\/v2\/pages\/3426"}],"wp:featuredmedia":[{"embeddable":true,"href":"https:\/\/www.burckhardtlaw.com\/en\/wp-json\/wp\/v2\/media\/10423"}],"wp:attachment":[{"href":"https:\/\/www.burckhardtlaw.com\/en\/wp-json\/wp\/v2\/media?parent=10463"}],"curies":[{"name":"wp","href":"https:\/\/api.w.org\/{rel}","templated":true}]}}